{"id":2963,"date":"2022-12-15T13:01:32","date_gmt":"2022-12-15T13:01:32","guid":{"rendered":"https:\/\/www.husyca.com\/politica-de-cookies\/"},"modified":"2025-03-22T21:07:35","modified_gmt":"2025-03-22T21:07:35","slug":"politica-de-cookies","status":"publish","type":"page","link":"https:\/\/www.husyca.com\/pt-pt\/politica-de-cookies\/","title":{"rendered":"Pol\u00edtica de Cookies"},"content":{"rendered":"\t\t<div data-elementor-type=\"wp-page\" data-elementor-id=\"2963\" class=\"elementor elementor-2963 elementor-607\" data-elementor-post-type=\"page\">\n\t\t\t\t\t\t<section class=\"elementor-section elementor-top-section elementor-element elementor-element-306bc66b elementor-section-boxed elementor-section-height-default elementor-section-height-default\" data-id=\"306bc66b\" data-element_type=\"section\">\n\t\t\t\t\t\t<div class=\"elementor-container elementor-column-gap-default\">\n\t\t\t\t\t<div class=\"elementor-column elementor-col-100 elementor-top-column elementor-element elementor-element-2abfccc9\" data-id=\"2abfccc9\" data-element_type=\"column\">\n\t\t\t<div class=\"elementor-widget-wrap elementor-element-populated\">\n\t\t\t\t\t\t<div class=\"elementor-element elementor-element-318b2508 elementor-widget elementor-widget-text-editor\" data-id=\"318b2508\" data-element_type=\"widget\" data-widget_type=\"text-editor.default\">\n\t\t\t\t<div class=\"elementor-widget-container\">\n\t\t\t\t\t\t\t\t\t<h2>Precisamos do seu consentimento<\/h2>\n<p style=\"margin-bottom: 1rem;\">De acordo com a Lei dos Servi\u00e7os da Sociedade da Informa\u00e7\u00e3o (LSSICE), estabelecida pelo Decreto Real 13\/2012, os utilizadores devem obter o consentimento expresso <em>antes<\/em> de navegar em qualquer website que utilize <em>cookies<\/em> n\u00e3o essenciais.<\/p>\n<p style=\"margin-bottom: 1rem;\">Seg\u00fan la directiva de la UE:<\/p>\n<ul style=\"margin-bottom: 1rem;\">\n<li>Os cookies que requerem o consentimento informado do utilizador s\u00e3o os cookies anal\u00edticos e os cookies de publicidade e afilia\u00e7\u00e3o.<\/li>\n<li>Exceto as de natureza t\u00e9cnica e as necess\u00e1rias ao funcionamento do site ou \u00e0 presta\u00e7\u00e3o de servi\u00e7os expressamente solicitados pelo utilizador.<\/li>\n<\/ul>\n<p style=\"margin-bottom: 1rem;\">CONFIGURA\u00c7\u00c3O PERSONALIZADA Requer o seu consentimento Cookies do Google Analytics &#8220;<em>N\u00e3o instalado<\/em>&#8220;<\/p>\n<p style=\"margin-bottom: 1rem;\">_ga (2 a\u00f1os), _gid (1 d\u00eda) y _gat_gtag_UA_29169806_1 (2 horas)<\/p>\n<p style=\"margin-bottom: 1rem;\">S\u00e3o propriedade de terceiros, anal\u00edticos e persistentes. S\u00e3o utilizados para registar a atividade do utilizador neste site, o que nos permite, entre outras coisas, melhorar os servi\u00e7os que oferecemos.<br \/>Consulte a Pol\u00edtica de <a style=\"color: #007bff;\" href=\"https:\/\/policies.google.com\/privacy\" target=\"_blank\" rel=\"nofollow noopener noreferrer\" data-cke-saved-href=\"https:\/\/policies.google.com\/privacy\">Privacidade da Google<\/a>. <\/p>\n<h3 style=\"margin-top: 0px; margin-bottom: 0.5rem;\">Cookies t\u00e9cnicos que n\u00e3o requerem o seu consentimento<\/h3>\n<p style=\"margin-bottom: 1rem;\">Cookie funcional: PHPSESSID <em>\u00abInstalada\u00bb<\/em> (0 d\u00edas, de sesi\u00f3n). Cookie de sesi\u00f3n. Necesaria para el correcto funcionamiento del sitio. No almacena datos del Usuario. Propiedad de Husyca: CookiesUEAgreeAnalytics <em>\u00abNo instalada\u00bb<\/em> (1 a\u00f1o). Cookie propia, persistente. Necesaria para recordar tu configuraci\u00f3n de las Cookies de Analytics (Acepto \/ No Acepto).      <\/p>\n<h3 style=\"margin-top: 0px; margin-bottom: 0.5rem;\">Tratamento de dados pessoais<\/h3>\n<p style=\"margin-bottom: 1rem;\">A Husyca \u00e9 a Controladora dos dados pessoais do Utilizador e informa que estes dados ser\u00e3o tratados de acordo com as disposi\u00e7\u00f5es do Regulamento (UE) 2016\/679 de 27 de abril de 2016 (RGPD).<\/p>\n<p style=\"margin-bottom: 1rem;\">Finalidades do processamento: conforme especificado abaixo na lista de cookies.<\/p>\n<p style=\"margin-bottom: 1rem;\">Legitima\u00e7\u00e3o do tratamento: com o consentimento do Utilizador, cookies anal\u00edticos e cookies de publicidade e afilia\u00e7\u00e3o (do Google Analytics e Google Maps), de acordo com (art. 6.1. (a) RGPD), e cookies de interesse leg\u00edtimo 6.1(f), nossos (cookies t\u00e9cnicos e funcionais). <\/p>\n<p style=\"margin-bottom: 1rem;\">Per\u00edodos de conserva\u00e7\u00e3o de dados: conforme especificado abaixo na lista de cookies.<\/p>\n<p style=\"margin-bottom: 1rem;\">Comunica\u00e7\u00e3o de dados: Os dados n\u00e3o ser\u00e3o comunicados a terceiros, exceto no caso de cookies propriedade de terceiros ou por obriga\u00e7\u00e3o legal.<\/p>\n<p style=\"margin-bottom: 1rem;\">Direitos do Utilizador:<br \/>\u2013 Direito de revogar o consentimento a qualquer momento, utilizando o Painel \u201cDefini\u00e7\u00f5es personalizadas\u201d (\u201cAceitar\u201d, \u201cRejeitar\u201d, \u201cApagar\u201d).<br \/>\u2013 Tem o direito de reclamar \u00e0 Ag\u00eancia Espanhola de Prote\u00e7\u00e3o de Dados se achar que algo est\u00e1 errado. Teremos todo o prazer em ajud\u00e1-lo e faremos o nosso melhor para atender \u00e0 sua solicita\u00e7\u00e3o sem demora. <\/p>\n<h3 style=\"margin-top: 0px; margin-bottom: 0.5rem;\">Lista de cookies neste site<\/h3>\n<p style=\"margin-bottom: 1rem;\"><em>A<\/em>NAL\u00cdTICAS (<em>requieren de tu consentimiento<\/em>)<br \/>Propiedad: Google Analytics<\/p>\n<ul style=\"margin-bottom: 1rem;\">\n<li>Nombre: _ga<br \/>Plazo de conservaci\u00f3n: 2 a\u00f1os<\/li>\n<li>Nombre: _gid<br \/>Plazo de conservaci\u00f3n: 1 d\u00eda<\/li>\n<li>Nombre: _gat_gtag_UA(n\u00famero de la propiedad)<br \/>Plazo de conservaci\u00f3n: 2 horas<\/li>\n<li>Gesti\u00f3n: De teceros<\/li>\n<\/ul>\n<p style=\"margin-bottom: 1rem;\">Observa\u00e7\u00f5es: Persistente<br \/>Finalidade: A Google define um grupo de cookies que, embora n\u00e3o tenhamos controlo sobre os mesmos, parecem armazenar informa\u00e7\u00f5es para opera\u00e7\u00f5es como a ativa\u00e7\u00e3o da fun\u00e7\u00e3o de controlo de visitas exclusivas. Na primeira vez que um utilizador acede ao site atrav\u00e9s de um browser, esse cookie ser\u00e1 instalado. Quando este utilizador acede novamente ao site utilizando o mesmo browser, o cookie ir\u00e1 consider\u00e1-lo como o mesmo utilizador. Apenas se o utilizador mudar de browser \u00e9 que ser\u00e1 considerado um utilizador diferente.<br \/><em>Consulte a <a style=\"color: #007bff;\" href=\"https:\/\/policies.google.com\/privacy\" target=\"_blank\" rel=\"nofollow noopener noreferrer\" data-cke-saved-href=\"https:\/\/policies.google.com\/privacy\">Pol\u00edtica de Privacidade do Google<\/a><\/em><\/p>\n<p style=\"margin-bottom: 1rem;\">PR\u00d3PRIOS, T\u00c9CNICOS E FUNCIONAIS (<em>n\u00e3o carecem do seu consentimento<\/em>)<br \/>Propriedade: Husyca SA<\/p>\n<ul style=\"margin-bottom: 1rem;\">\n<li>Nombre: PHPSESSID<br \/>Plazo de conservaci\u00f3n: (0 d\u00edas, de sesi\u00f3n)<\/li>\n<li>Nombre: CookiesUEAgreeAnalytics<br \/>Plazo de conservaci\u00f3n: 1 a\u00f1o<\/li>\n<li>Nombre: CookiesUEAgreeMaps<br \/>Plazo conservaci\u00f3n: 1 a\u00f1o<\/li>\n<\/ul>\n<p style=\"margin-bottom: 1rem;\">Gesti\u00f3n: Propia<br \/>Observaciones: Persistentes<br \/>Finalidad: Nuestra p\u00e1gina web necesita algunas cookies t\u00e9cnicas para el correcto funcionamiento de la p\u00e1gina web (PHPSESSID) y otras para recordar tus preferencias.<\/p>\n<h3 style=\"margin-top: 0px; margin-bottom: 0.5rem;\">Informa\u00e7\u00f5es sobre cookies<\/h3>\n<p style=\"margin-bottom: 1rem;\">Os cookies e outras tecnologias semelhantes s\u00e3o utilizadas pelos servidores web para armazenar e recuperar informa\u00e7\u00f5es sobre os seus visitantes, bem como para garantir o funcionamento adequado do website.<\/p>\n<p style=\"margin-bottom: 1rem;\">Ao utilizar cookies, o servidor Web permite recordar determinados dados relativos ao Utilizador, tais como as suas prefer\u00eancias para visualizar as p\u00e1ginas desse servidor, o seu nome e palavra-passe, os produtos que mais lhe interessam, etc.<\/p>\n<h3 style=\"margin-top: 0px; margin-bottom: 0.5rem;\">Diferentes tipos de cookies<\/h3>\n<p style=\"margin-bottom: 1rem;\">De acordo com o prop\u00f3sito<br \/>\u2013 Cookies t\u00e9cnicos e funcionais: S\u00e3o aqueles que permitem ao utilizador navegar num s\u00edtio web, plataforma ou aplica\u00e7\u00e3o e utilizar as diferentes op\u00e7\u00f5es ou servi\u00e7os que nele existem.<br \/>\u2013 Cookies anal\u00edticos: S\u00e3o aqueles que permitem ao respons\u00e1vel pelos mesmos monitorizar e analisar o comportamento dos utilizadores dos sites aos quais est\u00e3o vinculados. A informa\u00e7\u00e3o recolhida atrav\u00e9s deste tipo de cookies \u00e9 utilizada para medir a atividade dos websites, aplica\u00e7\u00f5es ou plataformas e elaborar perfis de navega\u00e7\u00e3o dos utilizadores desses websites, aplica\u00e7\u00f5es e plataformas, com a finalidade de introduzir melhorias em fun\u00e7\u00e3o da an\u00e1lise dos dados de utiliza\u00e7\u00e3o do servi\u00e7o por parte dos utilizadores.<\/p>\n<p style=\"margin-bottom: 1rem;\">De acordo com a propriedade<br \/>\u2013 Cookies pr\u00f3prios: s\u00e3o aqueles enviados para o terminal do utilizador a partir de um equipamento ou dom\u00ednio gerido pelo pr\u00f3prio editor e a partir do qual se presta o servi\u00e7o solicitado pelo utilizador.<br \/>\u2013 Cookies de terceiros: s\u00e3o aqueles enviados para o dispositivo do utilizador a partir de um equipamento ou dom\u00ednio n\u00e3o gerido pelo editor, mas por outra entidade que trata os dados obtidos atrav\u00e9s dos cookies.<\/p>\n<p style=\"margin-bottom: 1rem;\">De acordo com o per\u00edodo de conserva\u00e7\u00e3o<br \/>\u2013 Cookies de sess\u00e3o: S\u00e3o um tipo de cookie concebido para recolher e armazenar dados enquanto o utilizador acede a um s\u00edtio web.<br \/>\u2013 Cookies persistentes: S\u00e3o um tipo de cookies em que os dados permanecem armazenados no dispositivo e podem ser acedidos e tratados durante um per\u00edodo definido pelo respons\u00e1vel pelo cookie, que pode variar de alguns minutos a v\u00e1rios anos.<\/p>\n\t\t\t\t\t\t\t\t<\/div>\n\t\t\t\t<\/div>\n\t\t\t\t\t<\/div>\n\t\t<\/div>\n\t\t\t\t\t<\/div>\n\t\t<\/section>\n\t\t\t\t<\/div>\n\t\t","protected":false},"excerpt":{"rendered":"<p>Precisamos do seu consentimento De acordo com a Lei dos Servi\u00e7os da Sociedade da Informa\u00e7\u00e3o (LSSICE), estabelecida pelo Decreto Real 13\/2012, os utilizadores devem obter o consentimento expresso antes de navegar em qualquer website que utilize cookies n\u00e3o essenciais. Seg\u00fan la directiva de la UE: Os cookies que requerem o consentimento informado do utilizador s\u00e3o [&hellip;]<\/p>\n","protected":false},"author":2,"featured_media":0,"parent":0,"menu_order":0,"comment_status":"closed","ping_status":"closed","template":"elementor_header_footer","meta":{"_joinchat":[],"footnotes":""},"class_list":["post-2963","page","type-page","status-publish","hentry"],"yoast_head":"<!-- This site is optimized with the Yoast SEO plugin v24.3 - https:\/\/yoast.com\/wordpress\/plugins\/seo\/ -->\n<title>Pol\u00edtica de Cookies - Husyca S.A. Husillos y camaras en Barcelona<\/title>\n<meta name=\"robots\" content=\"index, follow, max-snippet:-1, max-image-preview:large, max-video-preview:-1\" \/>\n<link rel=\"canonical\" href=\"https:\/\/www.husyca.com\/pt-pt\/politica-de-cookies\/\" \/>\n<meta property=\"og:locale\" content=\"pt_PT\" \/>\n<meta property=\"og:type\" content=\"article\" \/>\n<meta property=\"og:title\" content=\"Pol\u00edtica de Cookies - Husyca S.A. Husillos y camaras en Barcelona\" \/>\n<meta property=\"og:description\" content=\"Precisamos do seu consentimento De acordo com a Lei dos Servi\u00e7os da Sociedade da Informa\u00e7\u00e3o (LSSICE), estabelecida pelo Decreto Real 13\/2012, os utilizadores devem obter o consentimento expresso antes de navegar em qualquer website que utilize cookies n\u00e3o essenciais. Seg\u00fan la directiva de la UE: Os cookies que requerem o consentimento informado do utilizador s\u00e3o [&hellip;]\" \/>\n<meta property=\"og:url\" content=\"https:\/\/www.husyca.com\/pt-pt\/politica-de-cookies\/\" \/>\n<meta property=\"og:site_name\" content=\"Husyca S.A. Husillos y camaras en Barcelona\" \/>\n<meta property=\"article:publisher\" content=\"https:\/\/www.facebook.com\/profile.php?id=100088596826097\" \/>\n<meta property=\"article:modified_time\" content=\"2025-03-22T21:07:35+00:00\" \/>\n<meta name=\"twitter:card\" content=\"summary_large_image\" \/>\n<meta name=\"twitter:label1\" content=\"Tempo estimado de leitura\" \/>\n\t<meta name=\"twitter:data1\" content=\"5 minutos\" \/>\n<script type=\"application\/ld+json\" class=\"yoast-schema-graph\">{\"@context\":\"https:\/\/schema.org\",\"@graph\":[{\"@type\":\"WebPage\",\"@id\":\"https:\/\/www.husyca.com\/pt-pt\/politica-de-cookies\/\",\"url\":\"https:\/\/www.husyca.com\/pt-pt\/politica-de-cookies\/\",\"name\":\"Pol\u00edtica de Cookies - Husyca S.A. Husillos y camaras en Barcelona\",\"isPartOf\":{\"@id\":\"https:\/\/www.husyca.com\/#website\"},\"datePublished\":\"2022-12-15T13:01:32+00:00\",\"dateModified\":\"2025-03-22T21:07:35+00:00\",\"breadcrumb\":{\"@id\":\"https:\/\/www.husyca.com\/pt-pt\/politica-de-cookies\/#breadcrumb\"},\"inLanguage\":\"pt-PT\",\"potentialAction\":[{\"@type\":\"ReadAction\",\"target\":[\"https:\/\/www.husyca.com\/pt-pt\/politica-de-cookies\/\"]}]},{\"@type\":\"BreadcrumbList\",\"@id\":\"https:\/\/www.husyca.com\/pt-pt\/politica-de-cookies\/#breadcrumb\",\"itemListElement\":[{\"@type\":\"ListItem\",\"position\":1,\"name\":\"Portada\",\"item\":\"https:\/\/www.husyca.com\/pt-pt\/home\/\"},{\"@type\":\"ListItem\",\"position\":2,\"name\":\"Pol\u00edtica de Cookies\"}]},{\"@type\":\"WebSite\",\"@id\":\"https:\/\/www.husyca.com\/#website\",\"url\":\"https:\/\/www.husyca.com\/\",\"name\":\"Husyca S.A. Husillos y camaras en Barcelona\",\"description\":\"Mecanizado, reparaci\u00f3n y fabricaci\u00f3n de husillos y cilindros de plastificaci\u00f3n, nitrurados, bimetalicos, inyecci\u00f3n, cluatas, portaboquillas, aceros y tratamientos, Aceros de Nitruraci\u00f3n, de temple o inoxidables, C\u00e1maras de Extrusi\u00f3n, monohusillos, Tratamientos superficiales diversos: Cromo duro, SSA, TIN, Niquel qu\u00edmico, C\u00e1maras de extrusi\u00f3n doble husillo paralelas\",\"potentialAction\":[{\"@type\":\"SearchAction\",\"target\":{\"@type\":\"EntryPoint\",\"urlTemplate\":\"https:\/\/www.husyca.com\/?s={search_term_string}\"},\"query-input\":{\"@type\":\"PropertyValueSpecification\",\"valueRequired\":true,\"valueName\":\"search_term_string\"}}],\"inLanguage\":\"pt-PT\"}]}<\/script>\n<!-- \/ Yoast SEO plugin. -->","yoast_head_json":{"title":"Pol\u00edtica de Cookies - Husyca S.A. Husillos y camaras en Barcelona","robots":{"index":"index","follow":"follow","max-snippet":"max-snippet:-1","max-image-preview":"max-image-preview:large","max-video-preview":"max-video-preview:-1"},"canonical":"https:\/\/www.husyca.com\/pt-pt\/politica-de-cookies\/","og_locale":"pt_PT","og_type":"article","og_title":"Pol\u00edtica de Cookies - Husyca S.A. Husillos y camaras en Barcelona","og_description":"Precisamos do seu consentimento De acordo com a Lei dos Servi\u00e7os da Sociedade da Informa\u00e7\u00e3o (LSSICE), estabelecida pelo Decreto Real 13\/2012, os utilizadores devem obter o consentimento expresso antes de navegar em qualquer website que utilize cookies n\u00e3o essenciais. Seg\u00fan la directiva de la UE: Os cookies que requerem o consentimento informado do utilizador s\u00e3o [&hellip;]","og_url":"https:\/\/www.husyca.com\/pt-pt\/politica-de-cookies\/","og_site_name":"Husyca S.A. Husillos y camaras en Barcelona","article_publisher":"https:\/\/www.facebook.com\/profile.php?id=100088596826097","article_modified_time":"2025-03-22T21:07:35+00:00","twitter_card":"summary_large_image","twitter_misc":{"Tempo estimado de leitura":"5 minutos"},"schema":{"@context":"https:\/\/schema.org","@graph":[{"@type":"WebPage","@id":"https:\/\/www.husyca.com\/pt-pt\/politica-de-cookies\/","url":"https:\/\/www.husyca.com\/pt-pt\/politica-de-cookies\/","name":"Pol\u00edtica de Cookies - Husyca S.A. Husillos y camaras en Barcelona","isPartOf":{"@id":"https:\/\/www.husyca.com\/#website"},"datePublished":"2022-12-15T13:01:32+00:00","dateModified":"2025-03-22T21:07:35+00:00","breadcrumb":{"@id":"https:\/\/www.husyca.com\/pt-pt\/politica-de-cookies\/#breadcrumb"},"inLanguage":"pt-PT","potentialAction":[{"@type":"ReadAction","target":["https:\/\/www.husyca.com\/pt-pt\/politica-de-cookies\/"]}]},{"@type":"BreadcrumbList","@id":"https:\/\/www.husyca.com\/pt-pt\/politica-de-cookies\/#breadcrumb","itemListElement":[{"@type":"ListItem","position":1,"name":"Portada","item":"https:\/\/www.husyca.com\/pt-pt\/home\/"},{"@type":"ListItem","position":2,"name":"Pol\u00edtica de Cookies"}]},{"@type":"WebSite","@id":"https:\/\/www.husyca.com\/#website","url":"https:\/\/www.husyca.com\/","name":"Husyca S.A. Husillos y camaras en Barcelona","description":"Mecanizado, reparaci\u00f3n y fabricaci\u00f3n de husillos y cilindros de plastificaci\u00f3n, nitrurados, bimetalicos, inyecci\u00f3n, cluatas, portaboquillas, aceros y tratamientos, Aceros de Nitruraci\u00f3n, de temple o inoxidables, C\u00e1maras de Extrusi\u00f3n, monohusillos, Tratamientos superficiales diversos: Cromo duro, SSA, TIN, Niquel qu\u00edmico, C\u00e1maras de extrusi\u00f3n doble husillo paralelas","potentialAction":[{"@type":"SearchAction","target":{"@type":"EntryPoint","urlTemplate":"https:\/\/www.husyca.com\/?s={search_term_string}"},"query-input":{"@type":"PropertyValueSpecification","valueRequired":true,"valueName":"search_term_string"}}],"inLanguage":"pt-PT"}]}},"_links":{"self":[{"href":"https:\/\/www.husyca.com\/pt-pt\/wp-json\/wp\/v2\/pages\/2963","targetHints":{"allow":["GET"]}}],"collection":[{"href":"https:\/\/www.husyca.com\/pt-pt\/wp-json\/wp\/v2\/pages"}],"about":[{"href":"https:\/\/www.husyca.com\/pt-pt\/wp-json\/wp\/v2\/types\/page"}],"author":[{"embeddable":true,"href":"https:\/\/www.husyca.com\/pt-pt\/wp-json\/wp\/v2\/users\/2"}],"replies":[{"embeddable":true,"href":"https:\/\/www.husyca.com\/pt-pt\/wp-json\/wp\/v2\/comments?post=2963"}],"version-history":[{"count":1,"href":"https:\/\/www.husyca.com\/pt-pt\/wp-json\/wp\/v2\/pages\/2963\/revisions"}],"predecessor-version":[{"id":2964,"href":"https:\/\/www.husyca.com\/pt-pt\/wp-json\/wp\/v2\/pages\/2963\/revisions\/2964"}],"wp:attachment":[{"href":"https:\/\/www.husyca.com\/pt-pt\/wp-json\/wp\/v2\/media?parent=2963"}],"curies":[{"name":"wp","href":"https:\/\/api.w.org\/{rel}","templated":true}]}}