{"id":2961,"date":"2022-12-15T13:17:35","date_gmt":"2022-12-15T13:17:35","guid":{"rendered":"https:\/\/www.husyca.com\/aviso-legal\/"},"modified":"2025-03-22T19:55:40","modified_gmt":"2025-03-22T19:55:40","slug":"aviso-legal","status":"publish","type":"page","link":"https:\/\/www.husyca.com\/pt-pt\/aviso-legal\/","title":{"rendered":"Aviso legal"},"content":{"rendered":"\t\t<div data-elementor-type=\"wp-page\" data-elementor-id=\"2961\" class=\"elementor elementor-2961 elementor-619\" data-elementor-post-type=\"page\">\n\t\t\t\t\t\t<section class=\"elementor-section elementor-top-section elementor-element elementor-element-f4541cf elementor-section-height-min-height elementor-section-boxed elementor-section-height-default elementor-section-items-middle\" data-id=\"f4541cf\" data-element_type=\"section\" data-settings=\"{&quot;background_background&quot;:&quot;classic&quot;,&quot;shape_divider_bottom&quot;:&quot;curve&quot;,&quot;shape_divider_bottom_negative&quot;:&quot;yes&quot;}\">\n\t\t\t\t\t\t\t<div class=\"elementor-background-overlay\"><\/div>\n\t\t\t\t\t\t<div class=\"elementor-shape elementor-shape-bottom\" data-negative=\"true\">\n\t\t\t<svg xmlns=\"http:\/\/www.w3.org\/2000\/svg\" viewBox=\"0 0 1000 100\" preserveAspectRatio=\"none\">\n\t<path class=\"elementor-shape-fill\" d=\"M500,97C126.7,96.3,0.8,19.8,0,0v100l1000,0V1C1000,19.4,873.3,97.8,500,97z\"\/>\n<\/svg>\t\t<\/div>\n\t\t\t\t\t<div class=\"elementor-container elementor-column-gap-default\">\n\t\t\t\t\t<div class=\"elementor-column elementor-col-100 elementor-top-column elementor-element elementor-element-ef0cac4\" data-id=\"ef0cac4\" data-element_type=\"column\">\n\t\t\t<div class=\"elementor-widget-wrap elementor-element-populated\">\n\t\t\t\t\t\t<div class=\"elementor-element elementor-element-8ae850c elementor-widget elementor-widget-heading\" data-id=\"8ae850c\" data-element_type=\"widget\" data-widget_type=\"heading.default\">\n\t\t\t\t<div class=\"elementor-widget-container\">\n\t\t\t\t\t<h2 class=\"elementor-heading-title elementor-size-default\">Aviso legal<\/h2>\t\t\t\t<\/div>\n\t\t\t\t<\/div>\n\t\t\t\t\t<\/div>\n\t\t<\/div>\n\t\t\t\t\t<\/div>\n\t\t<\/section>\n\t\t\t\t<section class=\"elementor-section elementor-top-section elementor-element elementor-element-b95d833 elementor-section-boxed elementor-section-height-default elementor-section-height-default\" data-id=\"b95d833\" data-element_type=\"section\">\n\t\t\t\t\t\t<div class=\"elementor-container elementor-column-gap-default\">\n\t\t\t\t\t<div class=\"elementor-column elementor-col-100 elementor-top-column elementor-element elementor-element-0194092\" data-id=\"0194092\" data-element_type=\"column\">\n\t\t\t<div class=\"elementor-widget-wrap elementor-element-populated\">\n\t\t\t\t\t\t<div class=\"elementor-element elementor-element-e22f0c8 elementor-widget elementor-widget-text-editor\" data-id=\"e22f0c8\" data-element_type=\"widget\" data-widget_type=\"text-editor.default\">\n\t\t\t\t<div class=\"elementor-widget-container\">\n\t\t\t\t\t\t\t\t\t<div style=\"color: #212529; font-family: -apple-system, BlinkMacSystemFont, 'Segoe UI', Roboto, 'Helvetica Neue', Arial, sans-serif, 'Apple Color Emoji', 'Segoe UI Emoji', 'Segoe UI Symbol';\">\n<div>\n<div style=\"display: flex; flex-wrap: wrap; margin-right: -15px; margin-left: -15px;\">\n<div style=\"position: relative; width: 1130px; min-height: 1px; padding-right: 15px; padding-left: 15px; flex: 0 0 100%; max-width: 100%;\">\n<h2 style=\"margin-top: 0px; margin-bottom: 0.5rem;\">OBJETO E ACEITA\u00c7\u00c3O<\/h2>\n<p style=\"margin-bottom: 1rem;\">Este aviso legal regula a utiliza\u00e7\u00e3o do site (doravante, O SITE), propriedade da HUSYCA SA. (doravante, O PROPRIET\u00c1RIO DO SITE). <\/p>\n<p style=\"margin-bottom: 1rem;\">A navega\u00e7\u00e3o no s\u00edtio web do TITULAR DO SITE confere-lhe a condi\u00e7\u00e3o de utilizador do mesmo e implica a aceita\u00e7\u00e3o plena e sem reservas de todas e cada uma das disposi\u00e7\u00f5es inclu\u00eddas neste Aviso Legal, as quais poder\u00e3o sofrer modifica\u00e7\u00f5es.<\/p>\n<p style=\"margin-bottom: 1rem;\">O utilizador compromete-se a fazer um uso adequado do site, de acordo com a lei, a boa-f\u00e9, a ordem p\u00fablica, os costumes do tr\u00e2nsito e o presente Aviso Legal.<\/p>\n<p style=\"margin-bottom: 1rem;\">O utilizador responder\u00e1 perante O TITULAR DO SITE ou perante terceiros por quaisquer danos que possam ser causados \u200b\u200bem consequ\u00eancia do incumprimento desta obriga\u00e7\u00e3o.<\/p>\n<\/div>\n<\/div>\n<div style=\"display: flex; flex-wrap: wrap; margin-right: -15px; margin-left: -15px;\">\n<div style=\"position: relative; width: 1130px; min-height: 1px; padding-right: 15px; padding-left: 15px; flex: 0 0 100%; max-width: 100%;\">\n<h2 style=\"margin-top: 0px; margin-bottom: 0.5rem;\">IDENTIFICA\u00c7\u00c3O E COMUNICA\u00c7\u00d5ES<\/h2>\n<p style=\"margin-bottom: 1rem;\">O TITULAR DO SITE, em cumprimento da Lei 34\/2002, de 11 de Julho, dos Servi\u00e7os da Sociedade da Informa\u00e7\u00e3o e Com\u00e9rcio Electr\u00f3nico, informa que:<\/p>\n<ul style=\"margin-bottom: 1rem;\">\n<li>O Controlador \u00e9 a HUSYCA SA.<\/li>\n<li>O seu endere\u00e7o \u00e9 em Pje. Pintor Miro n\u00ba 8. 08213, Polinya (Barcelona), Espanha  <\/li>\n<\/ul>\n<p style=\"margin-bottom: 1rem;\">Para entrar em contacto connosco, oferecemos v\u00e1rios m\u00e9todos de contacto, que detalhamos abaixo:<\/p>\n<ul style=\"margin-bottom: 1rem;\">\n<li>mail: husyca@husyca.com<\/li>\n<li>Tlfno: 937133799 <\/li>\n<\/ul>\n<p style=\"margin-bottom: 1rem;\">Todas as notifica\u00e7\u00f5es e comunica\u00e7\u00f5es entre os utilizadores e O PROPRIET\u00c1RIO DO SITE ser\u00e3o consideradas eficazes, para todos os efeitos, quando feitas atrav\u00e9s de correio postal ou qualquer outro meio acima detalhado.<\/p>\n<\/div>\n<\/div>\n<div style=\"display: flex; flex-wrap: wrap; margin-right: -15px; margin-left: -15px;\">\n<div style=\"position: relative; width: 1130px; min-height: 1px; padding-right: 15px; padding-left: 15px; flex: 0 0 100%; max-width: 100%;\">\n<h2 style=\"margin-top: 0px; margin-bottom: 0.5rem;\">CONDI\u00c7\u00d5ES DE ACESSO E UTILIZA\u00c7\u00c3O<\/h2>\n<p style=\"margin-bottom: 1rem;\">O site e os seus servi\u00e7os s\u00e3o de livre acesso; no entanto, o propriet\u00e1rio do site condiciona a utiliza\u00e7\u00e3o de alguns dos servi\u00e7os oferecidos no seu site ao pr\u00e9vio preenchimento do formul\u00e1rio correspondente.<\/p>\n<p style=\"margin-bottom: 1rem;\">O utilizador garante a autenticidade e atualidade de todos os dados comunicados ao TITULAR DO SITE e ser\u00e1 o \u00fanico respons\u00e1vel por quaisquer declara\u00e7\u00f5es falsas ou inexatas que preste.<\/p>\n<p style=\"margin-bottom: 1rem;\">O utilizador concorda expressamente em fazer uso adequado dos conte\u00fados e servi\u00e7os do TITULAR DO SITE e n\u00e3o os utilizar para, entre outros:<\/p>\n<ol style=\"margin-bottom: 1rem;\">\n<li>Divulgar conte\u00fados criminosos, violentos, pornogr\u00e1ficos, racistas, xen\u00f3fobos, ofensivos, de apoio ao terrorismo ou, em geral, contr\u00e1rios \u00e0 lei ou \u00e0 ordem p\u00fablica.<\/li>\n<li>Introduzir v\u00edrus inform\u00e1ticos na rede ou realizar a\u00e7\u00f5es que possam alterar, danificar, interromper ou gerar erros ou danos nos documentos eletr\u00f3nicos, dados ou sistemas f\u00edsicos e l\u00f3gicos do TITULAR DO SITE ou de terceiros; bem como dificultar o acesso de outros utilizadores ao site e aos seus servi\u00e7os, consumindo massivamente os recursos inform\u00e1ticos atrav\u00e9s dos quais O TITULAR DO SITE presta os seus servi\u00e7os.<\/li>\n<li>Tentar aceder a contas de e-mail de outros utilizadores ou a \u00e1reas restritas dos sistemas inform\u00e1ticos do TITULAR DO SITE ou de terceiros e, quando aplic\u00e1vel, extrair informa\u00e7\u00e3o.<\/li>\n<li>Violar direitos de propriedade intelectual ou industrial, bem como violar a confidencialidade da informa\u00e7\u00e3o pertencente ao TITULAR DO SITE ou a terceiros.<\/li>\n<li>Representar outro utilizador, autoridades p\u00fablicas ou terceiros.<\/li>\n<li>Reproduzir, copiar, distribuir, disponibilizar ou de qualquer outra forma comunicar publicamente, transformar ou modificar o conte\u00fado, a menos que seja autorizado pelo titular dos direitos correspondentes ou legalmente permitido.<\/li>\n<li>Recolha de dados para fins publicit\u00e1rios e envio de publicidade de qualquer tipo e comunica\u00e7\u00f5es para vendas ou outros fins comerciais sem o seu pedido ou consentimento pr\u00e9vio.<\/li>\n<\/ol>\n<p style=\"margin-bottom: 1rem;\">Todo o conte\u00fado do site, tais como textos, fotografias, gr\u00e1ficos, imagens, \u00edcones, tecnologia, software, bem como o seu design gr\u00e1fico e c\u00f3digos-fonte, constituem uma obra cuja propriedade pertence ao TITULAR DO SITE, sem que se entenda que nenhum dos direitos de explora\u00e7\u00e3o sobre os mesmos sejam transferidos para o utilizador para al\u00e9m do estritamente necess\u00e1rio para a correta utiliza\u00e7\u00e3o do site.<\/p>\n<p style=\"margin-bottom: 1rem;\">Em \u00faltima an\u00e1lise, os utilizadores que acedem a este site podem visualizar o conte\u00fado e, quando apropriado, fazer c\u00f3pias privadas autorizadas, desde que os elementos reproduzidos n\u00e3o sejam posteriormente transferidos para terceiros, instalados em servidores ligados a redes ou explorados de outra forma. Da mesma forma, todas as marcas, nomes comerciais ou sinais distintivos de qualquer tipo que apare\u00e7am no site s\u00e3o propriedade do TITULAR DO SITE, n\u00e3o podendo o uso ou acesso aos mesmos ser entendido como conferindo qualquer direito ao utilizador sobre os mesmos. <\/p>\n<p style=\"margin-bottom: 1rem;\">\u00c9 proibida a distribui\u00e7\u00e3o, modifica\u00e7\u00e3o, ced\u00eancia ou comunica\u00e7\u00e3o p\u00fablica dos conte\u00fados e qualquer outro ato que n\u00e3o tenha sido expressamente autorizado pelo titular dos direitos de explora\u00e7\u00e3o.<\/p>\n<p style=\"margin-bottom: 1rem;\">O estabelecimento de uma hiperliga\u00e7\u00e3o n\u00e3o implica em caso algum a exist\u00eancia de rela\u00e7\u00f5es entre O TITULAR DO SITE e o titular do site no qual se estabelece, nem a aceita\u00e7\u00e3o e aprova\u00e7\u00e3o por parte do TITULAR DO SITE dos seus conte\u00fados ou servi\u00e7os. As pessoas que pretendam estabelecer uma hiperliga\u00e7\u00e3o dever\u00e3o solicitar previamente autoriza\u00e7\u00e3o por escrito ao TITULAR DO SITE. Em qualquer caso, o hiperlink apenas permitir\u00e1 o acesso \u00e0 p\u00e1gina inicial do nosso site. Deve tamb\u00e9m abster-se de fazer declara\u00e7\u00f5es ou indica\u00e7\u00f5es falsas, imprecisas ou incorretas sobre O PROPRIET\u00c1RIO DO SITE, ou de incluir conte\u00fado ilegal que viole os bons costumes e a ordem p\u00fablica. O propriet\u00e1rio deste site n\u00e3o \u00e9 respons\u00e1vel por qualquer utiliza\u00e7\u00e3o feita dos materiais disponibilizados neste site ou por quaisquer a\u00e7\u00f5es tomadas com base nos mesmos.   <\/p>\n<\/div>\n<\/div>\n<div style=\"display: flex; flex-wrap: wrap; margin-right: -15px; margin-left: -15px;\">\n<div style=\"position: relative; width: 1130px; min-height: 1px; padding-right: 15px; padding-left: 15px; flex: 0 0 100%; max-width: 100%;\">\n<h2 style=\"margin-top: 0px; margin-bottom: 0.5rem;\">EXCLUS\u00c3O DE GARANTIAS E RESPONSABILIDADE<\/h2>\n<p style=\"margin-bottom: 1rem;\">O conte\u00fado deste site \u00e9 de natureza geral e \u00e9 apenas para fins informativos.<\/p>\n<p style=\"margin-bottom: 1rem;\">O PROPRIET\u00c1RIO DO SITE exclui, na medida do permitido por lei, qualquer responsabilidade por danos de qualquer natureza decorrentes de:<\/p>\n<ol style=\"margin-bottom: 1rem;\">\n<li>A impossibilidade de acesso ao site ou a falta de veracidade, exatid\u00e3o, integralidade e\/ou atualidade dos conte\u00fados, bem como a exist\u00eancia de defeitos ou falhas de qualquer natureza nos conte\u00fados transmitidos, distribu\u00eddos, armazenados, disponibilizados ou acedidos atrav\u00e9s do site ou dos servi\u00e7os oferecidos.<\/li>\n<li>A presen\u00e7a de v\u00edrus ou outros elementos no conte\u00fado que possam causar altera\u00e7\u00f5es nos sistemas inform\u00e1ticos, documentos eletr\u00f3nicos ou dados do utilizador.<\/li>\n<li>Incumprimento da lei, da boa-f\u00e9, da ordem p\u00fablica, das regras de tr\u00e2nsito e do presente aviso legal em consequ\u00eancia da utiliza\u00e7\u00e3o indevida do site. Em particular, e a t\u00edtulo exemplificativo, O TITULAR DO SITE n\u00e3o se responsabiliza pelas a\u00e7\u00f5es de terceiros que violem direitos de propriedade intelectual e industrial, segredos comerciais, direitos \u00e0 honra, \u00e0 intimidade pessoal e familiar e \u00e0 pr\u00f3pria imagem, bem como as normas relativas \u00e0 concorr\u00eancia desleal e \u00e0 publicidade il\u00edcita. <\/li>\n<\/ol>\n<p style=\"margin-bottom: 1rem;\">Da mesma forma, O PROPRIET\u00c1RIO DO SITE declina qualquer responsabilidade por informa\u00e7\u00f5es encontradas fora deste site e n\u00e3o geridas diretamente pelo nosso webmaster. Os links que aparecem neste site t\u00eam como \u00fanico objetivo informar os utilizadores sobre a exist\u00eancia de outras fontes que possam expandir o conte\u00fado oferecido por este site. O PROPRIET\u00c1RIO DO SITE n\u00e3o garante nem se responsabiliza pelo funcionamento ou acessibilidade dos sites vinculados; nem sugere, convida ou recomenda a visita aos mesmos, n\u00e3o sendo, por isso, respons\u00e1vel pelos resultados obtidos. O PROPRIET\u00c1RIO DO SITE n\u00e3o se responsabiliza pelo estabelecimento de hiperliga\u00e7\u00f5es por terceiros.   <\/p>\n<\/div>\n<\/div>\n<\/div>\n<\/div>\n\t\t\t\t\t\t\t\t<\/div>\n\t\t\t\t<\/div>\n\t\t\t\t\t<\/div>\n\t\t<\/div>\n\t\t\t\t\t<\/div>\n\t\t<\/section>\n\t\t\t\t<\/div>\n\t\t","protected":false},"excerpt":{"rendered":"<p>OBJETO E ACEITA\u00c7\u00c3O Este aviso legal regula a utiliza\u00e7\u00e3o do site (doravante, O SITE), propriedade da HUSYCA SA. (doravante, O PROPRIET\u00c1RIO DO SITE). A navega\u00e7\u00e3o no s\u00edtio web do TITULAR DO SITE confere-lhe a condi\u00e7\u00e3o de utilizador do mesmo e implica a aceita\u00e7\u00e3o plena e sem reservas de todas e cada uma das disposi\u00e7\u00f5es inclu\u00eddas [&hellip;]<\/p>\n","protected":false},"author":2,"featured_media":0,"parent":0,"menu_order":0,"comment_status":"closed","ping_status":"closed","template":"elementor_header_footer","meta":{"_joinchat":[],"footnotes":""},"class_list":["post-2961","page","type-page","status-publish","hentry"],"yoast_head":"<!-- This site is optimized with the Yoast SEO plugin v24.3 - https:\/\/yoast.com\/wordpress\/plugins\/seo\/ -->\n<title>Aviso legal - Husyca S.A. Husillos y camaras en Barcelona<\/title>\n<meta name=\"robots\" content=\"index, follow, max-snippet:-1, max-image-preview:large, max-video-preview:-1\" \/>\n<link rel=\"canonical\" href=\"https:\/\/www.husyca.com\/pt-pt\/aviso-legal\/\" \/>\n<meta property=\"og:locale\" content=\"pt_PT\" \/>\n<meta property=\"og:type\" content=\"article\" \/>\n<meta property=\"og:title\" content=\"Aviso legal - Husyca S.A. Husillos y camaras en Barcelona\" \/>\n<meta property=\"og:description\" content=\"OBJETO E ACEITA\u00c7\u00c3O Este aviso legal regula a utiliza\u00e7\u00e3o do site (doravante, O SITE), propriedade da HUSYCA SA. (doravante, O PROPRIET\u00c1RIO DO SITE). A navega\u00e7\u00e3o no s\u00edtio web do TITULAR DO SITE confere-lhe a condi\u00e7\u00e3o de utilizador do mesmo e implica a aceita\u00e7\u00e3o plena e sem reservas de todas e cada uma das disposi\u00e7\u00f5es inclu\u00eddas [&hellip;]\" \/>\n<meta property=\"og:url\" content=\"https:\/\/www.husyca.com\/pt-pt\/aviso-legal\/\" \/>\n<meta property=\"og:site_name\" content=\"Husyca S.A. Husillos y camaras en Barcelona\" \/>\n<meta property=\"article:publisher\" content=\"https:\/\/www.facebook.com\/profile.php?id=100088596826097\" \/>\n<meta property=\"article:modified_time\" content=\"2025-03-22T19:55:40+00:00\" \/>\n<meta name=\"twitter:card\" content=\"summary_large_image\" \/>\n<meta name=\"twitter:label1\" content=\"Tempo estimado de leitura\" \/>\n\t<meta name=\"twitter:data1\" content=\"6 minutos\" \/>\n<script type=\"application\/ld+json\" class=\"yoast-schema-graph\">{\"@context\":\"https:\/\/schema.org\",\"@graph\":[{\"@type\":\"WebPage\",\"@id\":\"https:\/\/www.husyca.com\/pt-pt\/aviso-legal\/\",\"url\":\"https:\/\/www.husyca.com\/pt-pt\/aviso-legal\/\",\"name\":\"Aviso legal - Husyca S.A. Husillos y camaras en Barcelona\",\"isPartOf\":{\"@id\":\"https:\/\/www.husyca.com\/#website\"},\"datePublished\":\"2022-12-15T13:17:35+00:00\",\"dateModified\":\"2025-03-22T19:55:40+00:00\",\"breadcrumb\":{\"@id\":\"https:\/\/www.husyca.com\/pt-pt\/aviso-legal\/#breadcrumb\"},\"inLanguage\":\"pt-PT\",\"potentialAction\":[{\"@type\":\"ReadAction\",\"target\":[\"https:\/\/www.husyca.com\/pt-pt\/aviso-legal\/\"]}]},{\"@type\":\"BreadcrumbList\",\"@id\":\"https:\/\/www.husyca.com\/pt-pt\/aviso-legal\/#breadcrumb\",\"itemListElement\":[{\"@type\":\"ListItem\",\"position\":1,\"name\":\"Portada\",\"item\":\"https:\/\/www.husyca.com\/pt-pt\/home\/\"},{\"@type\":\"ListItem\",\"position\":2,\"name\":\"Aviso legal\"}]},{\"@type\":\"WebSite\",\"@id\":\"https:\/\/www.husyca.com\/#website\",\"url\":\"https:\/\/www.husyca.com\/\",\"name\":\"Husyca S.A. Husillos y camaras en Barcelona\",\"description\":\"Mecanizado, reparaci\u00f3n y fabricaci\u00f3n de husillos y cilindros de plastificaci\u00f3n, nitrurados, bimetalicos, inyecci\u00f3n, cluatas, portaboquillas, aceros y tratamientos, Aceros de Nitruraci\u00f3n, de temple o inoxidables, C\u00e1maras de Extrusi\u00f3n, monohusillos, Tratamientos superficiales diversos: Cromo duro, SSA, TIN, Niquel qu\u00edmico, C\u00e1maras de extrusi\u00f3n doble husillo paralelas\",\"potentialAction\":[{\"@type\":\"SearchAction\",\"target\":{\"@type\":\"EntryPoint\",\"urlTemplate\":\"https:\/\/www.husyca.com\/?s={search_term_string}\"},\"query-input\":{\"@type\":\"PropertyValueSpecification\",\"valueRequired\":true,\"valueName\":\"search_term_string\"}}],\"inLanguage\":\"pt-PT\"}]}<\/script>\n<!-- \/ Yoast SEO plugin. -->","yoast_head_json":{"title":"Aviso legal - Husyca S.A. Husillos y camaras en Barcelona","robots":{"index":"index","follow":"follow","max-snippet":"max-snippet:-1","max-image-preview":"max-image-preview:large","max-video-preview":"max-video-preview:-1"},"canonical":"https:\/\/www.husyca.com\/pt-pt\/aviso-legal\/","og_locale":"pt_PT","og_type":"article","og_title":"Aviso legal - Husyca S.A. Husillos y camaras en Barcelona","og_description":"OBJETO E ACEITA\u00c7\u00c3O Este aviso legal regula a utiliza\u00e7\u00e3o do site (doravante, O SITE), propriedade da HUSYCA SA. (doravante, O PROPRIET\u00c1RIO DO SITE). A navega\u00e7\u00e3o no s\u00edtio web do TITULAR DO SITE confere-lhe a condi\u00e7\u00e3o de utilizador do mesmo e implica a aceita\u00e7\u00e3o plena e sem reservas de todas e cada uma das disposi\u00e7\u00f5es inclu\u00eddas [&hellip;]","og_url":"https:\/\/www.husyca.com\/pt-pt\/aviso-legal\/","og_site_name":"Husyca S.A. Husillos y camaras en Barcelona","article_publisher":"https:\/\/www.facebook.com\/profile.php?id=100088596826097","article_modified_time":"2025-03-22T19:55:40+00:00","twitter_card":"summary_large_image","twitter_misc":{"Tempo estimado de leitura":"6 minutos"},"schema":{"@context":"https:\/\/schema.org","@graph":[{"@type":"WebPage","@id":"https:\/\/www.husyca.com\/pt-pt\/aviso-legal\/","url":"https:\/\/www.husyca.com\/pt-pt\/aviso-legal\/","name":"Aviso legal - Husyca S.A. Husillos y camaras en Barcelona","isPartOf":{"@id":"https:\/\/www.husyca.com\/#website"},"datePublished":"2022-12-15T13:17:35+00:00","dateModified":"2025-03-22T19:55:40+00:00","breadcrumb":{"@id":"https:\/\/www.husyca.com\/pt-pt\/aviso-legal\/#breadcrumb"},"inLanguage":"pt-PT","potentialAction":[{"@type":"ReadAction","target":["https:\/\/www.husyca.com\/pt-pt\/aviso-legal\/"]}]},{"@type":"BreadcrumbList","@id":"https:\/\/www.husyca.com\/pt-pt\/aviso-legal\/#breadcrumb","itemListElement":[{"@type":"ListItem","position":1,"name":"Portada","item":"https:\/\/www.husyca.com\/pt-pt\/home\/"},{"@type":"ListItem","position":2,"name":"Aviso legal"}]},{"@type":"WebSite","@id":"https:\/\/www.husyca.com\/#website","url":"https:\/\/www.husyca.com\/","name":"Husyca S.A. Husillos y camaras en Barcelona","description":"Mecanizado, reparaci\u00f3n y fabricaci\u00f3n de husillos y cilindros de plastificaci\u00f3n, nitrurados, bimetalicos, inyecci\u00f3n, cluatas, portaboquillas, aceros y tratamientos, Aceros de Nitruraci\u00f3n, de temple o inoxidables, C\u00e1maras de Extrusi\u00f3n, monohusillos, Tratamientos superficiales diversos: Cromo duro, SSA, TIN, Niquel qu\u00edmico, C\u00e1maras de extrusi\u00f3n doble husillo paralelas","potentialAction":[{"@type":"SearchAction","target":{"@type":"EntryPoint","urlTemplate":"https:\/\/www.husyca.com\/?s={search_term_string}"},"query-input":{"@type":"PropertyValueSpecification","valueRequired":true,"valueName":"search_term_string"}}],"inLanguage":"pt-PT"}]}},"_links":{"self":[{"href":"https:\/\/www.husyca.com\/pt-pt\/wp-json\/wp\/v2\/pages\/2961","targetHints":{"allow":["GET"]}}],"collection":[{"href":"https:\/\/www.husyca.com\/pt-pt\/wp-json\/wp\/v2\/pages"}],"about":[{"href":"https:\/\/www.husyca.com\/pt-pt\/wp-json\/wp\/v2\/types\/page"}],"author":[{"embeddable":true,"href":"https:\/\/www.husyca.com\/pt-pt\/wp-json\/wp\/v2\/users\/2"}],"replies":[{"embeddable":true,"href":"https:\/\/www.husyca.com\/pt-pt\/wp-json\/wp\/v2\/comments?post=2961"}],"version-history":[{"count":1,"href":"https:\/\/www.husyca.com\/pt-pt\/wp-json\/wp\/v2\/pages\/2961\/revisions"}],"predecessor-version":[{"id":2962,"href":"https:\/\/www.husyca.com\/pt-pt\/wp-json\/wp\/v2\/pages\/2961\/revisions\/2962"}],"wp:attachment":[{"href":"https:\/\/www.husyca.com\/pt-pt\/wp-json\/wp\/v2\/media?parent=2961"}],"curies":[{"name":"wp","href":"https:\/\/api.w.org\/{rel}","templated":true}]}}