{"id":2954,"date":"2022-12-02T15:30:35","date_gmt":"2022-12-02T15:30:35","guid":{"rendered":"https:\/\/www.husyca.com\/noticias\/"},"modified":"2025-03-22T18:04:49","modified_gmt":"2025-03-22T18:04:49","slug":"noticias","status":"publish","type":"page","link":"https:\/\/www.husyca.com\/pt-pt\/noticias\/","title":{"rendered":"Not\u00edcias"},"content":{"rendered":"\t\t<div data-elementor-type=\"wp-page\" data-elementor-id=\"2954\" class=\"elementor elementor-2954 elementor-470\" data-elementor-post-type=\"page\">\n\t\t\t\t\t\t<section class=\"elementor-section elementor-top-section elementor-element elementor-element-2e6bbcc elementor-section-height-min-height elementor-section-boxed elementor-section-height-default elementor-section-items-middle\" data-id=\"2e6bbcc\" data-element_type=\"section\" data-settings=\"{&quot;background_background&quot;:&quot;classic&quot;,&quot;shape_divider_bottom&quot;:&quot;curve&quot;,&quot;shape_divider_bottom_negative&quot;:&quot;yes&quot;}\">\n\t\t\t\t\t\t\t<div class=\"elementor-background-overlay\"><\/div>\n\t\t\t\t\t\t<div class=\"elementor-shape elementor-shape-bottom\" data-negative=\"true\">\n\t\t\t<svg xmlns=\"http:\/\/www.w3.org\/2000\/svg\" viewBox=\"0 0 1000 100\" preserveAspectRatio=\"none\">\n\t<path class=\"elementor-shape-fill\" d=\"M500,97C126.7,96.3,0.8,19.8,0,0v100l1000,0V1C1000,19.4,873.3,97.8,500,97z\"\/>\n<\/svg>\t\t<\/div>\n\t\t\t\t\t<div class=\"elementor-container elementor-column-gap-default\">\n\t\t\t\t\t<div class=\"elementor-column elementor-col-100 elementor-top-column elementor-element elementor-element-d746895\" data-id=\"d746895\" data-element_type=\"column\">\n\t\t\t<div class=\"elementor-widget-wrap elementor-element-populated\">\n\t\t\t\t\t\t<div class=\"elementor-element elementor-element-d190aae elementor-widget elementor-widget-heading\" data-id=\"d190aae\" data-element_type=\"widget\" data-widget_type=\"heading.default\">\n\t\t\t\t<div class=\"elementor-widget-container\">\n\t\t\t\t\t<h2 class=\"elementor-heading-title elementor-size-default\">Not\u00edcias<\/h2>\t\t\t\t<\/div>\n\t\t\t\t<\/div>\n\t\t\t\t\t<\/div>\n\t\t<\/div>\n\t\t\t\t\t<\/div>\n\t\t<\/section>\n\t\t\t\t<section class=\"elementor-section elementor-top-section elementor-element elementor-element-7cb0d25 elementor-section-boxed elementor-section-height-default elementor-section-height-default\" data-id=\"7cb0d25\" data-element_type=\"section\">\n\t\t\t\t\t\t<div class=\"elementor-container elementor-column-gap-default\">\n\t\t\t\t\t<div class=\"elementor-column elementor-col-100 elementor-top-column elementor-element elementor-element-4d64a1a\" data-id=\"4d64a1a\" data-element_type=\"column\">\n\t\t\t<div class=\"elementor-widget-wrap elementor-element-populated\">\n\t\t\t\t\t\t<div class=\"elementor-element elementor-element-496b2ac elementor-grid-3 elementor-grid-tablet-2 elementor-grid-mobile-1 elementor-posts--thumbnail-top elementor-card-shadow-yes elementor-posts__hover-gradient elementor-widget elementor-widget-posts\" data-id=\"496b2ac\" data-element_type=\"widget\" data-settings=\"{&quot;pagination_type&quot;:&quot;prev_next&quot;,&quot;cards_columns&quot;:&quot;3&quot;,&quot;cards_columns_tablet&quot;:&quot;2&quot;,&quot;cards_columns_mobile&quot;:&quot;1&quot;,&quot;cards_row_gap&quot;:{&quot;unit&quot;:&quot;px&quot;,&quot;size&quot;:35,&quot;sizes&quot;:[]},&quot;cards_row_gap_tablet&quot;:{&quot;unit&quot;:&quot;px&quot;,&quot;size&quot;:&quot;&quot;,&quot;sizes&quot;:[]},&quot;cards_row_gap_mobile&quot;:{&quot;unit&quot;:&quot;px&quot;,&quot;size&quot;:&quot;&quot;,&quot;sizes&quot;:[]}}\" data-widget_type=\"posts.cards\">\n\t\t\t\t<div class=\"elementor-widget-container\">\n\t\t\t\t\t\t\t<div class=\"elementor-posts-container elementor-posts elementor-posts--skin-cards elementor-grid\">\n\t\t\t\t<article class=\"elementor-post elementor-grid-item post-4019 post type-post status-publish format-standard has-post-thumbnail hentry category-sin-categorizar tag-camaras-pt-pt tag-fusos\">\n\t\t\t<div class=\"elementor-post__card\">\n\t\t\t\t<a class=\"elementor-post__thumbnail__link\" href=\"https:\/\/www.husyca.com\/pt-pt\/do-desgaste-a-precisao\/\" tabindex=\"-1\" ><div class=\"elementor-post__thumbnail\"><img fetchpriority=\"high\" decoding=\"async\" width=\"800\" height=\"1000\" src=\"https:\/\/www.husyca.com\/wp-content\/uploads\/2026\/04\/VIEJO-VS-NUEVO-REDES-220426-819x1024.png\" class=\"attachment-large size-large wp-image-4011\" alt=\"\" srcset=\"https:\/\/www.husyca.com\/wp-content\/uploads\/2026\/04\/VIEJO-VS-NUEVO-REDES-220426-819x1024.png 819w, https:\/\/www.husyca.com\/wp-content\/uploads\/2026\/04\/VIEJO-VS-NUEVO-REDES-220426-240x300.png 240w, https:\/\/www.husyca.com\/wp-content\/uploads\/2026\/04\/VIEJO-VS-NUEVO-REDES-220426-768x960.png 768w, https:\/\/www.husyca.com\/wp-content\/uploads\/2026\/04\/VIEJO-VS-NUEVO-REDES-220426.png 1080w\" sizes=\"(max-width: 800px) 100vw, 800px\" \/><\/div><\/a>\n\t\t\t\t<div class=\"elementor-post__text\">\n\t\t\t\t<h3 class=\"elementor-post__title\">\n\t\t\t<a href=\"https:\/\/www.husyca.com\/pt-pt\/do-desgaste-a-precisao\/\" >\n\t\t\t\tDo desgaste \u00e0 precis\u00e3o\t\t\t<\/a>\n\t\t<\/h3>\n\t\t\t\t<div class=\"elementor-post__excerpt\">\n\t\t\t<p>O mesmo design, o mesmo desempenho, a m\u00e1xima qualidade na usinagem. Na Husyca, transformamos o desgaste em precis\u00e3o.<\/p>\n\t\t<\/div>\n\t\t\t\t<\/div>\n\t\t\t\t<div class=\"elementor-post__meta-data\">\n\t\t\t\t\t<span class=\"elementor-post-date\">\n\t\t\tAbril 22, 2026\t\t<\/span>\n\t\t\t\t<span class=\"elementor-post-avatar\">\n\t\t\tSem coment\u00e1rios\t\t<\/span>\n\t\t\t\t<\/div>\n\t\t\t\t\t<\/div>\n\t\t<\/article>\n\t\t\t\t<article class=\"elementor-post elementor-grid-item post-4001 post type-post status-publish format-standard has-post-thumbnail hentry category-sin-categorizar\">\n\t\t\t<div class=\"elementor-post__card\">\n\t\t\t\t<a class=\"elementor-post__thumbnail__link\" href=\"https:\/\/www.husyca.com\/pt-pt\/parabens-campeao\/\" tabindex=\"-1\" ><div class=\"elementor-post__thumbnail\"><img decoding=\"async\" width=\"800\" height=\"954\" src=\"https:\/\/www.husyca.com\/wp-content\/uploads\/2026\/04\/FOTO-JOEL-CRUZ-PATROCINIO-130426-859x1024.jpeg\" class=\"attachment-large size-large wp-image-3991\" alt=\"\" srcset=\"https:\/\/www.husyca.com\/wp-content\/uploads\/2026\/04\/FOTO-JOEL-CRUZ-PATROCINIO-130426-859x1024.jpeg 859w, https:\/\/www.husyca.com\/wp-content\/uploads\/2026\/04\/FOTO-JOEL-CRUZ-PATROCINIO-130426-252x300.jpeg 252w, https:\/\/www.husyca.com\/wp-content\/uploads\/2026\/04\/FOTO-JOEL-CRUZ-PATROCINIO-130426-768x916.jpeg 768w, https:\/\/www.husyca.com\/wp-content\/uploads\/2026\/04\/FOTO-JOEL-CRUZ-PATROCINIO-130426.jpeg 916w\" sizes=\"(max-width: 800px) 100vw, 800px\" \/><\/div><\/a>\n\t\t\t\t<div class=\"elementor-post__text\">\n\t\t\t\t<h3 class=\"elementor-post__title\">\n\t\t\t<a href=\"https:\/\/www.husyca.com\/pt-pt\/parabens-campeao\/\" >\n\t\t\t\tParab\u00e9ns, campe\u00e3o!\t\t\t<\/a>\n\t\t<\/h3>\n\t\t\t\t<div class=\"elementor-post__excerpt\">\n\t\t\t<p>Hoje felicitamos Joel Cruz, uma das nossas jovens promessas, pelo seu recente sucesso.<\/p>\n\t\t<\/div>\n\t\t\t\t<\/div>\n\t\t\t\t<div class=\"elementor-post__meta-data\">\n\t\t\t\t\t<span class=\"elementor-post-date\">\n\t\t\tAbril 15, 2026\t\t<\/span>\n\t\t\t\t<span class=\"elementor-post-avatar\">\n\t\t\tSem coment\u00e1rios\t\t<\/span>\n\t\t\t\t<\/div>\n\t\t\t\t\t<\/div>\n\t\t<\/article>\n\t\t\t\t<article class=\"elementor-post elementor-grid-item post-3984 post type-post status-publish format-standard has-post-thumbnail hentry category-sin-categorizar tag-pontas-de-fuso-de-injeccao\">\n\t\t\t<div class=\"elementor-post__card\">\n\t\t\t\t<a class=\"elementor-post__thumbnail__link\" href=\"https:\/\/www.husyca.com\/pt-pt\/stock-de-pontas\/\" tabindex=\"-1\" ><div class=\"elementor-post__thumbnail\"><img decoding=\"async\" width=\"800\" height=\"640\" src=\"https:\/\/www.husyca.com\/wp-content\/uploads\/2026\/04\/STOCK-PUNTAS-REDES-100426-1024x819.jpg\" class=\"attachment-large size-large wp-image-3970\" alt=\"\" srcset=\"https:\/\/www.husyca.com\/wp-content\/uploads\/2026\/04\/STOCK-PUNTAS-REDES-100426-1024x819.jpg 1024w, https:\/\/www.husyca.com\/wp-content\/uploads\/2026\/04\/STOCK-PUNTAS-REDES-100426-300x240.jpg 300w, https:\/\/www.husyca.com\/wp-content\/uploads\/2026\/04\/STOCK-PUNTAS-REDES-100426-768x614.jpg 768w, https:\/\/www.husyca.com\/wp-content\/uploads\/2026\/04\/STOCK-PUNTAS-REDES-100426-1536x1229.jpg 1536w, https:\/\/www.husyca.com\/wp-content\/uploads\/2026\/04\/STOCK-PUNTAS-REDES-100426.jpg 2000w\" sizes=\"(max-width: 800px) 100vw, 800px\" \/><\/div><\/a>\n\t\t\t\t<div class=\"elementor-post__text\">\n\t\t\t\t<h3 class=\"elementor-post__title\">\n\t\t\t<a href=\"https:\/\/www.husyca.com\/pt-pt\/stock-de-pontas\/\" >\n\t\t\t\tStock de pontas\t\t\t<\/a>\n\t\t<\/h3>\n\t\t\t\t<div class=\"elementor-post__excerpt\">\n\t\t\t<p>Dispomos de um vasto stock de pontas.<\/p>\n\t\t<\/div>\n\t\t\t\t<\/div>\n\t\t\t\t<div class=\"elementor-post__meta-data\">\n\t\t\t\t\t<span class=\"elementor-post-date\">\n\t\t\tAbril 13, 2026\t\t<\/span>\n\t\t\t\t<span class=\"elementor-post-avatar\">\n\t\t\tSem coment\u00e1rios\t\t<\/span>\n\t\t\t\t<\/div>\n\t\t\t\t\t<\/div>\n\t\t<\/article>\n\t\t\t\t<article class=\"elementor-post elementor-grid-item post-3962 post type-post status-publish format-standard has-post-thumbnail hentry category-sin-categorizar tag-camaras-pt-pt tag-equiplast-pt-pt tag-extrusao tag-fusos tag-injecao\">\n\t\t\t<div class=\"elementor-post__card\">\n\t\t\t\t<a class=\"elementor-post__thumbnail__link\" href=\"https:\/\/www.husyca.com\/pt-pt\/contagem-decrescente-para-a-equiplast-2026\/\" tabindex=\"-1\" ><div class=\"elementor-post__thumbnail\"><img loading=\"lazy\" decoding=\"async\" width=\"800\" height=\"1000\" src=\"https:\/\/www.husyca.com\/wp-content\/uploads\/2026\/03\/equiplast26-POST-REDES-819x1024.png\" class=\"attachment-large size-large wp-image-3954\" alt=\"\" srcset=\"https:\/\/www.husyca.com\/wp-content\/uploads\/2026\/03\/equiplast26-POST-REDES-819x1024.png 819w, https:\/\/www.husyca.com\/wp-content\/uploads\/2026\/03\/equiplast26-POST-REDES-240x300.png 240w, https:\/\/www.husyca.com\/wp-content\/uploads\/2026\/03\/equiplast26-POST-REDES-768x960.png 768w, https:\/\/www.husyca.com\/wp-content\/uploads\/2026\/03\/equiplast26-POST-REDES.png 1080w\" sizes=\"(max-width: 800px) 100vw, 800px\" \/><\/div><\/a>\n\t\t\t\t<div class=\"elementor-post__text\">\n\t\t\t\t<h3 class=\"elementor-post__title\">\n\t\t\t<a href=\"https:\/\/www.husyca.com\/pt-pt\/contagem-decrescente-para-a-equiplast-2026\/\" >\n\t\t\t\tContagem decrescente para a EQUIPLAST 2026\t\t\t<\/a>\n\t\t<\/h3>\n\t\t\t\t<div class=\"elementor-post__excerpt\">\n\t\t\t<p>Come\u00e7a a contagem decrescente para a EQUIPLAST 2026! A HUSYCA estar\u00e1 presente de 2 a 5 de junho na Fira de Barcelona \u2013 Gran V\u00eda,<\/p>\n\t\t<\/div>\n\t\t\t\t<\/div>\n\t\t\t\t<div class=\"elementor-post__meta-data\">\n\t\t\t\t\t<span class=\"elementor-post-date\">\n\t\t\tMar\u00e7o 27, 2026\t\t<\/span>\n\t\t\t\t<span class=\"elementor-post-avatar\">\n\t\t\tSem coment\u00e1rios\t\t<\/span>\n\t\t\t\t<\/div>\n\t\t\t\t\t<\/div>\n\t\t<\/article>\n\t\t\t\t<article class=\"elementor-post elementor-grid-item post-3946 post type-post status-publish format-standard has-post-thumbnail hentry category-sin-categorizar\">\n\t\t\t<div class=\"elementor-post__card\">\n\t\t\t\t<a class=\"elementor-post__thumbnail__link\" href=\"https:\/\/www.husyca.com\/pt-pt\/plastics-rubber-spain-2026\/\" tabindex=\"-1\" ><div class=\"elementor-post__thumbnail\"><img loading=\"lazy\" decoding=\"async\" width=\"800\" height=\"600\" src=\"https:\/\/www.husyca.com\/wp-content\/uploads\/2026\/03\/FOTO-PR-10-1024x768.jpeg\" class=\"attachment-large size-large wp-image-3932\" alt=\"\" srcset=\"https:\/\/www.husyca.com\/wp-content\/uploads\/2026\/03\/FOTO-PR-10-1024x768.jpeg 1024w, https:\/\/www.husyca.com\/wp-content\/uploads\/2026\/03\/FOTO-PR-10-300x225.jpeg 300w, https:\/\/www.husyca.com\/wp-content\/uploads\/2026\/03\/FOTO-PR-10-768x576.jpeg 768w, https:\/\/www.husyca.com\/wp-content\/uploads\/2026\/03\/FOTO-PR-10-1536x1152.jpeg 1536w, https:\/\/www.husyca.com\/wp-content\/uploads\/2026\/03\/FOTO-PR-10.jpeg 1600w\" sizes=\"(max-width: 800px) 100vw, 800px\" \/><\/div><\/a>\n\t\t\t\t<div class=\"elementor-post__text\">\n\t\t\t\t<h3 class=\"elementor-post__title\">\n\t\t\t<a href=\"https:\/\/www.husyca.com\/pt-pt\/plastics-rubber-spain-2026\/\" >\n\t\t\t\tPlastics &amp; Rubber Spain 2026\t\t\t<\/a>\n\t\t<\/h3>\n\t\t\t\t<div class=\"elementor-post__excerpt\">\n\t\t\t<p>Partilhamos alguns momentos da nossa participa\u00e7\u00e3o na Plastics &amp; Rubber Spain 2026, onde tivemos a oportunidade de receber in\u00fameros profissionais do setor no nosso stand.<\/p>\n\t\t<\/div>\n\t\t\t\t<\/div>\n\t\t\t\t<div class=\"elementor-post__meta-data\">\n\t\t\t\t\t<span class=\"elementor-post-date\">\n\t\t\tMar\u00e7o 17, 2026\t\t<\/span>\n\t\t\t\t<span class=\"elementor-post-avatar\">\n\t\t\tSem coment\u00e1rios\t\t<\/span>\n\t\t\t\t<\/div>\n\t\t\t\t\t<\/div>\n\t\t<\/article>\n\t\t\t\t<article class=\"elementor-post elementor-grid-item post-3924 post type-post status-publish format-standard has-post-thumbnail hentry category-sin-categorizar tag-extrusao tag-fusos tag-injecao tag-reparacao\">\n\t\t\t<div class=\"elementor-post__card\">\n\t\t\t\t<a class=\"elementor-post__thumbnail__link\" href=\"https:\/\/www.husyca.com\/pt-pt\/reparacao-de-fusos\/\" tabindex=\"-1\" ><div class=\"elementor-post__thumbnail\"><img loading=\"lazy\" decoding=\"async\" width=\"800\" height=\"402\" src=\"https:\/\/www.husyca.com\/wp-content\/uploads\/2026\/02\/PUBLICACION-REDES-260226-1024x515.png\" class=\"attachment-large size-large wp-image-3916\" alt=\"\" srcset=\"https:\/\/www.husyca.com\/wp-content\/uploads\/2026\/02\/PUBLICACION-REDES-260226-1024x515.png 1024w, https:\/\/www.husyca.com\/wp-content\/uploads\/2026\/02\/PUBLICACION-REDES-260226-300x151.png 300w, https:\/\/www.husyca.com\/wp-content\/uploads\/2026\/02\/PUBLICACION-REDES-260226-768x387.png 768w, https:\/\/www.husyca.com\/wp-content\/uploads\/2026\/02\/PUBLICACION-REDES-260226-1536x773.png 1536w, https:\/\/www.husyca.com\/wp-content\/uploads\/2026\/02\/PUBLICACION-REDES-260226.png 1776w\" sizes=\"(max-width: 800px) 100vw, 800px\" \/><\/div><\/a>\n\t\t\t\t<div class=\"elementor-post__text\">\n\t\t\t\t<h3 class=\"elementor-post__title\">\n\t\t\t<a href=\"https:\/\/www.husyca.com\/pt-pt\/reparacao-de-fusos\/\" >\n\t\t\t\tRepara\u00e7\u00e3o de fusos\t\t\t<\/a>\n\t\t<\/h3>\n\t\t\t\t<div class=\"elementor-post__excerpt\">\n\t\t\t<p>H\u00e1 momentos em que n\u00e3o se trata de decidir entre fabricar um fuso novo ou reparar o existente, a verdadeira decis\u00e3o geralmente baseia-se no tempo<\/p>\n\t\t<\/div>\n\t\t\t\t<\/div>\n\t\t\t\t<div class=\"elementor-post__meta-data\">\n\t\t\t\t\t<span class=\"elementor-post-date\">\n\t\t\tFevereiro 27, 2026\t\t<\/span>\n\t\t\t\t<span class=\"elementor-post-avatar\">\n\t\t\tSem coment\u00e1rios\t\t<\/span>\n\t\t\t\t<\/div>\n\t\t\t\t\t<\/div>\n\t\t<\/article>\n\t\t\t\t<\/div>\n\t\t\n\t\t\t\t<div class=\"e-load-more-anchor\" data-page=\"1\" data-max-page=\"16\" data-next-page=\"https:\/\/www.husyca.com\/pt-pt\/wp-json\/wp\/v2\/pages\/2954\/page\/2\/\"><\/div>\n\t\t\t\t<nav class=\"elementor-pagination\" aria-label=\"Pagination\">\n\t\t\t<span class=\"page-numbers prev\">\u00ab Seguindo<\/span>\n<a class=\"page-numbers next\" href=\"https:\/\/www.husyca.com\/pt-pt\/wp-json\/wp\/v2\/pages\/2954\/page\/2\/\">Antigo \u00bb<\/a>\t\t<\/nav>\n\t\t\t\t\t\t<\/div>\n\t\t\t\t<\/div>\n\t\t\t\t\t<\/div>\n\t\t<\/div>\n\t\t\t\t\t<\/div>\n\t\t<\/section>\n\t\t\t\t<\/div>\n\t\t","protected":false},"excerpt":{"rendered":"","protected":false},"author":1,"featured_media":0,"parent":0,"menu_order":0,"comment_status":"closed","ping_status":"closed","template":"elementor_header_footer","meta":{"_joinchat":[],"footnotes":""},"class_list":["post-2954","page","type-page","status-publish","hentry"],"yoast_head":"<!-- This site is optimized with the Yoast SEO plugin v24.3 - https:\/\/yoast.com\/wordpress\/plugins\/seo\/ -->\n<title>Not\u00edcias - Husyca S.A. Husillos y camaras en Barcelona<\/title>\n<meta name=\"robots\" content=\"index, follow, max-snippet:-1, max-image-preview:large, max-video-preview:-1\" \/>\n<link rel=\"canonical\" href=\"https:\/\/www.husyca.com\/pt-pt\/noticias\/\" \/>\n<meta property=\"og:locale\" content=\"pt_PT\" \/>\n<meta property=\"og:type\" content=\"article\" \/>\n<meta property=\"og:title\" content=\"Not\u00edcias - Husyca S.A. Husillos y camaras en Barcelona\" \/>\n<meta property=\"og:url\" content=\"https:\/\/www.husyca.com\/pt-pt\/noticias\/\" \/>\n<meta property=\"og:site_name\" content=\"Husyca S.A. Husillos y camaras en Barcelona\" \/>\n<meta property=\"article:publisher\" content=\"https:\/\/www.facebook.com\/profile.php?id=100088596826097\" \/>\n<meta property=\"article:modified_time\" content=\"2025-03-22T18:04:49+00:00\" \/>\n<meta name=\"twitter:card\" content=\"summary_large_image\" \/>\n<script type=\"application\/ld+json\" class=\"yoast-schema-graph\">{\"@context\":\"https:\/\/schema.org\",\"@graph\":[{\"@type\":\"WebPage\",\"@id\":\"https:\/\/www.husyca.com\/pt-pt\/noticias\/\",\"url\":\"https:\/\/www.husyca.com\/pt-pt\/noticias\/\",\"name\":\"Not\u00edcias - Husyca S.A. Husillos y camaras en Barcelona\",\"isPartOf\":{\"@id\":\"https:\/\/www.husyca.com\/#website\"},\"datePublished\":\"2022-12-02T15:30:35+00:00\",\"dateModified\":\"2025-03-22T18:04:49+00:00\",\"breadcrumb\":{\"@id\":\"https:\/\/www.husyca.com\/pt-pt\/noticias\/#breadcrumb\"},\"inLanguage\":\"pt-PT\",\"potentialAction\":[{\"@type\":\"ReadAction\",\"target\":[\"https:\/\/www.husyca.com\/pt-pt\/noticias\/\"]}]},{\"@type\":\"BreadcrumbList\",\"@id\":\"https:\/\/www.husyca.com\/pt-pt\/noticias\/#breadcrumb\",\"itemListElement\":[{\"@type\":\"ListItem\",\"position\":1,\"name\":\"Portada\",\"item\":\"https:\/\/www.husyca.com\/pt-pt\/home\/\"},{\"@type\":\"ListItem\",\"position\":2,\"name\":\"Not\u00edcias\"}]},{\"@type\":\"WebSite\",\"@id\":\"https:\/\/www.husyca.com\/#website\",\"url\":\"https:\/\/www.husyca.com\/\",\"name\":\"Husyca S.A. Husillos y camaras en Barcelona\",\"description\":\"Mecanizado, reparaci\u00f3n y fabricaci\u00f3n de husillos y cilindros de plastificaci\u00f3n, nitrurados, bimetalicos, inyecci\u00f3n, cluatas, portaboquillas, aceros y tratamientos, Aceros de Nitruraci\u00f3n, de temple o inoxidables, C\u00e1maras de Extrusi\u00f3n, monohusillos, Tratamientos superficiales diversos: Cromo duro, SSA, TIN, Niquel qu\u00edmico, C\u00e1maras de extrusi\u00f3n doble husillo paralelas\",\"potentialAction\":[{\"@type\":\"SearchAction\",\"target\":{\"@type\":\"EntryPoint\",\"urlTemplate\":\"https:\/\/www.husyca.com\/?s={search_term_string}\"},\"query-input\":{\"@type\":\"PropertyValueSpecification\",\"valueRequired\":true,\"valueName\":\"search_term_string\"}}],\"inLanguage\":\"pt-PT\"}]}<\/script>\n<!-- \/ Yoast SEO plugin. -->","yoast_head_json":{"title":"Not\u00edcias - Husyca S.A. Husillos y camaras en Barcelona","robots":{"index":"index","follow":"follow","max-snippet":"max-snippet:-1","max-image-preview":"max-image-preview:large","max-video-preview":"max-video-preview:-1"},"canonical":"https:\/\/www.husyca.com\/pt-pt\/noticias\/","og_locale":"pt_PT","og_type":"article","og_title":"Not\u00edcias - Husyca S.A. Husillos y camaras en Barcelona","og_url":"https:\/\/www.husyca.com\/pt-pt\/noticias\/","og_site_name":"Husyca S.A. Husillos y camaras en Barcelona","article_publisher":"https:\/\/www.facebook.com\/profile.php?id=100088596826097","article_modified_time":"2025-03-22T18:04:49+00:00","twitter_card":"summary_large_image","schema":{"@context":"https:\/\/schema.org","@graph":[{"@type":"WebPage","@id":"https:\/\/www.husyca.com\/pt-pt\/noticias\/","url":"https:\/\/www.husyca.com\/pt-pt\/noticias\/","name":"Not\u00edcias - Husyca S.A. Husillos y camaras en Barcelona","isPartOf":{"@id":"https:\/\/www.husyca.com\/#website"},"datePublished":"2022-12-02T15:30:35+00:00","dateModified":"2025-03-22T18:04:49+00:00","breadcrumb":{"@id":"https:\/\/www.husyca.com\/pt-pt\/noticias\/#breadcrumb"},"inLanguage":"pt-PT","potentialAction":[{"@type":"ReadAction","target":["https:\/\/www.husyca.com\/pt-pt\/noticias\/"]}]},{"@type":"BreadcrumbList","@id":"https:\/\/www.husyca.com\/pt-pt\/noticias\/#breadcrumb","itemListElement":[{"@type":"ListItem","position":1,"name":"Portada","item":"https:\/\/www.husyca.com\/pt-pt\/home\/"},{"@type":"ListItem","position":2,"name":"Not\u00edcias"}]},{"@type":"WebSite","@id":"https:\/\/www.husyca.com\/#website","url":"https:\/\/www.husyca.com\/","name":"Husyca S.A. Husillos y camaras en Barcelona","description":"Mecanizado, reparaci\u00f3n y fabricaci\u00f3n de husillos y cilindros de plastificaci\u00f3n, nitrurados, bimetalicos, inyecci\u00f3n, cluatas, portaboquillas, aceros y tratamientos, Aceros de Nitruraci\u00f3n, de temple o inoxidables, C\u00e1maras de Extrusi\u00f3n, monohusillos, Tratamientos superficiales diversos: Cromo duro, SSA, TIN, Niquel qu\u00edmico, C\u00e1maras de extrusi\u00f3n doble husillo paralelas","potentialAction":[{"@type":"SearchAction","target":{"@type":"EntryPoint","urlTemplate":"https:\/\/www.husyca.com\/?s={search_term_string}"},"query-input":{"@type":"PropertyValueSpecification","valueRequired":true,"valueName":"search_term_string"}}],"inLanguage":"pt-PT"}]}},"_links":{"self":[{"href":"https:\/\/www.husyca.com\/pt-pt\/wp-json\/wp\/v2\/pages\/2954","targetHints":{"allow":["GET"]}}],"collection":[{"href":"https:\/\/www.husyca.com\/pt-pt\/wp-json\/wp\/v2\/pages"}],"about":[{"href":"https:\/\/www.husyca.com\/pt-pt\/wp-json\/wp\/v2\/types\/page"}],"author":[{"embeddable":true,"href":"https:\/\/www.husyca.com\/pt-pt\/wp-json\/wp\/v2\/users\/1"}],"replies":[{"embeddable":true,"href":"https:\/\/www.husyca.com\/pt-pt\/wp-json\/wp\/v2\/comments?post=2954"}],"version-history":[{"count":1,"href":"https:\/\/www.husyca.com\/pt-pt\/wp-json\/wp\/v2\/pages\/2954\/revisions"}],"predecessor-version":[{"id":2955,"href":"https:\/\/www.husyca.com\/pt-pt\/wp-json\/wp\/v2\/pages\/2954\/revisions\/2955"}],"wp:attachment":[{"href":"https:\/\/www.husyca.com\/pt-pt\/wp-json\/wp\/v2\/media?parent=2954"}],"curies":[{"name":"wp","href":"https:\/\/api.w.org\/{rel}","templated":true}]}}