{"id":2950,"date":"2022-11-30T19:27:34","date_gmt":"2022-11-30T19:27:34","guid":{"rendered":"https:\/\/www.husyca.com\/reparos\/"},"modified":"2025-04-14T20:57:50","modified_gmt":"2025-04-14T20:57:50","slug":"reparos","status":"publish","type":"page","link":"https:\/\/www.husyca.com\/pt-pt\/reparos\/","title":{"rendered":"Reparos"},"content":{"rendered":"\t\t<div data-elementor-type=\"wp-page\" data-elementor-id=\"2950\" class=\"elementor elementor-2950 elementor-250\" data-elementor-post-type=\"page\">\n\t\t\t\t\t\t<section class=\"elementor-section elementor-top-section elementor-element elementor-element-5363476 elementor-section-height-min-height elementor-section-boxed elementor-section-height-default elementor-section-items-middle\" data-id=\"5363476\" data-element_type=\"section\" data-settings=\"{&quot;background_background&quot;:&quot;classic&quot;,&quot;shape_divider_bottom&quot;:&quot;curve&quot;,&quot;shape_divider_bottom_negative&quot;:&quot;yes&quot;}\">\n\t\t\t\t\t\t\t<div class=\"elementor-background-overlay\"><\/div>\n\t\t\t\t\t\t<div class=\"elementor-shape elementor-shape-bottom\" data-negative=\"true\">\n\t\t\t<svg xmlns=\"http:\/\/www.w3.org\/2000\/svg\" viewBox=\"0 0 1000 100\" preserveAspectRatio=\"none\">\n\t<path class=\"elementor-shape-fill\" d=\"M500,97C126.7,96.3,0.8,19.8,0,0v100l1000,0V1C1000,19.4,873.3,97.8,500,97z\"\/>\n<\/svg>\t\t<\/div>\n\t\t\t\t\t<div class=\"elementor-container elementor-column-gap-default\">\n\t\t\t\t\t<div class=\"elementor-column elementor-col-100 elementor-top-column elementor-element elementor-element-60c9725\" data-id=\"60c9725\" data-element_type=\"column\">\n\t\t\t<div class=\"elementor-widget-wrap elementor-element-populated\">\n\t\t\t\t\t\t<div class=\"elementor-element elementor-element-550285b elementor-widget elementor-widget-heading\" data-id=\"550285b\" data-element_type=\"widget\" data-widget_type=\"heading.default\">\n\t\t\t\t<div class=\"elementor-widget-container\">\n\t\t\t\t\t<h2 class=\"elementor-heading-title elementor-size-default\">Reparos<\/h2>\t\t\t\t<\/div>\n\t\t\t\t<\/div>\n\t\t\t\t\t<\/div>\n\t\t<\/div>\n\t\t\t\t\t<\/div>\n\t\t<\/section>\n\t\t\t\t<section class=\"elementor-section elementor-top-section elementor-element elementor-element-96a9901 elementor-section-boxed elementor-section-height-default elementor-section-height-default\" data-id=\"96a9901\" data-element_type=\"section\">\n\t\t\t\t\t\t<div class=\"elementor-container elementor-column-gap-default\">\n\t\t\t\t\t<div class=\"elementor-column elementor-col-100 elementor-top-column elementor-element elementor-element-2af453e\" data-id=\"2af453e\" data-element_type=\"column\">\n\t\t\t<div class=\"elementor-widget-wrap elementor-element-populated\">\n\t\t\t\t\t\t<div class=\"elementor-element elementor-element-524a4f3 elementor-widget elementor-widget-text-editor\" data-id=\"524a4f3\" data-element_type=\"widget\" data-widget_type=\"text-editor.default\">\n\t\t\t\t<div class=\"elementor-widget-container\">\n\t\t\t\t\t\t\t\t\t<p>Contamos com os melhores especialistas em diagnosticar problemas e resolv\u00ea-los.<br \/>Para isso, dispomos tamb\u00e9m da melhor tecnologia para reparar todo o tipo de fusos, c\u00e2maras, etc.<\/p>\n\t\t\t\t\t\t\t\t<\/div>\n\t\t\t\t<\/div>\n\t\t\t\t<section class=\"elementor-section elementor-inner-section elementor-element elementor-element-a8ff918 elementor-section-boxed elementor-section-height-default elementor-section-height-default\" data-id=\"a8ff918\" data-element_type=\"section\">\n\t\t\t\t\t\t<div class=\"elementor-container elementor-column-gap-default\">\n\t\t\t\t\t<div class=\"elementor-column elementor-col-50 elementor-inner-column elementor-element elementor-element-e877cff\" data-id=\"e877cff\" data-element_type=\"column\">\n\t\t\t<div class=\"elementor-widget-wrap elementor-element-populated\">\n\t\t\t\t\t\t<div class=\"elementor-element elementor-element-16305b5 elementor-position-top elementor-widget elementor-widget-image-box\" data-id=\"16305b5\" data-element_type=\"widget\" data-widget_type=\"image-box.default\">\n\t\t\t\t<div class=\"elementor-widget-container\">\n\t\t\t\t\t<div class=\"elementor-image-box-wrapper\"><figure class=\"elementor-image-box-img\"><img fetchpriority=\"high\" decoding=\"async\" width=\"560\" height=\"290\" src=\"https:\/\/www.husyca.com\/wp-content\/uploads\/2022\/12\/reparaciones1.jpg\" class=\"attachment-full size-full wp-image-319\" alt=\"\" srcset=\"https:\/\/www.husyca.com\/wp-content\/uploads\/2022\/12\/reparaciones1.jpg 560w, https:\/\/www.husyca.com\/wp-content\/uploads\/2022\/12\/reparaciones1-300x155.jpg 300w\" sizes=\"(max-width: 560px) 100vw, 560px\" \/><\/figure><div class=\"elementor-image-box-content\"><h3 class=\"elementor-image-box-title\">Repara\u00e7\u00e3o de c\u00e2mera<\/h3><p class=\"elementor-image-box-description\">Uma vez que a c\u00e2mara tenha sido diagnosticada como portadora de desgaste, o problema pode ser resolvido de duas formas diferentes:\n<\/br>\n1.\u00ba O di\u00e2metro interior da referida c\u00e2mara \u00e9 aumentado o menos poss\u00edvel (em fun\u00e7\u00e3o do desgaste) para se obter uma c\u00e2mara de maior di\u00e2metro, mas completamente cil\u00edndrica e homog\u00e9nea.\n<\/br>\n2.\u00ba O di\u00e2metro interior da referida c\u00e2mara \u00e9 aumentado at\u00e9 que uma bucha possa ser inserida. Desta forma a c\u00e2mara permanecer\u00e1 com o di\u00e2metro nominal, sem qualquer aumento.<\/p><\/div><\/div>\t\t\t\t<\/div>\n\t\t\t\t<\/div>\n\t\t\t\t\t<\/div>\n\t\t<\/div>\n\t\t\t\t<div class=\"elementor-column elementor-col-50 elementor-inner-column elementor-element elementor-element-9f1c624\" data-id=\"9f1c624\" data-element_type=\"column\">\n\t\t\t<div class=\"elementor-widget-wrap elementor-element-populated\">\n\t\t\t\t\t\t<div class=\"elementor-element elementor-element-dac11a7 elementor-position-top elementor-widget elementor-widget-image-box\" data-id=\"dac11a7\" data-element_type=\"widget\" data-widget_type=\"image-box.default\">\n\t\t\t\t<div class=\"elementor-widget-container\">\n\t\t\t\t\t<div class=\"elementor-image-box-wrapper\"><figure class=\"elementor-image-box-img\"><img decoding=\"async\" width=\"560\" height=\"290\" src=\"https:\/\/www.husyca.com\/wp-content\/uploads\/2022\/12\/reparaciones2.jpg\" class=\"attachment-full size-full wp-image-320\" alt=\"\" srcset=\"https:\/\/www.husyca.com\/wp-content\/uploads\/2022\/12\/reparaciones2.jpg 560w, https:\/\/www.husyca.com\/wp-content\/uploads\/2022\/12\/reparaciones2-300x155.jpg 300w\" sizes=\"(max-width: 560px) 100vw, 560px\" \/><\/figure><div class=\"elementor-image-box-content\"><h3 class=\"elementor-image-box-title\">Repara\u00e7\u00e3o de fuso<\/h3><p class=\"elementor-image-box-description\">Uma vez diagnosticado o desgaste do fuso, a repara\u00e7\u00e3o consiste no seguinte:\n<\/br>\nToda a rosca do fuso \u00e9 baixada (retificada) e depois \u00e9 feita uma contribui\u00e7\u00e3o de soldadura para deixar o fuso na mesma medida da c\u00e2mara. A liga de soldadura fornecida ser\u00e1 aquela que melhor se adequar\u00e1 \u00e0s necessidades do cliente.<\/p><\/div><\/div>\t\t\t\t<\/div>\n\t\t\t\t<\/div>\n\t\t\t\t\t<\/div>\n\t\t<\/div>\n\t\t\t\t\t<\/div>\n\t\t<\/section>\n\t\t\t\t\t<\/div>\n\t\t<\/div>\n\t\t\t\t\t<\/div>\n\t\t<\/section>\n\t\t\t\t<\/div>\n\t\t","protected":false},"excerpt":{"rendered":"<p>Contamos com os melhores especialistas em diagnosticar problemas e resolv\u00ea-los.Para isso, dispomos tamb\u00e9m da melhor tecnologia para reparar todo o tipo de fusos, c\u00e2maras, etc. Repara\u00e7\u00e3o de c\u00e2mera Uma vez que a c\u00e2mara tenha sido diagnosticada como portadora de desgaste, o problema pode ser resolvido de duas formas diferentes: 1.\u00ba O di\u00e2metro interior da referida [&hellip;]<\/p>\n","protected":false},"author":1,"featured_media":0,"parent":0,"menu_order":0,"comment_status":"closed","ping_status":"closed","template":"elementor_header_footer","meta":{"_joinchat":[],"footnotes":""},"class_list":["post-2950","page","type-page","status-publish","hentry"],"yoast_head":"<!-- This site is optimized with the Yoast SEO plugin v24.3 - https:\/\/yoast.com\/wordpress\/plugins\/seo\/ -->\n<title>Reparos - Husyca S.A. Husillos y camaras en Barcelona<\/title>\n<meta name=\"robots\" content=\"index, follow, max-snippet:-1, max-image-preview:large, max-video-preview:-1\" \/>\n<link rel=\"canonical\" href=\"https:\/\/www.husyca.com\/pt-pt\/reparos\/\" \/>\n<meta property=\"og:locale\" content=\"pt_PT\" \/>\n<meta property=\"og:type\" content=\"article\" \/>\n<meta property=\"og:title\" content=\"Reparos - Husyca S.A. Husillos y camaras en Barcelona\" \/>\n<meta property=\"og:description\" content=\"Contamos com os melhores especialistas em diagnosticar problemas e resolv\u00ea-los.Para isso, dispomos tamb\u00e9m da melhor tecnologia para reparar todo o tipo de fusos, c\u00e2maras, etc. Repara\u00e7\u00e3o de c\u00e2mera Uma vez que a c\u00e2mara tenha sido diagnosticada como portadora de desgaste, o problema pode ser resolvido de duas formas diferentes: 1.\u00ba O di\u00e2metro interior da referida [&hellip;]\" \/>\n<meta property=\"og:url\" content=\"https:\/\/www.husyca.com\/pt-pt\/reparos\/\" \/>\n<meta property=\"og:site_name\" content=\"Husyca S.A. Husillos y camaras en Barcelona\" \/>\n<meta property=\"article:publisher\" content=\"https:\/\/www.facebook.com\/profile.php?id=100088596826097\" \/>\n<meta property=\"article:modified_time\" content=\"2025-04-14T20:57:50+00:00\" \/>\n<meta property=\"og:image\" content=\"https:\/\/www.husyca.com\/wp-content\/uploads\/2022\/12\/reparaciones1.jpg\" \/>\n\t<meta property=\"og:image:width\" content=\"560\" \/>\n\t<meta property=\"og:image:height\" content=\"290\" \/>\n\t<meta property=\"og:image:type\" content=\"image\/jpeg\" \/>\n<meta name=\"twitter:card\" content=\"summary_large_image\" \/>\n<meta name=\"twitter:label1\" content=\"Tempo estimado de leitura\" \/>\n\t<meta name=\"twitter:data1\" content=\"1 minuto\" \/>\n<script type=\"application\/ld+json\" class=\"yoast-schema-graph\">{\"@context\":\"https:\/\/schema.org\",\"@graph\":[{\"@type\":\"WebPage\",\"@id\":\"https:\/\/www.husyca.com\/pt-pt\/reparos\/\",\"url\":\"https:\/\/www.husyca.com\/pt-pt\/reparos\/\",\"name\":\"Reparos - Husyca S.A. Husillos y camaras en Barcelona\",\"isPartOf\":{\"@id\":\"https:\/\/www.husyca.com\/#website\"},\"primaryImageOfPage\":{\"@id\":\"https:\/\/www.husyca.com\/pt-pt\/reparos\/#primaryimage\"},\"image\":{\"@id\":\"https:\/\/www.husyca.com\/pt-pt\/reparos\/#primaryimage\"},\"thumbnailUrl\":\"https:\/\/www.husyca.com\/wp-content\/uploads\/2022\/12\/reparaciones1.jpg\",\"datePublished\":\"2022-11-30T19:27:34+00:00\",\"dateModified\":\"2025-04-14T20:57:50+00:00\",\"breadcrumb\":{\"@id\":\"https:\/\/www.husyca.com\/pt-pt\/reparos\/#breadcrumb\"},\"inLanguage\":\"pt-PT\",\"potentialAction\":[{\"@type\":\"ReadAction\",\"target\":[\"https:\/\/www.husyca.com\/pt-pt\/reparos\/\"]}]},{\"@type\":\"ImageObject\",\"inLanguage\":\"pt-PT\",\"@id\":\"https:\/\/www.husyca.com\/pt-pt\/reparos\/#primaryimage\",\"url\":\"https:\/\/www.husyca.com\/wp-content\/uploads\/2022\/12\/reparaciones1.jpg\",\"contentUrl\":\"https:\/\/www.husyca.com\/wp-content\/uploads\/2022\/12\/reparaciones1.jpg\"},{\"@type\":\"BreadcrumbList\",\"@id\":\"https:\/\/www.husyca.com\/pt-pt\/reparos\/#breadcrumb\",\"itemListElement\":[{\"@type\":\"ListItem\",\"position\":1,\"name\":\"Portada\",\"item\":\"https:\/\/www.husyca.com\/pt-pt\/home\/\"},{\"@type\":\"ListItem\",\"position\":2,\"name\":\"Reparos\"}]},{\"@type\":\"WebSite\",\"@id\":\"https:\/\/www.husyca.com\/#website\",\"url\":\"https:\/\/www.husyca.com\/\",\"name\":\"Husyca S.A. Husillos y camaras en Barcelona\",\"description\":\"Mecanizado, reparaci\u00f3n y fabricaci\u00f3n de husillos y cilindros de plastificaci\u00f3n, nitrurados, bimetalicos, inyecci\u00f3n, cluatas, portaboquillas, aceros y tratamientos, Aceros de Nitruraci\u00f3n, de temple o inoxidables, C\u00e1maras de Extrusi\u00f3n, monohusillos, Tratamientos superficiales diversos: Cromo duro, SSA, TIN, Niquel qu\u00edmico, C\u00e1maras de extrusi\u00f3n doble husillo paralelas\",\"potentialAction\":[{\"@type\":\"SearchAction\",\"target\":{\"@type\":\"EntryPoint\",\"urlTemplate\":\"https:\/\/www.husyca.com\/?s={search_term_string}\"},\"query-input\":{\"@type\":\"PropertyValueSpecification\",\"valueRequired\":true,\"valueName\":\"search_term_string\"}}],\"inLanguage\":\"pt-PT\"}]}<\/script>\n<!-- \/ Yoast SEO plugin. -->","yoast_head_json":{"title":"Reparos - Husyca S.A. Husillos y camaras en Barcelona","robots":{"index":"index","follow":"follow","max-snippet":"max-snippet:-1","max-image-preview":"max-image-preview:large","max-video-preview":"max-video-preview:-1"},"canonical":"https:\/\/www.husyca.com\/pt-pt\/reparos\/","og_locale":"pt_PT","og_type":"article","og_title":"Reparos - Husyca S.A. Husillos y camaras en Barcelona","og_description":"Contamos com os melhores especialistas em diagnosticar problemas e resolv\u00ea-los.Para isso, dispomos tamb\u00e9m da melhor tecnologia para reparar todo o tipo de fusos, c\u00e2maras, etc. Repara\u00e7\u00e3o de c\u00e2mera Uma vez que a c\u00e2mara tenha sido diagnosticada como portadora de desgaste, o problema pode ser resolvido de duas formas diferentes: 1.\u00ba O di\u00e2metro interior da referida [&hellip;]","og_url":"https:\/\/www.husyca.com\/pt-pt\/reparos\/","og_site_name":"Husyca S.A. Husillos y camaras en Barcelona","article_publisher":"https:\/\/www.facebook.com\/profile.php?id=100088596826097","article_modified_time":"2025-04-14T20:57:50+00:00","og_image":[{"width":560,"height":290,"url":"https:\/\/www.husyca.com\/wp-content\/uploads\/2022\/12\/reparaciones1.jpg","type":"image\/jpeg"}],"twitter_card":"summary_large_image","twitter_misc":{"Tempo estimado de leitura":"1 minuto"},"schema":{"@context":"https:\/\/schema.org","@graph":[{"@type":"WebPage","@id":"https:\/\/www.husyca.com\/pt-pt\/reparos\/","url":"https:\/\/www.husyca.com\/pt-pt\/reparos\/","name":"Reparos - Husyca S.A. Husillos y camaras en Barcelona","isPartOf":{"@id":"https:\/\/www.husyca.com\/#website"},"primaryImageOfPage":{"@id":"https:\/\/www.husyca.com\/pt-pt\/reparos\/#primaryimage"},"image":{"@id":"https:\/\/www.husyca.com\/pt-pt\/reparos\/#primaryimage"},"thumbnailUrl":"https:\/\/www.husyca.com\/wp-content\/uploads\/2022\/12\/reparaciones1.jpg","datePublished":"2022-11-30T19:27:34+00:00","dateModified":"2025-04-14T20:57:50+00:00","breadcrumb":{"@id":"https:\/\/www.husyca.com\/pt-pt\/reparos\/#breadcrumb"},"inLanguage":"pt-PT","potentialAction":[{"@type":"ReadAction","target":["https:\/\/www.husyca.com\/pt-pt\/reparos\/"]}]},{"@type":"ImageObject","inLanguage":"pt-PT","@id":"https:\/\/www.husyca.com\/pt-pt\/reparos\/#primaryimage","url":"https:\/\/www.husyca.com\/wp-content\/uploads\/2022\/12\/reparaciones1.jpg","contentUrl":"https:\/\/www.husyca.com\/wp-content\/uploads\/2022\/12\/reparaciones1.jpg"},{"@type":"BreadcrumbList","@id":"https:\/\/www.husyca.com\/pt-pt\/reparos\/#breadcrumb","itemListElement":[{"@type":"ListItem","position":1,"name":"Portada","item":"https:\/\/www.husyca.com\/pt-pt\/home\/"},{"@type":"ListItem","position":2,"name":"Reparos"}]},{"@type":"WebSite","@id":"https:\/\/www.husyca.com\/#website","url":"https:\/\/www.husyca.com\/","name":"Husyca S.A. Husillos y camaras en Barcelona","description":"Mecanizado, reparaci\u00f3n y fabricaci\u00f3n de husillos y cilindros de plastificaci\u00f3n, nitrurados, bimetalicos, inyecci\u00f3n, cluatas, portaboquillas, aceros y tratamientos, Aceros de Nitruraci\u00f3n, de temple o inoxidables, C\u00e1maras de Extrusi\u00f3n, monohusillos, Tratamientos superficiales diversos: Cromo duro, SSA, TIN, Niquel qu\u00edmico, C\u00e1maras de extrusi\u00f3n doble husillo paralelas","potentialAction":[{"@type":"SearchAction","target":{"@type":"EntryPoint","urlTemplate":"https:\/\/www.husyca.com\/?s={search_term_string}"},"query-input":{"@type":"PropertyValueSpecification","valueRequired":true,"valueName":"search_term_string"}}],"inLanguage":"pt-PT"}]}},"_links":{"self":[{"href":"https:\/\/www.husyca.com\/pt-pt\/wp-json\/wp\/v2\/pages\/2950","targetHints":{"allow":["GET"]}}],"collection":[{"href":"https:\/\/www.husyca.com\/pt-pt\/wp-json\/wp\/v2\/pages"}],"about":[{"href":"https:\/\/www.husyca.com\/pt-pt\/wp-json\/wp\/v2\/types\/page"}],"author":[{"embeddable":true,"href":"https:\/\/www.husyca.com\/pt-pt\/wp-json\/wp\/v2\/users\/1"}],"replies":[{"embeddable":true,"href":"https:\/\/www.husyca.com\/pt-pt\/wp-json\/wp\/v2\/comments?post=2950"}],"version-history":[{"count":3,"href":"https:\/\/www.husyca.com\/pt-pt\/wp-json\/wp\/v2\/pages\/2950\/revisions"}],"predecessor-version":[{"id":3178,"href":"https:\/\/www.husyca.com\/pt-pt\/wp-json\/wp\/v2\/pages\/2950\/revisions\/3178"}],"wp:attachment":[{"href":"https:\/\/www.husyca.com\/pt-pt\/wp-json\/wp\/v2\/media?parent=2950"}],"curies":[{"name":"wp","href":"https:\/\/api.w.org\/{rel}","templated":true}]}}