{"id":2936,"date":"2022-11-30T14:13:49","date_gmt":"2022-11-30T14:13:49","guid":{"rendered":"https:\/\/www.husyca.com\/contato-nacional\/"},"modified":"2025-04-15T07:58:56","modified_gmt":"2025-04-15T07:58:56","slug":"contato-nacional","status":"publish","type":"page","link":"https:\/\/www.husyca.com\/pt-pt\/contato-nacional\/","title":{"rendered":"Contato nacional"},"content":{"rendered":"\t\t<div data-elementor-type=\"wp-page\" data-elementor-id=\"2936\" class=\"elementor elementor-2936 elementor-180\" data-elementor-post-type=\"page\">\n\t\t\t\t\t\t<section class=\"elementor-section elementor-top-section elementor-element elementor-element-266f4bb elementor-section-height-min-height elementor-section-boxed elementor-section-height-default elementor-section-items-middle\" data-id=\"266f4bb\" data-element_type=\"section\" data-settings=\"{&quot;background_background&quot;:&quot;classic&quot;,&quot;shape_divider_bottom&quot;:&quot;curve&quot;,&quot;shape_divider_bottom_negative&quot;:&quot;yes&quot;}\">\n\t\t\t\t\t\t\t<div class=\"elementor-background-overlay\"><\/div>\n\t\t\t\t\t\t<div class=\"elementor-shape elementor-shape-bottom\" data-negative=\"true\">\n\t\t\t<svg xmlns=\"http:\/\/www.w3.org\/2000\/svg\" viewBox=\"0 0 1000 100\" preserveAspectRatio=\"none\">\n\t<path class=\"elementor-shape-fill\" d=\"M500,97C126.7,96.3,0.8,19.8,0,0v100l1000,0V1C1000,19.4,873.3,97.8,500,97z\"\/>\n<\/svg>\t\t<\/div>\n\t\t\t\t\t<div class=\"elementor-container elementor-column-gap-default\">\n\t\t\t\t\t<div class=\"elementor-column elementor-col-100 elementor-top-column elementor-element elementor-element-4cda7c9\" data-id=\"4cda7c9\" data-element_type=\"column\">\n\t\t\t<div class=\"elementor-widget-wrap elementor-element-populated\">\n\t\t\t\t\t\t<div class=\"elementor-element elementor-element-eef48ca elementor-widget elementor-widget-heading\" data-id=\"eef48ca\" data-element_type=\"widget\" data-widget_type=\"heading.default\">\n\t\t\t\t<div class=\"elementor-widget-container\">\n\t\t\t\t\t<h2 class=\"elementor-heading-title elementor-size-default\">Contato nacional<\/h2>\t\t\t\t<\/div>\n\t\t\t\t<\/div>\n\t\t\t\t\t<\/div>\n\t\t<\/div>\n\t\t\t\t\t<\/div>\n\t\t<\/section>\n\t\t\t\t<section class=\"elementor-section elementor-top-section elementor-element elementor-element-0982349 elementor-section-boxed elementor-section-height-default elementor-section-height-default\" data-id=\"0982349\" data-element_type=\"section\">\n\t\t\t\t\t\t<div class=\"elementor-container elementor-column-gap-default\">\n\t\t\t\t\t<div class=\"elementor-column elementor-col-50 elementor-top-column elementor-element elementor-element-929a53f\" data-id=\"929a53f\" data-element_type=\"column\">\n\t\t\t<div class=\"elementor-widget-wrap elementor-element-populated\">\n\t\t\t\t\t\t<div class=\"elementor-element elementor-element-4127e6a elementor-widget elementor-widget-shortcode\" data-id=\"4127e6a\" data-element_type=\"widget\" data-widget_type=\"shortcode.default\">\n\t\t\t\t<div class=\"elementor-widget-container\">\n\t\t\t\t\t\t\t<div class=\"elementor-shortcode\"><div id=\"unique_iwm_0\"><!-- Map Generated CSS --> \n <style>\n.iwm_map_canvas { overflow:hidden; }\n#map_canvas_2 { margin-left: -45%; }\n#map_canvas_2 { margin-top: 0%; }\n#map_canvas_2 { width: 170%; height: 170%; }#iwm_2 .iwm_map_canvas:after { padding-top:57%; }#map_canvas_2 path:not([id]) { stroke:#fff; }#map_canvas_2 { background-repeat:no-repeat; background-size: 100% 100%; }<\/style><div id=\"iwm_2\"><div class='iwm_map_canvas'><div id='map_canvas_2' data-map-id='2'  class='i_world_map ' class='iwm_map_canvas'><div class='iwm_placeholder'><img width='32px' alt='Espa\u00f1a Placeholder' title='Espa\u00f1a' src='https:\/\/www.husyca.com\/wp-content\/plugins\/interactive-world-maps\/imgs\/placeholder.png'><br>Espa\u00f1a<\/div><\/div><\/div><\/div><div id='imap2message' style='display:none;'>\n\t\t\t\t<div id=\"map_2_message_ESAS\" style=\"display:block;\"><\/div><div id=\"map_2_message_ESAN\" style=\"display:block;\"><\/div><div id=\"map_2_message_ESCL\" style=\"display:block;\"><\/div><div id=\"map_2_message_ESCN\" style=\"display:block;\"><\/div><div id=\"map_2_message_ESCM\" style=\"display:block;\"><\/div><div id=\"map_2_message_ESCT\" style=\"display:block;\"><\/div><div id=\"map_2_message_ESCB\" style=\"display:block;\"><\/div><div id=\"map_2_message_ESEX\" style=\"display:block;\"><\/div><div id=\"map_2_message_ESGA\" style=\"display:block;\"><\/div><div id=\"map_2_message_ESIB\" style=\"display:block;\"><\/div><div id=\"map_2_message_ESRI\" style=\"display:block;\"><\/div><div id=\"map_2_message_ESMD\" style=\"display:block;\"><\/div><div id=\"map_2_message_ESMC\" style=\"display:block;\"><\/div><div id=\"map_2_message_ESNC\" style=\"display:block;\"><\/div><div id=\"map_2_message_ESPV\" style=\"display:block;\"><\/div><div id=\"map_2_message_ESVC\" style=\"display:block;\"><\/div><div id=\"map_2_message_ESAR\" style=\"display:block;\"><\/div>\n\t\t\t\t<\/div><\/div><\/div>\n\t\t\t\t\t\t<\/div>\n\t\t\t\t<\/div>\n\t\t\t\t<div class=\"elementor-element elementor-element-7bd57a6 elementor-widget__width-initial elementor-widget elementor-widget-shortcode\" data-id=\"7bd57a6\" data-element_type=\"widget\" data-widget_type=\"shortcode.default\">\n\t\t\t\t<div class=\"elementor-widget-container\">\n\t\t\t\t\t\t\t<div class=\"elementor-shortcode\"><div id=\"unique_iwm_1\"><!-- Map Generated CSS --> \n <style>\n.iwm_map_canvas { overflow:hidden; }\n#map_canvas_3 { margin-left: -80%; }\n#map_canvas_3 { margin-top: -280%; }\n#map_canvas_3 { width: 550%; height: 550%; }#iwm_3 .iwm_map_canvas:after { padding-top:62%; }#map_canvas_3 path:not([id]) { stroke:#fff; }#map_canvas_3 { background-repeat:no-repeat; background-size: 100% 100%; }#map_canvas_3 .google-visualization-tooltip * { font-size:10px !important; }#map_canvas_3 .google-visualization-tooltip { min-width:12px; }<\/style><div id=\"iwm_3\"><div class='iwm_map_canvas'><div id='map_canvas_3' data-map-id='3'  class='i_world_map ' class='iwm_map_canvas'><div class='iwm_placeholder'><img width='32px' alt='Espa\u00f1a (copy) Placeholder' title='Espa\u00f1a (copy)' src='https:\/\/www.husyca.com\/wp-content\/plugins\/interactive-world-maps\/imgs\/placeholder.png'><br>Espa\u00f1a (copy)<\/div><\/div><\/div><\/div><div id='imap3message' style='display:none;'>\n\t\t\t\t<div id=\"map_3_message_ESCN\" style=\"display:block;\"><\/div>\n\t\t\t\t<\/div><\/div><\/div>\n\t\t\t\t\t\t<\/div>\n\t\t\t\t<\/div>\n\t\t\t\t\t<\/div>\n\t\t<\/div>\n\t\t\t\t<div class=\"elementor-column elementor-col-50 elementor-top-column elementor-element elementor-element-553d982\" data-id=\"553d982\" data-element_type=\"column\">\n\t\t\t<div class=\"elementor-widget-wrap elementor-element-populated\">\n\t\t\t\t\t\t<div class=\"elementor-element elementor-element-bc0fbaf elementor-position-left elementor-view-default elementor-mobile-position-top elementor-vertical-align-top elementor-widget elementor-widget-icon-box\" data-id=\"bc0fbaf\" data-element_type=\"widget\" data-widget_type=\"icon-box.default\">\n\t\t\t\t<div class=\"elementor-widget-container\">\n\t\t\t\t\t\t\t<div class=\"elementor-icon-box-wrapper\">\n\n\t\t\t\t\t\t<div class=\"elementor-icon-box-icon\">\n\t\t\t\t<span  class=\"elementor-icon\">\n\t\t\t\t<i aria-hidden=\"true\" class=\"fas fa-square\"><\/i>\t\t\t\t<\/span>\n\t\t\t<\/div>\n\t\t\t\n\t\t\t\t\t\t<div class=\"elementor-icon-box-content\">\n\n\t\t\t\t\t\t\t\t\t<h3 class=\"elementor-icon-box-title\">\n\t\t\t\t\t\t<span  >\n\t\t\t\t\t\t\tDelega\u00e7\u00e3o da Andaluzia-Extremadura:\t\t\t\t\t\t<\/span>\n\t\t\t\t\t<\/h3>\n\t\t\t\t\n\t\t\t\t\t\t\t\t\t<p class=\"elementor-icon-box-description\">\n\t\t\t\t\t\tSr. Antonio Mas<br>Tel. 654 119 226<br>Email: <a href=\"mailto:antonio.mas@husyca.com\">antonio.mas@husyca.com<\/a>\t\t\t\t\t<\/p>\n\t\t\t\t\n\t\t\t<\/div>\n\t\t\t\n\t\t<\/div>\n\t\t\t\t\t\t<\/div>\n\t\t\t\t<\/div>\n\t\t\t\t<div class=\"elementor-element elementor-element-84f5fe7 elementor-widget-divider--view-line elementor-widget elementor-widget-divider\" data-id=\"84f5fe7\" data-element_type=\"widget\" data-widget_type=\"divider.default\">\n\t\t\t\t<div class=\"elementor-widget-container\">\n\t\t\t\t\t\t\t<div class=\"elementor-divider\">\n\t\t\t<span class=\"elementor-divider-separator\">\n\t\t\t\t\t\t<\/span>\n\t\t<\/div>\n\t\t\t\t\t\t<\/div>\n\t\t\t\t<\/div>\n\t\t\t\t<div class=\"elementor-element elementor-element-50a2015 elementor-position-left elementor-view-default elementor-mobile-position-top elementor-vertical-align-top elementor-widget elementor-widget-icon-box\" data-id=\"50a2015\" data-element_type=\"widget\" data-widget_type=\"icon-box.default\">\n\t\t\t\t<div class=\"elementor-widget-container\">\n\t\t\t\t\t\t\t<div class=\"elementor-icon-box-wrapper\">\n\n\t\t\t\t\t\t<div class=\"elementor-icon-box-icon\">\n\t\t\t\t<span  class=\"elementor-icon\">\n\t\t\t\t<i aria-hidden=\"true\" class=\"fas fa-square\"><\/i>\t\t\t\t<\/span>\n\t\t\t<\/div>\n\t\t\t\n\t\t\t\t\t\t<div class=\"elementor-icon-box-content\">\n\n\t\t\t\t\t\t\t\t\t<h3 class=\"elementor-icon-box-title\">\n\t\t\t\t\t\t<span  >\n\t\t\t\t\t\t\tDelega\u00e7\u00e3o da Zona Norte:\t\t\t\t\t\t<\/span>\n\t\t\t\t\t<\/h3>\n\t\t\t\t\n\t\t\t\t\t\t\t\t\t<p class=\"elementor-icon-box-description\">\n\t\t\t\t\t\tSr. Javier Sousa<br>Tel. 639 713 587 <br>Email: <a href=\"mailto:jsousa@husyca.com\">jsousa@husyca.com<\/a>\t\t\t\t\t<\/p>\n\t\t\t\t\n\t\t\t<\/div>\n\t\t\t\n\t\t<\/div>\n\t\t\t\t\t\t<\/div>\n\t\t\t\t<\/div>\n\t\t\t\t<div class=\"elementor-element elementor-element-1ba1027 elementor-widget-divider--view-line elementor-widget elementor-widget-divider\" data-id=\"1ba1027\" data-element_type=\"widget\" data-widget_type=\"divider.default\">\n\t\t\t\t<div class=\"elementor-widget-container\">\n\t\t\t\t\t\t\t<div class=\"elementor-divider\">\n\t\t\t<span class=\"elementor-divider-separator\">\n\t\t\t\t\t\t<\/span>\n\t\t<\/div>\n\t\t\t\t\t\t<\/div>\n\t\t\t\t<\/div>\n\t\t\t\t<div class=\"elementor-element elementor-element-4406985 elementor-position-left elementor-view-default elementor-mobile-position-top elementor-vertical-align-top elementor-widget elementor-widget-icon-box\" data-id=\"4406985\" data-element_type=\"widget\" data-widget_type=\"icon-box.default\">\n\t\t\t\t<div class=\"elementor-widget-container\">\n\t\t\t\t\t\t\t<div class=\"elementor-icon-box-wrapper\">\n\n\t\t\t\t\t\t<div class=\"elementor-icon-box-icon\">\n\t\t\t\t<span  class=\"elementor-icon\">\n\t\t\t\t<i aria-hidden=\"true\" class=\"fas fa-square\"><\/i>\t\t\t\t<\/span>\n\t\t\t<\/div>\n\t\t\t\n\t\t\t\t\t\t<div class=\"elementor-icon-box-content\">\n\n\t\t\t\t\t\t\t\t\t<h3 class=\"elementor-icon-box-title\">\n\t\t\t\t\t\t<span  >\n\t\t\t\t\t\t\tResto de Espanha:\t\t\t\t\t\t<\/span>\n\t\t\t\t\t<\/h3>\n\t\t\t\t\n\t\t\t\t\t\t\t\t\t<p class=\"elementor-icon-box-description\">\n\t\t\t\t\t\tCentral Husyca<br>Tel. 937 133 799<br>Email: <a href=\"mailto:comercial@husyca.com\">comercial@husyca.com<\/a><\/p>\t\t\t\t\t<\/p>\n\t\t\t\t\n\t\t\t<\/div>\n\t\t\t\n\t\t<\/div>\n\t\t\t\t\t\t<\/div>\n\t\t\t\t<\/div>\n\t\t\t\t\t<\/div>\n\t\t<\/div>\n\t\t\t\t\t<\/div>\n\t\t<\/section>\n\t\t\t\t<\/div>\n\t\t","protected":false},"excerpt":{"rendered":"<p>Delega\u00e7\u00e3o da Andaluzia-Extremadura: Sr. Antonio MasTel. 654 119 226Email: antonio.mas@husyca.com Delega\u00e7\u00e3o da Zona Norte: Sr. Javier SousaTel. 639 713 587 Email: jsousa@husyca.com Resto de Espanha: Central HusycaTel. 937 133 799Email: comercial@husyca.com<\/p>\n","protected":false},"author":1,"featured_media":0,"parent":0,"menu_order":0,"comment_status":"closed","ping_status":"closed","template":"elementor_header_footer","meta":{"_joinchat":[],"footnotes":""},"class_list":["post-2936","page","type-page","status-publish","hentry"],"yoast_head":"<!-- This site is optimized with the Yoast SEO plugin v24.3 - https:\/\/yoast.com\/wordpress\/plugins\/seo\/ -->\n<title>Contato nacional - Husyca S.A. Husillos y camaras en Barcelona<\/title>\n<meta name=\"robots\" content=\"index, follow, max-snippet:-1, max-image-preview:large, max-video-preview:-1\" \/>\n<link rel=\"canonical\" href=\"https:\/\/www.husyca.com\/pt-pt\/contato-nacional\/\" \/>\n<meta property=\"og:locale\" content=\"pt_PT\" \/>\n<meta property=\"og:type\" content=\"article\" \/>\n<meta property=\"og:title\" content=\"Contato nacional - Husyca S.A. Husillos y camaras en Barcelona\" \/>\n<meta property=\"og:description\" content=\"Delega\u00e7\u00e3o da Andaluzia-Extremadura: Sr. Antonio MasTel. 654 119 226Email: antonio.mas@husyca.com Delega\u00e7\u00e3o da Zona Norte: Sr. Javier SousaTel. 639 713 587 Email: jsousa@husyca.com Resto de Espanha: Central HusycaTel. 937 133 799Email: comercial@husyca.com\" \/>\n<meta property=\"og:url\" content=\"https:\/\/www.husyca.com\/pt-pt\/contato-nacional\/\" \/>\n<meta property=\"og:site_name\" content=\"Husyca S.A. Husillos y camaras en Barcelona\" \/>\n<meta property=\"article:publisher\" content=\"https:\/\/www.facebook.com\/profile.php?id=100088596826097\" \/>\n<meta property=\"article:modified_time\" content=\"2025-04-15T07:58:56+00:00\" \/>\n<meta name=\"twitter:card\" content=\"summary_large_image\" \/>\n<script type=\"application\/ld+json\" class=\"yoast-schema-graph\">{\"@context\":\"https:\/\/schema.org\",\"@graph\":[{\"@type\":\"WebPage\",\"@id\":\"https:\/\/www.husyca.com\/pt-pt\/contato-nacional\/\",\"url\":\"https:\/\/www.husyca.com\/pt-pt\/contato-nacional\/\",\"name\":\"Contato nacional - Husyca S.A. Husillos y camaras en Barcelona\",\"isPartOf\":{\"@id\":\"https:\/\/www.husyca.com\/#website\"},\"datePublished\":\"2022-11-30T14:13:49+00:00\",\"dateModified\":\"2025-04-15T07:58:56+00:00\",\"breadcrumb\":{\"@id\":\"https:\/\/www.husyca.com\/pt-pt\/contato-nacional\/#breadcrumb\"},\"inLanguage\":\"pt-PT\",\"potentialAction\":[{\"@type\":\"ReadAction\",\"target\":[\"https:\/\/www.husyca.com\/pt-pt\/contato-nacional\/\"]}]},{\"@type\":\"BreadcrumbList\",\"@id\":\"https:\/\/www.husyca.com\/pt-pt\/contato-nacional\/#breadcrumb\",\"itemListElement\":[{\"@type\":\"ListItem\",\"position\":1,\"name\":\"Portada\",\"item\":\"https:\/\/www.husyca.com\/pt-pt\/home\/\"},{\"@type\":\"ListItem\",\"position\":2,\"name\":\"Contato nacional\"}]},{\"@type\":\"WebSite\",\"@id\":\"https:\/\/www.husyca.com\/#website\",\"url\":\"https:\/\/www.husyca.com\/\",\"name\":\"Husyca S.A. Husillos y camaras en Barcelona\",\"description\":\"Mecanizado, reparaci\u00f3n y fabricaci\u00f3n de husillos y cilindros de plastificaci\u00f3n, nitrurados, bimetalicos, inyecci\u00f3n, cluatas, portaboquillas, aceros y tratamientos, Aceros de Nitruraci\u00f3n, de temple o inoxidables, C\u00e1maras de Extrusi\u00f3n, monohusillos, Tratamientos superficiales diversos: Cromo duro, SSA, TIN, Niquel qu\u00edmico, C\u00e1maras de extrusi\u00f3n doble husillo paralelas\",\"potentialAction\":[{\"@type\":\"SearchAction\",\"target\":{\"@type\":\"EntryPoint\",\"urlTemplate\":\"https:\/\/www.husyca.com\/?s={search_term_string}\"},\"query-input\":{\"@type\":\"PropertyValueSpecification\",\"valueRequired\":true,\"valueName\":\"search_term_string\"}}],\"inLanguage\":\"pt-PT\"}]}<\/script>\n<!-- \/ Yoast SEO plugin. -->","yoast_head_json":{"title":"Contato nacional - Husyca S.A. Husillos y camaras en Barcelona","robots":{"index":"index","follow":"follow","max-snippet":"max-snippet:-1","max-image-preview":"max-image-preview:large","max-video-preview":"max-video-preview:-1"},"canonical":"https:\/\/www.husyca.com\/pt-pt\/contato-nacional\/","og_locale":"pt_PT","og_type":"article","og_title":"Contato nacional - Husyca S.A. Husillos y camaras en Barcelona","og_description":"Delega\u00e7\u00e3o da Andaluzia-Extremadura: Sr. Antonio MasTel. 654 119 226Email: antonio.mas@husyca.com Delega\u00e7\u00e3o da Zona Norte: Sr. Javier SousaTel. 639 713 587 Email: jsousa@husyca.com Resto de Espanha: Central HusycaTel. 937 133 799Email: comercial@husyca.com","og_url":"https:\/\/www.husyca.com\/pt-pt\/contato-nacional\/","og_site_name":"Husyca S.A. Husillos y camaras en Barcelona","article_publisher":"https:\/\/www.facebook.com\/profile.php?id=100088596826097","article_modified_time":"2025-04-15T07:58:56+00:00","twitter_card":"summary_large_image","schema":{"@context":"https:\/\/schema.org","@graph":[{"@type":"WebPage","@id":"https:\/\/www.husyca.com\/pt-pt\/contato-nacional\/","url":"https:\/\/www.husyca.com\/pt-pt\/contato-nacional\/","name":"Contato nacional - Husyca S.A. Husillos y camaras en Barcelona","isPartOf":{"@id":"https:\/\/www.husyca.com\/#website"},"datePublished":"2022-11-30T14:13:49+00:00","dateModified":"2025-04-15T07:58:56+00:00","breadcrumb":{"@id":"https:\/\/www.husyca.com\/pt-pt\/contato-nacional\/#breadcrumb"},"inLanguage":"pt-PT","potentialAction":[{"@type":"ReadAction","target":["https:\/\/www.husyca.com\/pt-pt\/contato-nacional\/"]}]},{"@type":"BreadcrumbList","@id":"https:\/\/www.husyca.com\/pt-pt\/contato-nacional\/#breadcrumb","itemListElement":[{"@type":"ListItem","position":1,"name":"Portada","item":"https:\/\/www.husyca.com\/pt-pt\/home\/"},{"@type":"ListItem","position":2,"name":"Contato nacional"}]},{"@type":"WebSite","@id":"https:\/\/www.husyca.com\/#website","url":"https:\/\/www.husyca.com\/","name":"Husyca S.A. Husillos y camaras en Barcelona","description":"Mecanizado, reparaci\u00f3n y fabricaci\u00f3n de husillos y cilindros de plastificaci\u00f3n, nitrurados, bimetalicos, inyecci\u00f3n, cluatas, portaboquillas, aceros y tratamientos, Aceros de Nitruraci\u00f3n, de temple o inoxidables, C\u00e1maras de Extrusi\u00f3n, monohusillos, Tratamientos superficiales diversos: Cromo duro, SSA, TIN, Niquel qu\u00edmico, C\u00e1maras de extrusi\u00f3n doble husillo paralelas","potentialAction":[{"@type":"SearchAction","target":{"@type":"EntryPoint","urlTemplate":"https:\/\/www.husyca.com\/?s={search_term_string}"},"query-input":{"@type":"PropertyValueSpecification","valueRequired":true,"valueName":"search_term_string"}}],"inLanguage":"pt-PT"}]}},"_links":{"self":[{"href":"https:\/\/www.husyca.com\/pt-pt\/wp-json\/wp\/v2\/pages\/2936","targetHints":{"allow":["GET"]}}],"collection":[{"href":"https:\/\/www.husyca.com\/pt-pt\/wp-json\/wp\/v2\/pages"}],"about":[{"href":"https:\/\/www.husyca.com\/pt-pt\/wp-json\/wp\/v2\/types\/page"}],"author":[{"embeddable":true,"href":"https:\/\/www.husyca.com\/pt-pt\/wp-json\/wp\/v2\/users\/1"}],"replies":[{"embeddable":true,"href":"https:\/\/www.husyca.com\/pt-pt\/wp-json\/wp\/v2\/comments?post=2936"}],"version-history":[{"count":3,"href":"https:\/\/www.husyca.com\/pt-pt\/wp-json\/wp\/v2\/pages\/2936\/revisions"}],"predecessor-version":[{"id":3185,"href":"https:\/\/www.husyca.com\/pt-pt\/wp-json\/wp\/v2\/pages\/2936\/revisions\/3185"}],"wp:attachment":[{"href":"https:\/\/www.husyca.com\/pt-pt\/wp-json\/wp\/v2\/media?parent=2936"}],"curies":[{"name":"wp","href":"https:\/\/api.w.org\/{rel}","templated":true}]}}