{"id":1306,"date":"2022-12-15T13:17:35","date_gmt":"2022-12-15T13:17:35","guid":{"rendered":"https:\/\/www.husyca.com\/avis-juridique\/"},"modified":"2023-03-31T14:43:26","modified_gmt":"2023-03-31T14:43:26","slug":"avis-juridique","status":"publish","type":"page","link":"https:\/\/www.husyca.com\/fr\/avis-juridique\/","title":{"rendered":"Avis juridique"},"content":{"rendered":"\t\t<div data-elementor-type=\"wp-page\" data-elementor-id=\"1306\" class=\"elementor elementor-1306 elementor-619\" data-elementor-post-type=\"page\">\n\t\t\t\t\t\t<section class=\"elementor-section elementor-top-section elementor-element elementor-element-f4541cf elementor-section-height-min-height elementor-section-boxed elementor-section-height-default elementor-section-items-middle\" data-id=\"f4541cf\" data-element_type=\"section\" data-settings=\"{&quot;background_background&quot;:&quot;classic&quot;,&quot;shape_divider_bottom&quot;:&quot;curve&quot;,&quot;shape_divider_bottom_negative&quot;:&quot;yes&quot;}\">\n\t\t\t\t\t\t\t<div class=\"elementor-background-overlay\"><\/div>\n\t\t\t\t\t\t<div class=\"elementor-shape elementor-shape-bottom\" data-negative=\"true\">\n\t\t\t<svg xmlns=\"http:\/\/www.w3.org\/2000\/svg\" viewBox=\"0 0 1000 100\" preserveAspectRatio=\"none\">\n\t<path class=\"elementor-shape-fill\" d=\"M500,97C126.7,96.3,0.8,19.8,0,0v100l1000,0V1C1000,19.4,873.3,97.8,500,97z\"\/>\n<\/svg>\t\t<\/div>\n\t\t\t\t\t<div class=\"elementor-container elementor-column-gap-default\">\n\t\t\t\t\t<div class=\"elementor-column elementor-col-100 elementor-top-column elementor-element elementor-element-ef0cac4\" data-id=\"ef0cac4\" data-element_type=\"column\">\n\t\t\t<div class=\"elementor-widget-wrap elementor-element-populated\">\n\t\t\t\t\t\t<div class=\"elementor-element elementor-element-8ae850c elementor-widget elementor-widget-heading\" data-id=\"8ae850c\" data-element_type=\"widget\" data-widget_type=\"heading.default\">\n\t\t\t\t<div class=\"elementor-widget-container\">\n\t\t\t\t\t<h2 class=\"elementor-heading-title elementor-size-default\">Avis juridique<\/h2>\t\t\t\t<\/div>\n\t\t\t\t<\/div>\n\t\t\t\t\t<\/div>\n\t\t<\/div>\n\t\t\t\t\t<\/div>\n\t\t<\/section>\n\t\t\t\t<section class=\"elementor-section elementor-top-section elementor-element elementor-element-b95d833 elementor-section-boxed elementor-section-height-default elementor-section-height-default\" data-id=\"b95d833\" data-element_type=\"section\">\n\t\t\t\t\t\t<div class=\"elementor-container elementor-column-gap-default\">\n\t\t\t\t\t<div class=\"elementor-column elementor-col-100 elementor-top-column elementor-element elementor-element-0194092\" data-id=\"0194092\" data-element_type=\"column\">\n\t\t\t<div class=\"elementor-widget-wrap elementor-element-populated\">\n\t\t\t\t\t\t<div class=\"elementor-element elementor-element-e22f0c8 elementor-widget elementor-widget-text-editor\" data-id=\"e22f0c8\" data-element_type=\"widget\" data-widget_type=\"text-editor.default\">\n\t\t\t\t<div class=\"elementor-widget-container\">\n\t\t\t\t\t\t\t\t\t<div style=\"color: #212529; font-family: -apple-system, BlinkMacSystemFont, 'Segoe UI', Roboto, 'Helvetica Neue', Arial, sans-serif, 'Apple Color Emoji', 'Segoe UI Emoji', 'Segoe UI Symbol';\">\n<div>\n<div style=\"display: flex; flex-wrap: wrap; margin-right: -15px; margin-left: -15px;\">\n<div style=\"position: relative; width: 1130px; min-height: 1px; padding-right: 15px; padding-left: 15px; flex: 0 0 100%; max-width: 100%;\">\n<h2 style=\"margin-top: 0px; margin-bottom: 0.5rem;\">OBJET ET ACCEPTATION<\/h2>\n<p style=\"margin-bottom: 1rem;\">La pr\u00e9sente notice l\u00e9gale r\u00e9git l&#8217;utilisation du site Web (ci-apr\u00e8s, LE WEB), propri\u00e9t\u00e9 de HUSYCA SA. (ci-apr\u00e8s, LE PROPRI\u00c9TAIRE DU WEB).<\/p>\n<p style=\"margin-bottom: 1rem;\">La navigation sur le site Web du PROPRI\u00c9TAIRE DU WEB attribue la condition d&#8217;utilisateur de celui-ci et implique l&#8217;acceptation pleine et enti\u00e8re de chacune des dispositions incluses dans les pr\u00e9sentes mentions l\u00e9gales, qui peuvent \u00eatre modifi\u00e9es.<\/p>\n<p style=\"margin-bottom: 1rem;\">L&#8217;utilisateur s&#8217;engage \u00e0 faire un usage correct du site conform\u00e9ment aux lois, \u00e0 la bonne foi, \u00e0 l&#8217;ordre public, aux usages du trafic et aux pr\u00e9sentes mentions l\u00e9gales.<\/p>\n<p style=\"margin-bottom: 1rem;\">L&#8217;utilisateur r\u00e9pondra au PROPRI\u00c9TAIRE DU WEB ou \u00e0 des tiers, pour tout dommage qui pourrait \u00eatre caus\u00e9 \u00e0 la suite de la violation de ladite obligation.<\/p>\n<\/div>\n<\/div>\n<div style=\"display: flex; flex-wrap: wrap; margin-right: -15px; margin-left: -15px;\">\n<div style=\"position: relative; width: 1130px; min-height: 1px; padding-right: 15px; padding-left: 15px; flex: 0 0 100%; max-width: 100%;\">\n<h2 style=\"margin-top: 0px; margin-bottom: 0.5rem;\">IDENTIFICATION ET COMMUNICATION<\/h2>\n<p style=\"margin-bottom: 1rem;\">LE PROPRI\u00c9TAIRE DU SITE WEB, conform\u00e9ment \u00e0 la loi 34\/2002 du 11 juillet sur les services de la soci\u00e9t\u00e9 de l&#8217;information et du commerce \u00e9lectronique, vous informe que :<\/p>\n<ul style=\"margin-bottom: 1rem;\">\n<li>Le responsable est HUSYCA SA.<\/li>\n<li>Sa maison est \u00e0 Pje. Pintor Miro n\u00ba 8. 08213, Polinya (Barcelona), Espa\u00f1a<\/li>\n<\/ul>\n<p style=\"margin-bottom: 1rem;\">Pour communiquer avec nous, nous vous proposons diff\u00e9rents moyens de contact que nous d\u00e9taillons ci-dessous :<\/p>\n<ul style=\"margin-bottom: 1rem;\">\n<li>mail: husyca@husyca.com<\/li>\n<li>Tlfno: 937133799 <\/li>\n<\/ul>\n<p style=\"margin-bottom: 1rem;\">Toutes les notifications et communications entre les utilisateurs et LE PROPRI\u00c9TAIRE DU SITE WEB seront consid\u00e9r\u00e9es comme effectives, \u00e0 toutes fins utiles, lorsqu&#8217;elles seront effectu\u00e9es par courrier postal ou par tout autre moyen d\u00e9crit ci-dessus.<\/p>\n<\/div>\n<\/div>\n<div style=\"display: flex; flex-wrap: wrap; margin-right: -15px; margin-left: -15px;\">\n<div style=\"position: relative; width: 1130px; min-height: 1px; padding-right: 15px; padding-left: 15px; flex: 0 0 100%; max-width: 100%;\">\n<h2 style=\"margin-top: 0px; margin-bottom: 0.5rem;\">CONDITIONS D&#8217;ACCES ET D&#8217;UTILISATION<\/h2>\n<p style=\"margin-bottom: 1rem;\">Le site Web et ses services sont librement accessibles, cependant, LE PROPRI\u00c9TAIRE DU WEB conditionne l&#8217;utilisation de certains des services propos\u00e9s sur son site Web au remplissage pr\u00e9alable du formulaire correspondant.<\/p>\n<p style=\"margin-bottom: 1rem;\">L&#8217;utilisateur garantit l&#8217;authenticit\u00e9 et l&#8217;actualit\u00e9 de toutes les donn\u00e9es communiqu\u00e9es au PROPRI\u00c9TAIRE DU WEB et sera seul responsable des d\u00e9clarations fausses ou inexactes faites.<\/p>\n<p style=\"margin-bottom: 1rem;\">L&#8217;utilisateur s&#8217;engage express\u00e9ment \u00e0 faire un usage appropri\u00e9 des contenus et des services du PROPRI\u00c9TAIRE DU WEB et \u00e0 ne pas les utiliser pour, entre autres :<\/p>\n<ol style=\"margin-bottom: 1rem;\">\n<li>Diffuser des contenus criminels, violents, pornographiques, racistes, x\u00e9nophobes, offensants, faisant l&#8217;apologie du terrorisme ou, de mani\u00e8re g\u00e9n\u00e9rale, contraires \u00e0 la loi ou \u00e0 l&#8217;ordre public.<\/li>\n<li>Introduire des virus informatiques dans le r\u00e9seau ou effectuer des actions susceptibles d&#8217;alt\u00e9rer, d&#8217;alt\u00e9rer, d&#8217;interrompre ou de g\u00e9n\u00e9rer des erreurs ou des dommages aux documents \u00e9lectroniques, aux donn\u00e9es ou aux syst\u00e8mes physiques et logiques du PROPRI\u00c9TAIRE DU SITE WEB ou de tiers ; ainsi que d&#8217;entraver l&#8217;acc\u00e8s d&#8217;autres utilisateurs au site Web et \u00e0 ses services par la consommation massive de ressources informatiques \u00e0 travers lesquelles LE PROPRI\u00c9TAIRE DU WEB fournit ses services.<\/li>\n<li>Tenter d&#8217;acc\u00e9der aux comptes de messagerie d&#8217;autres utilisateurs ou \u00e0 des zones restreintes des syst\u00e8mes informatiques du PROPRI\u00c9TAIRE DU WEB ou de tiers et, le cas \u00e9ch\u00e9ant, extraire des informations.<\/li>\n<li>Violer les droits de propri\u00e9t\u00e9 intellectuelle ou industrielle, ainsi que violer la confidentialit\u00e9 des informations du PROPRI\u00c9TAIRE DU WEB ou de tiers. Usurper l&#8217;identit\u00e9 d&#8217;un autre utilisateur, des administrations publiques ou d&#8217;un tiers.<\/li>\n<li>Reproduire, copier, distribuer,<\/li>\n<li>mettre \u00e0 disposition ou de toute autre mani\u00e8re communiquer publiquement, transformer ou modifier le contenu, sauf si vous avez l&#8217;autorisation du titulaire des droits correspondants ou si cela est l\u00e9galement autoris\u00e9.<\/li>\n<li>Collecter des donn\u00e9es \u00e0 des fins publicitaires et envoyer des publicit\u00e9s de toute nature et des communications \u00e0 des fins de vente ou autres de nature commerciale sans votre demande ou consentement pr\u00e9alable.<\/li>\n<\/ol>\n<p style=\"margin-bottom: 1rem;\">Tous les contenus du site Web, tels que textes, photographies, graphiques, images, ic\u00f4nes, technologies, logiciels, ainsi que sa conception graphique et ses codes sources, constituent une \u0153uvre dont la propri\u00e9t\u00e9 appartient au PROPRI\u00c9TAIRE DU WEB, sans \u00eatre compris comme n&#8217;attribue \u00e0 l&#8217;utilisateur aucun des droits d&#8217;exploitation sur ceux-ci au-del\u00e0 de ce qui est strictement n\u00e9cessaire pour une utilisation correcte du web.<\/p>\n<p style=\"margin-bottom: 1rem;\">En bref, les utilisateurs qui acc\u00e8dent \u00e0 ce site Web peuvent visualiser le contenu et faire, le cas \u00e9ch\u00e9ant, des copies priv\u00e9es autoris\u00e9es \u00e0 condition que les \u00e9l\u00e9ments reproduits ne soient pas ult\u00e9rieurement transf\u00e9r\u00e9s \u00e0 des tiers, ni install\u00e9s sur des serveurs connect\u00e9s \u00e0 des r\u00e9seaux, ni soumis \u00e0 aucune type d&#8217;exploitation. De m\u00eame, toutes les marques, noms commerciaux ou signes distinctifs de toute nature qui apparaissent sur le site sont la propri\u00e9t\u00e9 du PROPRI\u00c9TAIRE DU WEB, sans qu&#8217;il soit entendu que l&#8217;utilisation ou l&#8217;acc\u00e8s \u00e0 celui-ci attribue \u00e0 l&#8217;utilisateur un droit sur eux.<\/p>\n<p style=\"margin-bottom: 1rem;\">La distribution, la modification, la cession ou la communication publique du contenu et tout autre acte non express\u00e9ment autoris\u00e9 par le titulaire des droits d&#8217;exploitation sont interdits.<\/p>\n<p style=\"margin-bottom: 1rem;\">L&#8217;\u00e9tablissement d&#8217;un lien hypertexte n&#8217;implique en aucun cas l&#8217;existence de relations entre LE PROPRI\u00c9TAIRE DU WEB et le propri\u00e9taire du site Web dans lequel il est \u00e9tabli, ni l&#8217;acceptation et l&#8217;approbation par LE PROPRI\u00c9TAIRE DU WEB de ses contenus ou services. . Les personnes qui ont l&#8217;intention d&#8217;\u00e9tablir un lien hypertexte doivent pr\u00e9alablement demander une autorisation \u00e9crite au PROPRI\u00c9TAIRE DU WEB. Dans tous les cas, l&#8217;hyperlien ne permettra d&#8217;acc\u00e9der qu&#8217;\u00e0 la page d&#8217;accueil ou \u00e0 la page d&#8217;accueil de notre site Web, de m\u00eame qu&#8217;il doit s&#8217;abstenir de faire des d\u00e9clarations ou des indications fausses, inexactes ou incorrectes sur LE PROPRI\u00c9TAIRE DU WEB, ou inclure des contenus ill\u00e9gaux ou contraires. bonnes m\u0153urs et ordre public. LE PROPRI\u00c9TAIRE DU WEB n&#8217;est pas responsable de l&#8217;utilisation que chaque utilisateur fait du mat\u00e9riel mis \u00e0 disposition sur ce site Web ou des actions men\u00e9es en fonction de celui-ci.<\/p>\n<\/div>\n<\/div>\n<div style=\"display: flex; flex-wrap: wrap; margin-right: -15px; margin-left: -15px;\">\n<div style=\"position: relative; width: 1130px; min-height: 1px; padding-right: 15px; padding-left: 15px; flex: 0 0 100%; max-width: 100%;\">\n<h2 style=\"margin-top: 0px; margin-bottom: 0.5rem;\">EXCLUSION DE GARANTIES ET RESPONSABILIT\u00c9S<\/h2>\n<p style=\"margin-bottom: 1rem;\">Le contenu de ce site Web est de nature g\u00e9n\u00e9rale et \u00e0 des fins d&#8217;information uniquement, sans garantir pleinement l&#8217;acc\u00e8s \u00e0 tout le contenu, ni son exhaustivit\u00e9, son exactitude, sa validit\u00e9 ou son actualit\u00e9, ni son ad\u00e9quation ou son utilit\u00e9 pour un objectif sp\u00e9cifique.<\/p>\n<p style=\"margin-bottom: 1rem;\">LE PROPRI\u00c9TAIRE DU SITE exclut, dans la mesure o\u00f9 le syst\u00e8me l\u00e9gal le permet, toute responsabilit\u00e9 pour les dommages de toute nature d\u00e9riv\u00e9s de :<\/p>\n<ol style=\"margin-bottom: 1rem;\">\n<li>L&#8217;impossibilit\u00e9 d&#8217;acc\u00e9der au site Web ou le manque de v\u00e9racit\u00e9, d&#8217;exactitude, d&#8217;exhaustivit\u00e9 et\/ou d&#8217;actualit\u00e9 des contenus, ainsi que l&#8217;existence de vices et de d\u00e9fauts de toutes sortes dans les contenus transmis, diffus\u00e9s, stock\u00e9s, mis \u00e0 la disposition de ceux qui ont \u00e9t\u00e9 consult\u00e9s via le site Web ou les services propos\u00e9s.<\/li>\n<li>La pr\u00e9sence de virus ou d&#8217;autres \u00e9l\u00e9ments dans le contenu pouvant entra\u00eener des alt\u00e9rations des syst\u00e8mes informatiques, des documents \u00e9lectroniques ou des donn\u00e9es de l&#8217;utilisateur.<\/li>\n<li>Non-respect des lois, de la bonne foi, de l&#8217;ordre public, des usages du trafic et de la pr\u00e9sente notice l\u00e9gale suite \u00e0 une mauvaise utilisation du site. En particulier, et \u00e0 titre d&#8217;exemple, LE PROPRI\u00c9TAIRE DU SITE WEB n&#8217;est pas responsable des actions de tiers qui violent les droits de propri\u00e9t\u00e9 intellectuelle et industrielle, les secrets d&#8217;affaires, les droits \u00e0 l&#8217;honneur, la vie priv\u00e9e et familiale et l&#8217;image elle-m\u00eame, ainsi que r\u00e9glementation sur la concurrence d\u00e9loyale et la publicit\u00e9 ill\u00e9gale.<\/li>\n<\/ol>\n<p style=\"margin-bottom: 1rem;\">De m\u00eame, LE PROPRI\u00c9TAIRE DU SITE d\u00e9cline toute responsabilit\u00e9 concernant les informations qui se trouvent en dehors de ce site et ne sont pas g\u00e9r\u00e9es directement par notre webmaster. La fonction des liens qui apparaissent sur ce site est exclusivement d&#8217;informer l&#8217;utilisateur de l&#8217;existence d&#8217;autres sources capables d&#8217;\u00e9largir le contenu offert par ce site. LE PROPRI\u00c9TAIRE DU WEB ne garantit ni n&#8217;est responsable du fonctionnement ou de l&#8217;accessibilit\u00e9 des sites li\u00e9s; il ne sugg\u00e8re, n&#8217;invite ou ne recommande une visite \u00e0 eux, il ne sera donc pas responsable du r\u00e9sultat obtenu. LE PROPRI\u00c9TAIRE DU WEB n&#8217;est pas responsable de la mise en place d&#8217;hyperliens par des tiers.<\/p>\n<\/div>\n<\/div>\n<\/div>\n<\/div>\n\t\t\t\t\t\t\t\t<\/div>\n\t\t\t\t<\/div>\n\t\t\t\t\t<\/div>\n\t\t<\/div>\n\t\t\t\t\t<\/div>\n\t\t<\/section>\n\t\t\t\t<\/div>\n\t\t","protected":false},"excerpt":{"rendered":"<p>OBJET ET ACCEPTATION La pr\u00e9sente notice l\u00e9gale r\u00e9git l&#8217;utilisation du site Web (ci-apr\u00e8s, LE WEB), propri\u00e9t\u00e9 de HUSYCA SA. (ci-apr\u00e8s, LE PROPRI\u00c9TAIRE DU WEB). La navigation sur le site Web du PROPRI\u00c9TAIRE DU WEB attribue la condition d&#8217;utilisateur de celui-ci et implique l&#8217;acceptation pleine et enti\u00e8re de chacune des dispositions incluses dans les pr\u00e9sentes mentions [&hellip;]<\/p>\n","protected":false},"author":2,"featured_media":0,"parent":0,"menu_order":0,"comment_status":"closed","ping_status":"closed","template":"elementor_header_footer","meta":{"_joinchat":[],"footnotes":""},"class_list":["post-1306","page","type-page","status-publish","hentry"],"yoast_head":"<!-- This site is optimized with the Yoast SEO plugin v24.3 - https:\/\/yoast.com\/wordpress\/plugins\/seo\/ -->\n<title>Avis juridique - Husyca S.A. Husillos y camaras en Barcelona<\/title>\n<meta name=\"robots\" content=\"index, follow, max-snippet:-1, max-image-preview:large, max-video-preview:-1\" \/>\n<link rel=\"canonical\" href=\"https:\/\/www.husyca.com\/fr\/avis-juridique\/\" \/>\n<meta property=\"og:locale\" content=\"fr_FR\" \/>\n<meta property=\"og:type\" content=\"article\" \/>\n<meta property=\"og:title\" content=\"Avis juridique - Husyca S.A. Husillos y camaras en Barcelona\" \/>\n<meta property=\"og:description\" content=\"OBJET ET ACCEPTATION La pr\u00e9sente notice l\u00e9gale r\u00e9git l&#8217;utilisation du site Web (ci-apr\u00e8s, LE WEB), propri\u00e9t\u00e9 de HUSYCA SA. (ci-apr\u00e8s, LE PROPRI\u00c9TAIRE DU WEB). La navigation sur le site Web du PROPRI\u00c9TAIRE DU WEB attribue la condition d&#8217;utilisateur de celui-ci et implique l&#8217;acceptation pleine et enti\u00e8re de chacune des dispositions incluses dans les pr\u00e9sentes mentions [&hellip;]\" \/>\n<meta property=\"og:url\" content=\"https:\/\/www.husyca.com\/fr\/avis-juridique\/\" \/>\n<meta property=\"og:site_name\" content=\"Husyca S.A. Husillos y camaras en Barcelona\" \/>\n<meta property=\"article:publisher\" content=\"https:\/\/www.facebook.com\/profile.php?id=100088596826097\" \/>\n<meta property=\"article:modified_time\" content=\"2023-03-31T14:43:26+00:00\" \/>\n<meta name=\"twitter:card\" content=\"summary_large_image\" \/>\n<meta name=\"twitter:label1\" content=\"Dur\u00e9e de lecture estim\u00e9e\" \/>\n\t<meta name=\"twitter:data1\" content=\"6 minutes\" \/>\n<script type=\"application\/ld+json\" class=\"yoast-schema-graph\">{\"@context\":\"https:\/\/schema.org\",\"@graph\":[{\"@type\":\"WebPage\",\"@id\":\"https:\/\/www.husyca.com\/fr\/avis-juridique\/\",\"url\":\"https:\/\/www.husyca.com\/fr\/avis-juridique\/\",\"name\":\"Avis juridique - Husyca S.A. Husillos y camaras en Barcelona\",\"isPartOf\":{\"@id\":\"https:\/\/www.husyca.com\/#website\"},\"datePublished\":\"2022-12-15T13:17:35+00:00\",\"dateModified\":\"2023-03-31T14:43:26+00:00\",\"breadcrumb\":{\"@id\":\"https:\/\/www.husyca.com\/fr\/avis-juridique\/#breadcrumb\"},\"inLanguage\":\"fr-FR\",\"potentialAction\":[{\"@type\":\"ReadAction\",\"target\":[\"https:\/\/www.husyca.com\/fr\/avis-juridique\/\"]}]},{\"@type\":\"BreadcrumbList\",\"@id\":\"https:\/\/www.husyca.com\/fr\/avis-juridique\/#breadcrumb\",\"itemListElement\":[{\"@type\":\"ListItem\",\"position\":1,\"name\":\"Portada\",\"item\":\"https:\/\/www.husyca.com\/fr\/home\/\"},{\"@type\":\"ListItem\",\"position\":2,\"name\":\"Avis juridique\"}]},{\"@type\":\"WebSite\",\"@id\":\"https:\/\/www.husyca.com\/#website\",\"url\":\"https:\/\/www.husyca.com\/\",\"name\":\"Husyca S.A. Husillos y camaras en Barcelona\",\"description\":\"Mecanizado, reparaci\u00f3n y fabricaci\u00f3n de husillos y cilindros de plastificaci\u00f3n, nitrurados, bimetalicos, inyecci\u00f3n, cluatas, portaboquillas, aceros y tratamientos, Aceros de Nitruraci\u00f3n, de temple o inoxidables, C\u00e1maras de Extrusi\u00f3n, monohusillos, Tratamientos superficiales diversos: Cromo duro, SSA, TIN, Niquel qu\u00edmico, C\u00e1maras de extrusi\u00f3n doble husillo paralelas\",\"potentialAction\":[{\"@type\":\"SearchAction\",\"target\":{\"@type\":\"EntryPoint\",\"urlTemplate\":\"https:\/\/www.husyca.com\/?s={search_term_string}\"},\"query-input\":{\"@type\":\"PropertyValueSpecification\",\"valueRequired\":true,\"valueName\":\"search_term_string\"}}],\"inLanguage\":\"fr-FR\"}]}<\/script>\n<!-- \/ Yoast SEO plugin. -->","yoast_head_json":{"title":"Avis juridique - Husyca S.A. Husillos y camaras en Barcelona","robots":{"index":"index","follow":"follow","max-snippet":"max-snippet:-1","max-image-preview":"max-image-preview:large","max-video-preview":"max-video-preview:-1"},"canonical":"https:\/\/www.husyca.com\/fr\/avis-juridique\/","og_locale":"fr_FR","og_type":"article","og_title":"Avis juridique - Husyca S.A. Husillos y camaras en Barcelona","og_description":"OBJET ET ACCEPTATION La pr\u00e9sente notice l\u00e9gale r\u00e9git l&#8217;utilisation du site Web (ci-apr\u00e8s, LE WEB), propri\u00e9t\u00e9 de HUSYCA SA. (ci-apr\u00e8s, LE PROPRI\u00c9TAIRE DU WEB). La navigation sur le site Web du PROPRI\u00c9TAIRE DU WEB attribue la condition d&#8217;utilisateur de celui-ci et implique l&#8217;acceptation pleine et enti\u00e8re de chacune des dispositions incluses dans les pr\u00e9sentes mentions [&hellip;]","og_url":"https:\/\/www.husyca.com\/fr\/avis-juridique\/","og_site_name":"Husyca S.A. Husillos y camaras en Barcelona","article_publisher":"https:\/\/www.facebook.com\/profile.php?id=100088596826097","article_modified_time":"2023-03-31T14:43:26+00:00","twitter_card":"summary_large_image","twitter_misc":{"Dur\u00e9e de lecture estim\u00e9e":"6 minutes"},"schema":{"@context":"https:\/\/schema.org","@graph":[{"@type":"WebPage","@id":"https:\/\/www.husyca.com\/fr\/avis-juridique\/","url":"https:\/\/www.husyca.com\/fr\/avis-juridique\/","name":"Avis juridique - Husyca S.A. Husillos y camaras en Barcelona","isPartOf":{"@id":"https:\/\/www.husyca.com\/#website"},"datePublished":"2022-12-15T13:17:35+00:00","dateModified":"2023-03-31T14:43:26+00:00","breadcrumb":{"@id":"https:\/\/www.husyca.com\/fr\/avis-juridique\/#breadcrumb"},"inLanguage":"fr-FR","potentialAction":[{"@type":"ReadAction","target":["https:\/\/www.husyca.com\/fr\/avis-juridique\/"]}]},{"@type":"BreadcrumbList","@id":"https:\/\/www.husyca.com\/fr\/avis-juridique\/#breadcrumb","itemListElement":[{"@type":"ListItem","position":1,"name":"Portada","item":"https:\/\/www.husyca.com\/fr\/home\/"},{"@type":"ListItem","position":2,"name":"Avis juridique"}]},{"@type":"WebSite","@id":"https:\/\/www.husyca.com\/#website","url":"https:\/\/www.husyca.com\/","name":"Husyca S.A. Husillos y camaras en Barcelona","description":"Mecanizado, reparaci\u00f3n y fabricaci\u00f3n de husillos y cilindros de plastificaci\u00f3n, nitrurados, bimetalicos, inyecci\u00f3n, cluatas, portaboquillas, aceros y tratamientos, Aceros de Nitruraci\u00f3n, de temple o inoxidables, C\u00e1maras de Extrusi\u00f3n, monohusillos, Tratamientos superficiales diversos: Cromo duro, SSA, TIN, Niquel qu\u00edmico, C\u00e1maras de extrusi\u00f3n doble husillo paralelas","potentialAction":[{"@type":"SearchAction","target":{"@type":"EntryPoint","urlTemplate":"https:\/\/www.husyca.com\/?s={search_term_string}"},"query-input":{"@type":"PropertyValueSpecification","valueRequired":true,"valueName":"search_term_string"}}],"inLanguage":"fr-FR"}]}},"_links":{"self":[{"href":"https:\/\/www.husyca.com\/fr\/wp-json\/wp\/v2\/pages\/1306","targetHints":{"allow":["GET"]}}],"collection":[{"href":"https:\/\/www.husyca.com\/fr\/wp-json\/wp\/v2\/pages"}],"about":[{"href":"https:\/\/www.husyca.com\/fr\/wp-json\/wp\/v2\/types\/page"}],"author":[{"embeddable":true,"href":"https:\/\/www.husyca.com\/fr\/wp-json\/wp\/v2\/users\/2"}],"replies":[{"embeddable":true,"href":"https:\/\/www.husyca.com\/fr\/wp-json\/wp\/v2\/comments?post=1306"}],"version-history":[{"count":1,"href":"https:\/\/www.husyca.com\/fr\/wp-json\/wp\/v2\/pages\/1306\/revisions"}],"predecessor-version":[{"id":1307,"href":"https:\/\/www.husyca.com\/fr\/wp-json\/wp\/v2\/pages\/1306\/revisions\/1307"}],"wp:attachment":[{"href":"https:\/\/www.husyca.com\/fr\/wp-json\/wp\/v2\/media?parent=1306"}],"curies":[{"name":"wp","href":"https:\/\/api.w.org\/{rel}","templated":true}]}}