{"id":1296,"date":"2022-12-15T13:01:32","date_gmt":"2022-12-15T13:01:32","guid":{"rendered":"https:\/\/www.husyca.com\/politique-en-matiere-de-cookies\/"},"modified":"2023-03-31T11:15:52","modified_gmt":"2023-03-31T11:15:52","slug":"politique-en-matiere-de-cookies","status":"publish","type":"page","link":"https:\/\/www.husyca.com\/fr\/politique-en-matiere-de-cookies\/","title":{"rendered":"Politique en mati\u00e8re de cookies"},"content":{"rendered":"\t\t<div data-elementor-type=\"wp-page\" data-elementor-id=\"1296\" class=\"elementor elementor-1296 elementor-607\" data-elementor-post-type=\"page\">\n\t\t\t\t\t\t<section class=\"elementor-section elementor-top-section elementor-element elementor-element-306bc66b elementor-section-boxed elementor-section-height-default elementor-section-height-default\" data-id=\"306bc66b\" data-element_type=\"section\">\n\t\t\t\t\t\t<div class=\"elementor-container elementor-column-gap-default\">\n\t\t\t\t\t<div class=\"elementor-column elementor-col-100 elementor-top-column elementor-element elementor-element-2abfccc9\" data-id=\"2abfccc9\" data-element_type=\"column\">\n\t\t\t<div class=\"elementor-widget-wrap elementor-element-populated\">\n\t\t\t\t\t\t<div class=\"elementor-element elementor-element-318b2508 elementor-widget elementor-widget-text-editor\" data-id=\"318b2508\" data-element_type=\"widget\" data-widget_type=\"text-editor.default\">\n\t\t\t\t<div class=\"elementor-widget-container\">\n\t\t\t\t\t\t\t\t\t<h2>nous avons besoin de votre consentement<\/h2>\n<p style=\"margin-bottom: 1rem;\">Conform\u00e9ment \u00e0 la &#8220;Loi sur les services de la soci\u00e9t\u00e9 de l&#8217;information&#8221; (LSSICE) \u00e9tablie par le d\u00e9cret royal 13\/2012, il est obligatoire d&#8217;obtenir le consentement expr\u00e8s de l&#8217;utilisateur de toutes les pages Web qui utilisent des <em>cookies<\/em> dispensables, <em>avant<\/em> de les parcourir. .<\/p>\n<p style=\"margin-bottom: 1rem;\">Selon la directive europ\u00e9enne :<\/p>\n<ul style=\"margin-bottom: 1rem;\">\n<li>Les cookies qui n\u00e9cessitent le consentement \u00e9clair\u00e9 de l&#8217;utilisateur sont les cookies analytiques et les cookies publicitaires et d&#8217;affiliation.<\/li>\n<li>Sont exclus ceux de nature technique et ceux n\u00e9cessaires au fonctionnement du site ou \u00e0 la fourniture de services express\u00e9ment demand\u00e9s par l&#8217;utilisateur.<\/li>\n<\/ul>\n<p style=\"margin-bottom: 1rem;\">CONFIGURATION PERSONNALIS\u00c9E Ils n\u00e9cessitent votre consentement Cookies Google Analytics &#8220;<em>Non install\u00e9s<\/em>&#8220;<\/p>\n<p style=\"margin-bottom: 1rem;\">_ga (2 ans), _gid (1 jour) et _gat_gtag_UA_29169806_1 (2 heures)<\/p>\n<p style=\"margin-bottom: 1rem;\">Ils sont la propri\u00e9t\u00e9 de tiers, analytiques et persistants. Ils sont utilis\u00e9s pour enregistrer l&#8217;activit\u00e9 des utilisateurs sur ce site Web, ce qui nous permet, entre autres, d&#8217;am\u00e9liorer les services que nous proposons.<br \/>Consultez la <a style=\"color: #007bff;\" href=\"https:\/\/policies.google.com\/privacy\" target=\"_blank\" rel=\"nofollow noopener noreferrer\" data-cke-saved-href=\"https:\/\/policies.google.com\/privacy\">politique de confidentialit\u00e9 de Google<\/a>.<\/p>\n<h3 style=\"margin-top: 0px; margin-bottom: 0.5rem;\">Cookies techniques ne n\u00e9cessitant pas votre consentement<\/h3>\n<p style=\"margin-bottom: 1rem;\">Cookie fonctionnel : PHPSESSID &#8220;<em>Install\u00e9<\/em>&#8221; (0 jours, session). Cookie de session. N\u00e9cessaire au bon fonctionnement du site. Il ne stocke pas les donn\u00e9es de l&#8217;utilisateur. Propri\u00e9t\u00e9 de Husyca : CookiesUEAgreeAnalytics &#8220;<em>Non install\u00e9<\/em>&#8221; (1 an). Cookie propre et persistant. N\u00e9cessaire pour m\u00e9moriser votre configuration des Cookies Analytics (J&#8217;accepte \/ Je n&#8217;accepte pas).<\/p>\n<h3 style=\"margin-top: 0px; margin-bottom: 0.5rem;\">Traitement des donn\u00e9es personnelles<\/h3>\n<p style=\"margin-bottom: 1rem;\">Husyca est responsable du traitement des donn\u00e9es personnelles de l&#8217;Utilisateur et vous informe que ces donn\u00e9es seront trait\u00e9es conform\u00e9ment aux dispositions du R\u00e8glement (UE) 2016\/679, du 27 avril 2016 (RGPD), raison pour laquelle vous fournit la informations de traitement suivantes : Finalit\u00e9s du traitement :<\/p>\n<p style=\"margin-bottom: 1rem;\">comme pr\u00e9cis\u00e9 ci-dessous dans la liste des cookies.<\/p>\n<p style=\"margin-bottom: 1rem;\">L\u00e9gitimation du traitement : avec le consentement de l&#8217;Utilisateur, cookies analytiques et ceux de publicit\u00e9 et d&#8217;affiliation (de Google Analytics et Google Maps), conform\u00e9ment \u00e0 (art. 6.1.(a) RGPD), et cookies d&#8217;int\u00e9r\u00eat l\u00e9gitime 6.1(f ) , les leurs (techniques et fonctionnels).<\/p>\n<p style=\"margin-bottom: 1rem;\">Dur\u00e9es de conservation des donn\u00e9es : telles que pr\u00e9cis\u00e9es ci-dessous dans la liste des cookies.<\/p>\n<p style=\"margin-bottom: 1rem;\">Communication des donn\u00e9es : les donn\u00e9es ne seront pas communiqu\u00e9es \u00e0 des tiers, sauf dans les cookies appartenant \u00e0 des tiers ou par obligation l\u00e9gale.<\/p>\n<p style=\"margin-bottom: 1rem;\">Droits qui assistent l&#8217;Utilisateur :<br \/>&#8211; Droit de retirer son consentement \u00e0 tout moment en utilisant le panneau &#8220;Param\u00e8tres personnalis\u00e9s&#8221; (&#8220;Accepter&#8221;, &#8220;Rejeter&#8221;, &#8220;Supprimer&#8221;).<br \/>\u2013 Vous avez le droit de porter plainte aupr\u00e8s de l&#8217;Agence espagnole de protection des donn\u00e9es si vous pensez que quelque chose ne va pas. Nous serons heureux de vous aider et nous ferons de notre mieux pour r\u00e9pondre \u00e0 votre demande sans que cela soit n\u00e9cessaire.<\/p>\n<h3 style=\"margin-top: 0px; margin-bottom: 0.5rem;\">Liste des cookies sur ce site<\/h3>\n<p style=\"margin-bottom: 1rem;\"><em>A<\/em>NALYTIQUE (<em>n\u00e9cessite votre consentement<\/em>)<br \/>Propri\u00e9t\u00e9 : Google Analytics<\/p>\n<ul style=\"margin-bottom: 1rem;\">\n<li>Nom : _ga<br \/>Dur\u00e9e de conservation : 2 ans<\/li>\n<li>Nom : _gid<br \/>Dur\u00e9e de conservation : 1 jour<\/li>\n<li>Nom : _gat_gtag_UA (num\u00e9ro de propri\u00e9t\u00e9)<br \/>Dur\u00e9e de conservation : 2 heures<\/li>\n<li>Gestion : Tierce partie<\/li>\n<\/ul>\n<p style=\"margin-bottom: 1rem;\">Observations : persistantes<br \/>Objectif : Google \u00e9tablit un groupe de cookies qui, bien que nous n&#8217;ayons aucun contr\u00f4le sur eux, semblent stocker des informations pour des op\u00e9rations telles que l&#8217;activation de la fonction de contr\u00f4le de visite unique. La premi\u00e8re fois qu&#8217;un utilisateur acc\u00e8de au site Web via un navigateur, ce cookie sera install\u00e9. Lorsque cet utilisateur revient sur le Web avec le m\u00eame navigateur, le cookie consid\u00e9rera qu&#8217;il s&#8217;agit du m\u00eame utilisateur. Uniquement dans le cas o\u00f9 l&#8217;utilisateur change de navigateur, un autre utilisateur sera consid\u00e9r\u00e9.<br \/><em>Consulter la <a style=\"color: #007bff;\" href=\"https:\/\/policies.google.com\/privacy\" target=\"_blank\" rel=\"nofollow noopener noreferrer\" data-cke-saved-href=\"https:\/\/policies.google.com\/privacy\">politique de confidentialit\u00e9 de Google<\/a><\/em><\/p>\n<p style=\"margin-bottom: 1rem;\">PROPRES, TECHNIQUES ET FONCTIONNELS (<em>ils ne n\u00e9cessitent pas votre consentemen<\/em>t)<br \/>Propri\u00e9t\u00e9 : Husyca SA<\/p>\n<ul style=\"margin-bottom: 1rem;\">\n<li>Nom : PHPSESSID<br \/>Dur\u00e9e de conservation : (0 jours, session)<\/li>\n<li>Nom : CookiesUEAgreeAnalytics<br \/>Dur\u00e9e de conservation : 1 an<\/li>\n<li>Nom : CookiesUEAgreeMaps<br \/>Dur\u00e9e de conservation : 1 an<\/li>\n<\/ul>\n<p style=\"margin-bottom: 1rem;\">Gestion : Propre<br \/>Observations : persistantes<br \/>Objectif : Notre site Web a besoin de certains cookies techniques pour le bon fonctionnement du site Web (PHPSESSID) et d&#8217;autres pour m\u00e9moriser vos pr\u00e9f\u00e9rences.<\/p>\n<h3 style=\"margin-top: 0px; margin-bottom: 0.5rem;\">Informations sur les cookies<\/h3>\n<p style=\"margin-bottom: 1rem;\">Gr\u00e2ce \u00e0 l&#8217;utilisation de cookies, le serveur Web est autoris\u00e9 \u00e0 m\u00e9moriser certaines donn\u00e9es concernant l&#8217;utilisateur, telles que ses pr\u00e9f\u00e9rences pour la visualisation des pages de ce serveur, son nom et son mot de passe, les produits qui l&#8217;int\u00e9ressent le plus, etc.<\/p>\n<p style=\"margin-bottom: 1rem;\">Mediante el uso de las cookies se permite al servidor Web recordar algunos datos concernientes al Usuario, como sus preferencias para la visualizaci\u00f3n de las p\u00e1ginas de ese servidor, nombre y contrase\u00f1a, productos que m\u00e1s le interesan, etc.<\/p>\n<h3 style=\"margin-top: 0px; margin-bottom: 0.5rem;\">Diff\u00e9rents types de cookies<\/h3>\n<p style=\"margin-bottom: 1rem;\">Selon le but<br \/>\u2013 Cookies techniques et fonctionnels : ce sont ceux qui permettent \u00e0 l&#8217;utilisateur de naviguer sur une page Web, une plateforme ou une application et d&#8217;utiliser les diff\u00e9rentes options ou services qui y existent.<br \/>\u2013 Cookies analytiques : sont ceux qui permettent \u00e0 la personne qui en est responsable de suivre et d&#8217;analyser le comportement des utilisateurs des sites Web auxquels ils sont li\u00e9s. Les informations collect\u00e9es via ce type de cookies sont utilis\u00e9es pour mesurer l&#8217;activit\u00e9 des sites Web, applications ou plateformes et pour cr\u00e9er des profils de navigation pour les utilisateurs desdits sites, applications et plateformes, afin d&#8217;introduire des am\u00e9liorations en fonction de l&#8217;analyse des donn\u00e9es d&#8217;utilisation effectu\u00e9es. par les utilisateurs du service.<\/p>\n<p style=\"margin-bottom: 1rem;\">Selon la propri\u00e9t\u00e9<br \/>\u2013 Cookies propres : sont ceux qui sont envoy\u00e9s \u00e0 l&#8217;\u00e9quipement terminal de l&#8217;utilisateur \u00e0 partir d&#8217;un ordinateur ou d&#8217;un domaine g\u00e9r\u00e9 par l&#8217;\u00e9diteur lui-m\u00eame et \u00e0 partir duquel le service demand\u00e9 par l&#8217;utilisateur est fourni.<br \/>\u2013 Cookies tiers : sont ceux qui sont envoy\u00e9s \u00e0 l&#8217;\u00e9quipement terminal de l&#8217;utilisateur \u00e0 partir d&#8217;un ordinateur ou d&#8217;un domaine qui n&#8217;est pas g\u00e9r\u00e9 par l&#8217;\u00e9diteur, mais par une autre entit\u00e9 qui traite les donn\u00e9es obtenues gr\u00e2ce aux cookies.<\/p>\n<p style=\"margin-bottom: 1rem;\">Selon la p\u00e9riode de conservation<br \/>\u2013 Cookies de session : il s&#8217;agit d&#8217;un type de cookies con\u00e7us pour collecter et stocker des donn\u00e9es lorsque l&#8217;utilisateur acc\u00e8de \u00e0 une page Web.<br \/>\u2013 Cookies persistants : il s&#8217;agit d&#8217;un type de cookie dans lequel les donn\u00e9es sont encore stock\u00e9es dans le terminal et peuvent \u00eatre consult\u00e9es et trait\u00e9es pendant une p\u00e9riode d\u00e9finie par le responsable du cookie, qui peut aller de quelques minutes \u00e0 plusieurs ann\u00e9es.<\/p>\n\t\t\t\t\t\t\t\t<\/div>\n\t\t\t\t<\/div>\n\t\t\t\t\t<\/div>\n\t\t<\/div>\n\t\t\t\t\t<\/div>\n\t\t<\/section>\n\t\t\t\t<\/div>\n\t\t","protected":false},"excerpt":{"rendered":"<p>nous avons besoin de votre consentement Conform\u00e9ment \u00e0 la &#8220;Loi sur les services de la soci\u00e9t\u00e9 de l&#8217;information&#8221; (LSSICE) \u00e9tablie par le d\u00e9cret royal 13\/2012, il est obligatoire d&#8217;obtenir le consentement expr\u00e8s de l&#8217;utilisateur de toutes les pages Web qui utilisent des cookies dispensables, avant de les parcourir. . Selon la directive europ\u00e9enne : Les [&hellip;]<\/p>\n","protected":false},"author":2,"featured_media":0,"parent":0,"menu_order":0,"comment_status":"closed","ping_status":"closed","template":"elementor_header_footer","meta":{"_joinchat":[],"footnotes":""},"class_list":["post-1296","page","type-page","status-publish","hentry"],"yoast_head":"<!-- This site is optimized with the Yoast SEO plugin v24.3 - https:\/\/yoast.com\/wordpress\/plugins\/seo\/ -->\n<title>Politique en mati\u00e8re de cookies - Husyca S.A. Husillos y camaras en Barcelona<\/title>\n<meta name=\"robots\" content=\"index, follow, max-snippet:-1, max-image-preview:large, max-video-preview:-1\" \/>\n<link rel=\"canonical\" href=\"https:\/\/www.husyca.com\/fr\/politique-en-matiere-de-cookies\/\" \/>\n<meta property=\"og:locale\" content=\"fr_FR\" \/>\n<meta property=\"og:type\" content=\"article\" \/>\n<meta property=\"og:title\" content=\"Politique en mati\u00e8re de cookies - Husyca S.A. Husillos y camaras en Barcelona\" \/>\n<meta property=\"og:description\" content=\"nous avons besoin de votre consentement Conform\u00e9ment \u00e0 la &#8220;Loi sur les services de la soci\u00e9t\u00e9 de l&#8217;information&#8221; (LSSICE) \u00e9tablie par le d\u00e9cret royal 13\/2012, il est obligatoire d&#8217;obtenir le consentement expr\u00e8s de l&#8217;utilisateur de toutes les pages Web qui utilisent des cookies dispensables, avant de les parcourir. . Selon la directive europ\u00e9enne : Les [&hellip;]\" \/>\n<meta property=\"og:url\" content=\"https:\/\/www.husyca.com\/fr\/politique-en-matiere-de-cookies\/\" \/>\n<meta property=\"og:site_name\" content=\"Husyca S.A. Husillos y camaras en Barcelona\" \/>\n<meta property=\"article:publisher\" content=\"https:\/\/www.facebook.com\/profile.php?id=100088596826097\" \/>\n<meta property=\"article:modified_time\" content=\"2023-03-31T11:15:52+00:00\" \/>\n<meta name=\"twitter:card\" content=\"summary_large_image\" \/>\n<meta name=\"twitter:label1\" content=\"Dur\u00e9e de lecture estim\u00e9e\" \/>\n\t<meta name=\"twitter:data1\" content=\"5 minutes\" \/>\n<script type=\"application\/ld+json\" class=\"yoast-schema-graph\">{\"@context\":\"https:\/\/schema.org\",\"@graph\":[{\"@type\":\"WebPage\",\"@id\":\"https:\/\/www.husyca.com\/fr\/politique-en-matiere-de-cookies\/\",\"url\":\"https:\/\/www.husyca.com\/fr\/politique-en-matiere-de-cookies\/\",\"name\":\"Politique en mati\u00e8re de cookies - Husyca S.A. Husillos y camaras en Barcelona\",\"isPartOf\":{\"@id\":\"https:\/\/www.husyca.com\/#website\"},\"datePublished\":\"2022-12-15T13:01:32+00:00\",\"dateModified\":\"2023-03-31T11:15:52+00:00\",\"breadcrumb\":{\"@id\":\"https:\/\/www.husyca.com\/fr\/politique-en-matiere-de-cookies\/#breadcrumb\"},\"inLanguage\":\"fr-FR\",\"potentialAction\":[{\"@type\":\"ReadAction\",\"target\":[\"https:\/\/www.husyca.com\/fr\/politique-en-matiere-de-cookies\/\"]}]},{\"@type\":\"BreadcrumbList\",\"@id\":\"https:\/\/www.husyca.com\/fr\/politique-en-matiere-de-cookies\/#breadcrumb\",\"itemListElement\":[{\"@type\":\"ListItem\",\"position\":1,\"name\":\"Portada\",\"item\":\"https:\/\/www.husyca.com\/fr\/home\/\"},{\"@type\":\"ListItem\",\"position\":2,\"name\":\"Politique en mati\u00e8re de cookies\"}]},{\"@type\":\"WebSite\",\"@id\":\"https:\/\/www.husyca.com\/#website\",\"url\":\"https:\/\/www.husyca.com\/\",\"name\":\"Husyca S.A. Husillos y camaras en Barcelona\",\"description\":\"Mecanizado, reparaci\u00f3n y fabricaci\u00f3n de husillos y cilindros de plastificaci\u00f3n, nitrurados, bimetalicos, inyecci\u00f3n, cluatas, portaboquillas, aceros y tratamientos, Aceros de Nitruraci\u00f3n, de temple o inoxidables, C\u00e1maras de Extrusi\u00f3n, monohusillos, Tratamientos superficiales diversos: Cromo duro, SSA, TIN, Niquel qu\u00edmico, C\u00e1maras de extrusi\u00f3n doble husillo paralelas\",\"potentialAction\":[{\"@type\":\"SearchAction\",\"target\":{\"@type\":\"EntryPoint\",\"urlTemplate\":\"https:\/\/www.husyca.com\/?s={search_term_string}\"},\"query-input\":{\"@type\":\"PropertyValueSpecification\",\"valueRequired\":true,\"valueName\":\"search_term_string\"}}],\"inLanguage\":\"fr-FR\"}]}<\/script>\n<!-- \/ Yoast SEO plugin. -->","yoast_head_json":{"title":"Politique en mati\u00e8re de cookies - Husyca S.A. Husillos y camaras en Barcelona","robots":{"index":"index","follow":"follow","max-snippet":"max-snippet:-1","max-image-preview":"max-image-preview:large","max-video-preview":"max-video-preview:-1"},"canonical":"https:\/\/www.husyca.com\/fr\/politique-en-matiere-de-cookies\/","og_locale":"fr_FR","og_type":"article","og_title":"Politique en mati\u00e8re de cookies - Husyca S.A. Husillos y camaras en Barcelona","og_description":"nous avons besoin de votre consentement Conform\u00e9ment \u00e0 la &#8220;Loi sur les services de la soci\u00e9t\u00e9 de l&#8217;information&#8221; (LSSICE) \u00e9tablie par le d\u00e9cret royal 13\/2012, il est obligatoire d&#8217;obtenir le consentement expr\u00e8s de l&#8217;utilisateur de toutes les pages Web qui utilisent des cookies dispensables, avant de les parcourir. . Selon la directive europ\u00e9enne : Les [&hellip;]","og_url":"https:\/\/www.husyca.com\/fr\/politique-en-matiere-de-cookies\/","og_site_name":"Husyca S.A. Husillos y camaras en Barcelona","article_publisher":"https:\/\/www.facebook.com\/profile.php?id=100088596826097","article_modified_time":"2023-03-31T11:15:52+00:00","twitter_card":"summary_large_image","twitter_misc":{"Dur\u00e9e de lecture estim\u00e9e":"5 minutes"},"schema":{"@context":"https:\/\/schema.org","@graph":[{"@type":"WebPage","@id":"https:\/\/www.husyca.com\/fr\/politique-en-matiere-de-cookies\/","url":"https:\/\/www.husyca.com\/fr\/politique-en-matiere-de-cookies\/","name":"Politique en mati\u00e8re de cookies - Husyca S.A. Husillos y camaras en Barcelona","isPartOf":{"@id":"https:\/\/www.husyca.com\/#website"},"datePublished":"2022-12-15T13:01:32+00:00","dateModified":"2023-03-31T11:15:52+00:00","breadcrumb":{"@id":"https:\/\/www.husyca.com\/fr\/politique-en-matiere-de-cookies\/#breadcrumb"},"inLanguage":"fr-FR","potentialAction":[{"@type":"ReadAction","target":["https:\/\/www.husyca.com\/fr\/politique-en-matiere-de-cookies\/"]}]},{"@type":"BreadcrumbList","@id":"https:\/\/www.husyca.com\/fr\/politique-en-matiere-de-cookies\/#breadcrumb","itemListElement":[{"@type":"ListItem","position":1,"name":"Portada","item":"https:\/\/www.husyca.com\/fr\/home\/"},{"@type":"ListItem","position":2,"name":"Politique en mati\u00e8re de cookies"}]},{"@type":"WebSite","@id":"https:\/\/www.husyca.com\/#website","url":"https:\/\/www.husyca.com\/","name":"Husyca S.A. Husillos y camaras en Barcelona","description":"Mecanizado, reparaci\u00f3n y fabricaci\u00f3n de husillos y cilindros de plastificaci\u00f3n, nitrurados, bimetalicos, inyecci\u00f3n, cluatas, portaboquillas, aceros y tratamientos, Aceros de Nitruraci\u00f3n, de temple o inoxidables, C\u00e1maras de Extrusi\u00f3n, monohusillos, Tratamientos superficiales diversos: Cromo duro, SSA, TIN, Niquel qu\u00edmico, C\u00e1maras de extrusi\u00f3n doble husillo paralelas","potentialAction":[{"@type":"SearchAction","target":{"@type":"EntryPoint","urlTemplate":"https:\/\/www.husyca.com\/?s={search_term_string}"},"query-input":{"@type":"PropertyValueSpecification","valueRequired":true,"valueName":"search_term_string"}}],"inLanguage":"fr-FR"}]}},"_links":{"self":[{"href":"https:\/\/www.husyca.com\/fr\/wp-json\/wp\/v2\/pages\/1296","targetHints":{"allow":["GET"]}}],"collection":[{"href":"https:\/\/www.husyca.com\/fr\/wp-json\/wp\/v2\/pages"}],"about":[{"href":"https:\/\/www.husyca.com\/fr\/wp-json\/wp\/v2\/types\/page"}],"author":[{"embeddable":true,"href":"https:\/\/www.husyca.com\/fr\/wp-json\/wp\/v2\/users\/2"}],"replies":[{"embeddable":true,"href":"https:\/\/www.husyca.com\/fr\/wp-json\/wp\/v2\/comments?post=1296"}],"version-history":[{"count":1,"href":"https:\/\/www.husyca.com\/fr\/wp-json\/wp\/v2\/pages\/1296\/revisions"}],"predecessor-version":[{"id":1297,"href":"https:\/\/www.husyca.com\/fr\/wp-json\/wp\/v2\/pages\/1296\/revisions\/1297"}],"wp:attachment":[{"href":"https:\/\/www.husyca.com\/fr\/wp-json\/wp\/v2\/media?parent=1296"}],"curies":[{"name":"wp","href":"https:\/\/api.w.org\/{rel}","templated":true}]}}