{"id":1181,"date":"2022-11-30T19:25:22","date_gmt":"2022-11-30T19:25:22","guid":{"rendered":"https:\/\/www.husyca.com\/services\/"},"modified":"2023-03-30T21:23:36","modified_gmt":"2023-03-30T21:23:36","slug":"services","status":"publish","type":"page","link":"https:\/\/www.husyca.com\/fr\/services\/","title":{"rendered":"Services"},"content":{"rendered":"\t\t<div data-elementor-type=\"wp-page\" data-elementor-id=\"1181\" class=\"elementor elementor-1181 elementor-245\" data-elementor-post-type=\"page\">\n\t\t\t\t\t\t<section class=\"elementor-section elementor-top-section elementor-element elementor-element-da65783 elementor-section-height-min-height elementor-section-boxed elementor-section-height-default elementor-section-items-middle\" data-id=\"da65783\" data-element_type=\"section\" data-settings=\"{&quot;background_background&quot;:&quot;classic&quot;,&quot;shape_divider_bottom&quot;:&quot;curve&quot;,&quot;shape_divider_bottom_negative&quot;:&quot;yes&quot;}\">\n\t\t\t\t\t\t\t<div class=\"elementor-background-overlay\"><\/div>\n\t\t\t\t\t\t<div class=\"elementor-shape elementor-shape-bottom\" data-negative=\"true\">\n\t\t\t<svg xmlns=\"http:\/\/www.w3.org\/2000\/svg\" viewBox=\"0 0 1000 100\" preserveAspectRatio=\"none\">\n\t<path class=\"elementor-shape-fill\" d=\"M500,97C126.7,96.3,0.8,19.8,0,0v100l1000,0V1C1000,19.4,873.3,97.8,500,97z\"\/>\n<\/svg>\t\t<\/div>\n\t\t\t\t\t<div class=\"elementor-container elementor-column-gap-default\">\n\t\t\t\t\t<div class=\"elementor-column elementor-col-100 elementor-top-column elementor-element elementor-element-67e5115\" data-id=\"67e5115\" data-element_type=\"column\">\n\t\t\t<div class=\"elementor-widget-wrap elementor-element-populated\">\n\t\t\t\t\t\t<div class=\"elementor-element elementor-element-2a66f26 elementor-widget elementor-widget-heading\" data-id=\"2a66f26\" data-element_type=\"widget\" data-widget_type=\"heading.default\">\n\t\t\t\t<div class=\"elementor-widget-container\">\n\t\t\t\t\t<h2 class=\"elementor-heading-title elementor-size-default\">Services<\/h2>\t\t\t\t<\/div>\n\t\t\t\t<\/div>\n\t\t\t\t\t<\/div>\n\t\t<\/div>\n\t\t\t\t\t<\/div>\n\t\t<\/section>\n\t\t\t\t<section class=\"elementor-section elementor-top-section elementor-element elementor-element-2df44f4 elementor-section-boxed elementor-section-height-default elementor-section-height-default\" data-id=\"2df44f4\" data-element_type=\"section\">\n\t\t\t\t\t\t<div class=\"elementor-container elementor-column-gap-default\">\n\t\t\t\t\t<div class=\"elementor-column elementor-col-100 elementor-top-column elementor-element elementor-element-6783759\" data-id=\"6783759\" data-element_type=\"column\">\n\t\t\t<div class=\"elementor-widget-wrap elementor-element-populated\">\n\t\t\t\t\t\t<div class=\"elementor-element elementor-element-a292c10 elementor-widget elementor-widget-text-editor\" data-id=\"a292c10\" data-element_type=\"widget\" data-widget_type=\"text-editor.default\">\n\t\t\t\t<div class=\"elementor-widget-container\">\n\t\t\t\t\t\t\t\t\t<p><b>Husyca<\/b> est le num\u00e9ro un des services de r\u00e9paration de <b>vis<\/b> et de <b>cam\u00e9ras<\/b>. Les piliers sur lesquels repose ce service sont :<\/p>\n\t\t\t\t\t\t\t\t<\/div>\n\t\t\t\t<\/div>\n\t\t\t\t<section class=\"elementor-section elementor-inner-section elementor-element elementor-element-3fe80e5 elementor-section-boxed elementor-section-height-default elementor-section-height-default\" data-id=\"3fe80e5\" data-element_type=\"section\">\n\t\t\t\t\t\t<div class=\"elementor-container elementor-column-gap-default\">\n\t\t\t\t\t<div class=\"elementor-column elementor-col-33 elementor-inner-column elementor-element elementor-element-95b01ec\" data-id=\"95b01ec\" data-element_type=\"column\">\n\t\t\t<div class=\"elementor-widget-wrap elementor-element-populated\">\n\t\t\t\t\t\t<div class=\"elementor-element elementor-element-f9535b7 elementor-position-top elementor-widget elementor-widget-image-box\" data-id=\"f9535b7\" data-element_type=\"widget\" data-widget_type=\"image-box.default\">\n\t\t\t\t<div class=\"elementor-widget-container\">\n\t\t\t\t\t<div class=\"elementor-image-box-wrapper\"><figure class=\"elementor-image-box-img\"><img decoding=\"async\" width=\"342\" height=\"128\" src=\"https:\/\/www.husyca.com\/wp-content\/uploads\/2022\/12\/manos.jpg\" class=\"attachment-full size-full wp-image-306\" alt=\"\" srcset=\"https:\/\/www.husyca.com\/wp-content\/uploads\/2022\/12\/manos.jpg 342w, https:\/\/www.husyca.com\/wp-content\/uploads\/2022\/12\/manos-300x112.jpg 300w\" sizes=\"(max-width: 342px) 100vw, 342px\" \/><\/figure><div class=\"elementor-image-box-content\"><h3 class=\"elementor-image-box-title\"> Service technique<\/h3><p class=\"elementor-image-box-description\">Les professionnels de notre service technique vous offriront les conseils appropri\u00e9s pour optimiser tous les processus. En plus de r\u00e9aliser le dessin et le contr\u00f4le dimensionnel des ensembles.<\/p><\/div><\/div>\t\t\t\t<\/div>\n\t\t\t\t<\/div>\n\t\t\t\t\t<\/div>\n\t\t<\/div>\n\t\t\t\t<div class=\"elementor-column elementor-col-33 elementor-inner-column elementor-element elementor-element-97f59c4\" data-id=\"97f59c4\" data-element_type=\"column\">\n\t\t\t<div class=\"elementor-widget-wrap elementor-element-populated\">\n\t\t\t\t\t\t<div class=\"elementor-element elementor-element-4825a13 elementor-position-top elementor-widget elementor-widget-image-box\" data-id=\"4825a13\" data-element_type=\"widget\" data-widget_type=\"image-box.default\">\n\t\t\t\t<div class=\"elementor-widget-container\">\n\t\t\t\t\t<div class=\"elementor-image-box-wrapper\"><figure class=\"elementor-image-box-img\"><img decoding=\"async\" width=\"342\" height=\"128\" src=\"https:\/\/www.husyca.com\/wp-content\/uploads\/2022\/12\/sos.jpg\" class=\"attachment-full size-full wp-image-308\" alt=\"\" srcset=\"https:\/\/www.husyca.com\/wp-content\/uploads\/2022\/12\/sos.jpg 342w, https:\/\/www.husyca.com\/wp-content\/uploads\/2022\/12\/sos-300x112.jpg 300w\" sizes=\"(max-width: 342px) 100vw, 342px\" \/><\/figure><div class=\"elementor-image-box-content\"><h3 class=\"elementor-image-box-title\"> intervention urgente<\/h3><p class=\"elementor-image-box-description\">Husyca est capable d'effectuer des r\u00e9parations en un temps record. Ce qui nous fait vivre, ce sont nos clients, donc s'ils ont un probl\u00e8me, nous aussi, donc plus vite il est r\u00e9solu, mieux c'est.Nous sommes disponibles 365 jours par an.<\/p><\/div><\/div>\t\t\t\t<\/div>\n\t\t\t\t<\/div>\n\t\t\t\t\t<\/div>\n\t\t<\/div>\n\t\t\t\t<div class=\"elementor-column elementor-col-33 elementor-inner-column elementor-element elementor-element-55de64a\" data-id=\"55de64a\" data-element_type=\"column\">\n\t\t\t<div class=\"elementor-widget-wrap elementor-element-populated\">\n\t\t\t\t\t\t<div class=\"elementor-element elementor-element-fb6deac elementor-position-top elementor-widget elementor-widget-image-box\" data-id=\"fb6deac\" data-element_type=\"widget\" data-widget_type=\"image-box.default\">\n\t\t\t\t<div class=\"elementor-widget-container\">\n\t\t\t\t\t<div class=\"elementor-image-box-wrapper\"><figure class=\"elementor-image-box-img\"><img decoding=\"async\" width=\"342\" height=\"128\" src=\"https:\/\/www.husyca.com\/wp-content\/uploads\/2022\/12\/satis.jpg\" class=\"attachment-full size-full wp-image-307\" alt=\"\" srcset=\"https:\/\/www.husyca.com\/wp-content\/uploads\/2022\/12\/satis.jpg 342w, https:\/\/www.husyca.com\/wp-content\/uploads\/2022\/12\/satis-300x112.jpg 300w\" sizes=\"(max-width: 342px) 100vw, 342px\" \/><\/figure><div class=\"elementor-image-box-content\"><h3 class=\"elementor-image-box-title\">\u00e9quipements et installations<\/h3><p class=\"elementor-image-box-description\">Nous avons une grande \u00e9quipe de professionnels hautement qualifi\u00e9s, experts dans l'utilisation des derni\u00e8res technologies telles que la conception 3D, ainsi que plus de 2 000 m\u00e8tres carr\u00e9s d'installations enti\u00e8rement pr\u00e9par\u00e9es pour mener \u00e0 bien l'ensemble du processus de fabrication et de r\u00e9paration de nos produits. <\/p><\/div><\/div>\t\t\t\t<\/div>\n\t\t\t\t<\/div>\n\t\t\t\t\t<\/div>\n\t\t<\/div>\n\t\t\t\t\t<\/div>\n\t\t<\/section>\n\t\t\t\t\t<\/div>\n\t\t<\/div>\n\t\t\t\t\t<\/div>\n\t\t<\/section>\n\t\t\t\t<\/div>\n\t\t","protected":false},"excerpt":{"rendered":"<p>Husyca est le num\u00e9ro un des services de r\u00e9paration de vis et de cam\u00e9ras. Les piliers sur lesquels repose ce service sont : Service technique Les professionnels de notre service technique vous offriront les conseils appropri\u00e9s pour optimiser tous les processus. En plus de r\u00e9aliser le dessin et le contr\u00f4le dimensionnel des ensembles. intervention urgente [&hellip;]<\/p>\n","protected":false},"author":1,"featured_media":0,"parent":0,"menu_order":0,"comment_status":"closed","ping_status":"closed","template":"elementor_header_footer","meta":{"_joinchat":[],"footnotes":""},"class_list":["post-1181","page","type-page","status-publish","hentry"],"yoast_head":"<!-- This site is optimized with the Yoast SEO plugin v24.3 - https:\/\/yoast.com\/wordpress\/plugins\/seo\/ -->\n<title>Services - Husyca S.A. Husillos y camaras en Barcelona<\/title>\n<meta name=\"robots\" content=\"index, follow, max-snippet:-1, max-image-preview:large, max-video-preview:-1\" \/>\n<link rel=\"canonical\" href=\"https:\/\/www.husyca.com\/fr\/services\/\" \/>\n<meta property=\"og:locale\" content=\"fr_FR\" \/>\n<meta property=\"og:type\" content=\"article\" \/>\n<meta property=\"og:title\" content=\"Services - Husyca S.A. Husillos y camaras en Barcelona\" \/>\n<meta property=\"og:description\" content=\"Husyca est le num\u00e9ro un des services de r\u00e9paration de vis et de cam\u00e9ras. Les piliers sur lesquels repose ce service sont : Service technique Les professionnels de notre service technique vous offriront les conseils appropri\u00e9s pour optimiser tous les processus. En plus de r\u00e9aliser le dessin et le contr\u00f4le dimensionnel des ensembles. intervention urgente [&hellip;]\" \/>\n<meta property=\"og:url\" content=\"https:\/\/www.husyca.com\/fr\/services\/\" \/>\n<meta property=\"og:site_name\" content=\"Husyca S.A. Husillos y camaras en Barcelona\" \/>\n<meta property=\"article:publisher\" content=\"https:\/\/www.facebook.com\/profile.php?id=100088596826097\" \/>\n<meta property=\"article:modified_time\" content=\"2023-03-30T21:23:36+00:00\" \/>\n<meta property=\"og:image\" content=\"https:\/\/www.husyca.com\/wp-content\/uploads\/2022\/12\/manos.jpg\" \/>\n<meta name=\"twitter:card\" content=\"summary_large_image\" \/>\n<meta name=\"twitter:label1\" content=\"Dur\u00e9e de lecture estim\u00e9e\" \/>\n\t<meta name=\"twitter:data1\" content=\"1 minute\" \/>\n<script type=\"application\/ld+json\" class=\"yoast-schema-graph\">{\"@context\":\"https:\/\/schema.org\",\"@graph\":[{\"@type\":\"WebPage\",\"@id\":\"https:\/\/www.husyca.com\/fr\/services\/\",\"url\":\"https:\/\/www.husyca.com\/fr\/services\/\",\"name\":\"Services - Husyca S.A. Husillos y camaras en Barcelona\",\"isPartOf\":{\"@id\":\"https:\/\/www.husyca.com\/#website\"},\"primaryImageOfPage\":{\"@id\":\"https:\/\/www.husyca.com\/fr\/services\/#primaryimage\"},\"image\":{\"@id\":\"https:\/\/www.husyca.com\/fr\/services\/#primaryimage\"},\"thumbnailUrl\":\"https:\/\/www.husyca.com\/wp-content\/uploads\/2022\/12\/manos.jpg\",\"datePublished\":\"2022-11-30T19:25:22+00:00\",\"dateModified\":\"2023-03-30T21:23:36+00:00\",\"breadcrumb\":{\"@id\":\"https:\/\/www.husyca.com\/fr\/services\/#breadcrumb\"},\"inLanguage\":\"fr-FR\",\"potentialAction\":[{\"@type\":\"ReadAction\",\"target\":[\"https:\/\/www.husyca.com\/fr\/services\/\"]}]},{\"@type\":\"ImageObject\",\"inLanguage\":\"fr-FR\",\"@id\":\"https:\/\/www.husyca.com\/fr\/services\/#primaryimage\",\"url\":\"https:\/\/www.husyca.com\/wp-content\/uploads\/2022\/12\/manos.jpg\",\"contentUrl\":\"https:\/\/www.husyca.com\/wp-content\/uploads\/2022\/12\/manos.jpg\"},{\"@type\":\"BreadcrumbList\",\"@id\":\"https:\/\/www.husyca.com\/fr\/services\/#breadcrumb\",\"itemListElement\":[{\"@type\":\"ListItem\",\"position\":1,\"name\":\"Portada\",\"item\":\"https:\/\/www.husyca.com\/fr\/home\/\"},{\"@type\":\"ListItem\",\"position\":2,\"name\":\"Services\"}]},{\"@type\":\"WebSite\",\"@id\":\"https:\/\/www.husyca.com\/#website\",\"url\":\"https:\/\/www.husyca.com\/\",\"name\":\"Husyca S.A. Husillos y camaras en Barcelona\",\"description\":\"Mecanizado, reparaci\u00f3n y fabricaci\u00f3n de husillos y cilindros de plastificaci\u00f3n, nitrurados, bimetalicos, inyecci\u00f3n, cluatas, portaboquillas, aceros y tratamientos, Aceros de Nitruraci\u00f3n, de temple o inoxidables, C\u00e1maras de Extrusi\u00f3n, monohusillos, Tratamientos superficiales diversos: Cromo duro, SSA, TIN, Niquel qu\u00edmico, C\u00e1maras de extrusi\u00f3n doble husillo paralelas\",\"potentialAction\":[{\"@type\":\"SearchAction\",\"target\":{\"@type\":\"EntryPoint\",\"urlTemplate\":\"https:\/\/www.husyca.com\/?s={search_term_string}\"},\"query-input\":{\"@type\":\"PropertyValueSpecification\",\"valueRequired\":true,\"valueName\":\"search_term_string\"}}],\"inLanguage\":\"fr-FR\"}]}<\/script>\n<!-- \/ Yoast SEO plugin. -->","yoast_head_json":{"title":"Services - Husyca S.A. Husillos y camaras en Barcelona","robots":{"index":"index","follow":"follow","max-snippet":"max-snippet:-1","max-image-preview":"max-image-preview:large","max-video-preview":"max-video-preview:-1"},"canonical":"https:\/\/www.husyca.com\/fr\/services\/","og_locale":"fr_FR","og_type":"article","og_title":"Services - Husyca S.A. Husillos y camaras en Barcelona","og_description":"Husyca est le num\u00e9ro un des services de r\u00e9paration de vis et de cam\u00e9ras. Les piliers sur lesquels repose ce service sont : Service technique Les professionnels de notre service technique vous offriront les conseils appropri\u00e9s pour optimiser tous les processus. En plus de r\u00e9aliser le dessin et le contr\u00f4le dimensionnel des ensembles. intervention urgente [&hellip;]","og_url":"https:\/\/www.husyca.com\/fr\/services\/","og_site_name":"Husyca S.A. Husillos y camaras en Barcelona","article_publisher":"https:\/\/www.facebook.com\/profile.php?id=100088596826097","article_modified_time":"2023-03-30T21:23:36+00:00","og_image":[{"url":"https:\/\/www.husyca.com\/wp-content\/uploads\/2022\/12\/manos.jpg","type":"","width":"","height":""}],"twitter_card":"summary_large_image","twitter_misc":{"Dur\u00e9e de lecture estim\u00e9e":"1 minute"},"schema":{"@context":"https:\/\/schema.org","@graph":[{"@type":"WebPage","@id":"https:\/\/www.husyca.com\/fr\/services\/","url":"https:\/\/www.husyca.com\/fr\/services\/","name":"Services - Husyca S.A. Husillos y camaras en Barcelona","isPartOf":{"@id":"https:\/\/www.husyca.com\/#website"},"primaryImageOfPage":{"@id":"https:\/\/www.husyca.com\/fr\/services\/#primaryimage"},"image":{"@id":"https:\/\/www.husyca.com\/fr\/services\/#primaryimage"},"thumbnailUrl":"https:\/\/www.husyca.com\/wp-content\/uploads\/2022\/12\/manos.jpg","datePublished":"2022-11-30T19:25:22+00:00","dateModified":"2023-03-30T21:23:36+00:00","breadcrumb":{"@id":"https:\/\/www.husyca.com\/fr\/services\/#breadcrumb"},"inLanguage":"fr-FR","potentialAction":[{"@type":"ReadAction","target":["https:\/\/www.husyca.com\/fr\/services\/"]}]},{"@type":"ImageObject","inLanguage":"fr-FR","@id":"https:\/\/www.husyca.com\/fr\/services\/#primaryimage","url":"https:\/\/www.husyca.com\/wp-content\/uploads\/2022\/12\/manos.jpg","contentUrl":"https:\/\/www.husyca.com\/wp-content\/uploads\/2022\/12\/manos.jpg"},{"@type":"BreadcrumbList","@id":"https:\/\/www.husyca.com\/fr\/services\/#breadcrumb","itemListElement":[{"@type":"ListItem","position":1,"name":"Portada","item":"https:\/\/www.husyca.com\/fr\/home\/"},{"@type":"ListItem","position":2,"name":"Services"}]},{"@type":"WebSite","@id":"https:\/\/www.husyca.com\/#website","url":"https:\/\/www.husyca.com\/","name":"Husyca S.A. Husillos y camaras en Barcelona","description":"Mecanizado, reparaci\u00f3n y fabricaci\u00f3n de husillos y cilindros de plastificaci\u00f3n, nitrurados, bimetalicos, inyecci\u00f3n, cluatas, portaboquillas, aceros y tratamientos, Aceros de Nitruraci\u00f3n, de temple o inoxidables, C\u00e1maras de Extrusi\u00f3n, monohusillos, Tratamientos superficiales diversos: Cromo duro, SSA, TIN, Niquel qu\u00edmico, C\u00e1maras de extrusi\u00f3n doble husillo paralelas","potentialAction":[{"@type":"SearchAction","target":{"@type":"EntryPoint","urlTemplate":"https:\/\/www.husyca.com\/?s={search_term_string}"},"query-input":{"@type":"PropertyValueSpecification","valueRequired":true,"valueName":"search_term_string"}}],"inLanguage":"fr-FR"}]}},"_links":{"self":[{"href":"https:\/\/www.husyca.com\/fr\/wp-json\/wp\/v2\/pages\/1181","targetHints":{"allow":["GET"]}}],"collection":[{"href":"https:\/\/www.husyca.com\/fr\/wp-json\/wp\/v2\/pages"}],"about":[{"href":"https:\/\/www.husyca.com\/fr\/wp-json\/wp\/v2\/types\/page"}],"author":[{"embeddable":true,"href":"https:\/\/www.husyca.com\/fr\/wp-json\/wp\/v2\/users\/1"}],"replies":[{"embeddable":true,"href":"https:\/\/www.husyca.com\/fr\/wp-json\/wp\/v2\/comments?post=1181"}],"version-history":[{"count":3,"href":"https:\/\/www.husyca.com\/fr\/wp-json\/wp\/v2\/pages\/1181\/revisions"}],"predecessor-version":[{"id":1184,"href":"https:\/\/www.husyca.com\/fr\/wp-json\/wp\/v2\/pages\/1181\/revisions\/1184"}],"wp:attachment":[{"href":"https:\/\/www.husyca.com\/fr\/wp-json\/wp\/v2\/media?parent=1181"}],"curies":[{"name":"wp","href":"https:\/\/api.w.org\/{rel}","templated":true}]}}