{"id":1175,"date":"2022-11-30T19:27:34","date_gmt":"2022-11-30T19:27:34","guid":{"rendered":"https:\/\/www.husyca.com\/reparations\/"},"modified":"2023-03-30T21:16:36","modified_gmt":"2023-03-30T21:16:36","slug":"reparations","status":"publish","type":"page","link":"https:\/\/www.husyca.com\/fr\/reparations\/","title":{"rendered":"R\u00e9parations"},"content":{"rendered":"\t\t<div data-elementor-type=\"wp-page\" data-elementor-id=\"1175\" class=\"elementor elementor-1175 elementor-250\" data-elementor-post-type=\"page\">\n\t\t\t\t\t\t<section class=\"elementor-section elementor-top-section elementor-element elementor-element-5363476 elementor-section-height-min-height elementor-section-boxed elementor-section-height-default elementor-section-items-middle\" data-id=\"5363476\" data-element_type=\"section\" data-settings=\"{&quot;background_background&quot;:&quot;classic&quot;,&quot;shape_divider_bottom&quot;:&quot;curve&quot;,&quot;shape_divider_bottom_negative&quot;:&quot;yes&quot;}\">\n\t\t\t\t\t\t\t<div class=\"elementor-background-overlay\"><\/div>\n\t\t\t\t\t\t<div class=\"elementor-shape elementor-shape-bottom\" data-negative=\"true\">\n\t\t\t<svg xmlns=\"http:\/\/www.w3.org\/2000\/svg\" viewBox=\"0 0 1000 100\" preserveAspectRatio=\"none\">\n\t<path class=\"elementor-shape-fill\" d=\"M500,97C126.7,96.3,0.8,19.8,0,0v100l1000,0V1C1000,19.4,873.3,97.8,500,97z\"\/>\n<\/svg>\t\t<\/div>\n\t\t\t\t\t<div class=\"elementor-container elementor-column-gap-default\">\n\t\t\t\t\t<div class=\"elementor-column elementor-col-100 elementor-top-column elementor-element elementor-element-60c9725\" data-id=\"60c9725\" data-element_type=\"column\">\n\t\t\t<div class=\"elementor-widget-wrap elementor-element-populated\">\n\t\t\t\t\t\t<div class=\"elementor-element elementor-element-550285b elementor-widget elementor-widget-heading\" data-id=\"550285b\" data-element_type=\"widget\" data-widget_type=\"heading.default\">\n\t\t\t\t<div class=\"elementor-widget-container\">\n\t\t\t\t\t<h2 class=\"elementor-heading-title elementor-size-default\">R\u00e9parations<\/h2>\t\t\t\t<\/div>\n\t\t\t\t<\/div>\n\t\t\t\t\t<\/div>\n\t\t<\/div>\n\t\t\t\t\t<\/div>\n\t\t<\/section>\n\t\t\t\t<section class=\"elementor-section elementor-top-section elementor-element elementor-element-96a9901 elementor-section-boxed elementor-section-height-default elementor-section-height-default\" data-id=\"96a9901\" data-element_type=\"section\">\n\t\t\t\t\t\t<div class=\"elementor-container elementor-column-gap-default\">\n\t\t\t\t\t<div class=\"elementor-column elementor-col-100 elementor-top-column elementor-element elementor-element-2af453e\" data-id=\"2af453e\" data-element_type=\"column\">\n\t\t\t<div class=\"elementor-widget-wrap elementor-element-populated\">\n\t\t\t\t\t\t<div class=\"elementor-element elementor-element-524a4f3 elementor-widget elementor-widget-text-editor\" data-id=\"524a4f3\" data-element_type=\"widget\" data-widget_type=\"text-editor.default\">\n\t\t\t\t<div class=\"elementor-widget-container\">\n\t\t\t\t\t\t\t\t\t<p>Nous avons les meilleurs sp\u00e9cialistes pour diagnostiquer les probl\u00e8mes ainsi que pour les r\u00e9soudre.<br \/>Pour cela, nous disposons \u00e9galement de la meilleure technologie pour r\u00e9parer toutes sortes de vis, cam\u00e9ras, etc.<\/p>\n\t\t\t\t\t\t\t\t<\/div>\n\t\t\t\t<\/div>\n\t\t\t\t<section class=\"elementor-section elementor-inner-section elementor-element elementor-element-a8ff918 elementor-section-boxed elementor-section-height-default elementor-section-height-default\" data-id=\"a8ff918\" data-element_type=\"section\">\n\t\t\t\t\t\t<div class=\"elementor-container elementor-column-gap-default\">\n\t\t\t\t\t<div class=\"elementor-column elementor-col-50 elementor-inner-column elementor-element elementor-element-e877cff\" data-id=\"e877cff\" data-element_type=\"column\">\n\t\t\t<div class=\"elementor-widget-wrap elementor-element-populated\">\n\t\t\t\t\t\t<div class=\"elementor-element elementor-element-16305b5 elementor-position-top elementor-widget elementor-widget-image-box\" data-id=\"16305b5\" data-element_type=\"widget\" data-widget_type=\"image-box.default\">\n\t\t\t\t<div class=\"elementor-widget-container\">\n\t\t\t\t\t<div class=\"elementor-image-box-wrapper\"><figure class=\"elementor-image-box-img\"><img fetchpriority=\"high\" decoding=\"async\" width=\"560\" height=\"290\" src=\"https:\/\/www.husyca.com\/wp-content\/uploads\/2022\/12\/reparaciones1.jpg\" class=\"attachment-full size-full wp-image-319\" alt=\"\" srcset=\"https:\/\/www.husyca.com\/wp-content\/uploads\/2022\/12\/reparaciones1.jpg 560w, https:\/\/www.husyca.com\/wp-content\/uploads\/2022\/12\/reparaciones1-300x155.jpg 300w\" sizes=\"(max-width: 560px) 100vw, 560px\" \/><\/figure><div class=\"elementor-image-box-content\"><h3 class=\"elementor-image-box-title\">R\u00e9paration de cam\u00e9ra<\/h3><p class=\"elementor-image-box-description\">Une fois diagnostiqu\u00e9 que l'appareil photo souffre d'usure, il peut \u00eatre r\u00e9solu de deux mani\u00e8res diff\u00e9rentes:\n<\/br>\n1. Le diam\u00e8tre int\u00e9rieur de ladite cam\u00e9ra est augment\u00e9 le moins possible (en fonction de l'usure) afin d'avoir une cam\u00e9ra de plus grand diam\u00e8tre mais compl\u00e8tement cylindrique et homog\u00e8ne.\n<\/br>\n2. Le diam\u00e8tre int\u00e9rieur de ladite cam\u00e9ra est augment\u00e9 jusqu'\u00e0 ce qu'une douille puisse \u00eatre ins\u00e9r\u00e9e. De cette fa\u00e7on, la chambre restera au diam\u00e8tre nominal, sans aucune augmentation.<\/p><\/div><\/div>\t\t\t\t<\/div>\n\t\t\t\t<\/div>\n\t\t\t\t\t<\/div>\n\t\t<\/div>\n\t\t\t\t<div class=\"elementor-column elementor-col-50 elementor-inner-column elementor-element elementor-element-9f1c624\" data-id=\"9f1c624\" data-element_type=\"column\">\n\t\t\t<div class=\"elementor-widget-wrap elementor-element-populated\">\n\t\t\t\t\t\t<div class=\"elementor-element elementor-element-dac11a7 elementor-position-top elementor-widget elementor-widget-image-box\" data-id=\"dac11a7\" data-element_type=\"widget\" data-widget_type=\"image-box.default\">\n\t\t\t\t<div class=\"elementor-widget-container\">\n\t\t\t\t\t<div class=\"elementor-image-box-wrapper\"><figure class=\"elementor-image-box-img\"><img decoding=\"async\" width=\"560\" height=\"290\" src=\"https:\/\/www.husyca.com\/wp-content\/uploads\/2022\/12\/reparaciones2.jpg\" class=\"attachment-full size-full wp-image-320\" alt=\"\" srcset=\"https:\/\/www.husyca.com\/wp-content\/uploads\/2022\/12\/reparaciones2.jpg 560w, https:\/\/www.husyca.com\/wp-content\/uploads\/2022\/12\/reparaciones2-300x155.jpg 300w\" sizes=\"(max-width: 560px) 100vw, 560px\" \/><\/figure><div class=\"elementor-image-box-content\"><h3 class=\"elementor-image-box-title\">R\u00e9paration de vis<\/h3><p class=\"elementor-image-box-description\">Une fois l'usure de la vis diagnostiqu\u00e9e, sa r\u00e9paration consiste en :\n<\/br>\nL'ensemble du filetage de la vis est abaiss\u00e9 (rectifi\u00e9) pour ensuite apporter un apport de soudure et laisser la broche \u00e0 la m\u00eame cote que la cam\u00e9ra. L'alliage de soudure fourni sera celui qui conviendra le mieux aux besoins du client.<\/p><\/div><\/div>\t\t\t\t<\/div>\n\t\t\t\t<\/div>\n\t\t\t\t\t<\/div>\n\t\t<\/div>\n\t\t\t\t\t<\/div>\n\t\t<\/section>\n\t\t\t\t\t<\/div>\n\t\t<\/div>\n\t\t\t\t\t<\/div>\n\t\t<\/section>\n\t\t\t\t<\/div>\n\t\t","protected":false},"excerpt":{"rendered":"<p>Nous avons les meilleurs sp\u00e9cialistes pour diagnostiquer les probl\u00e8mes ainsi que pour les r\u00e9soudre.Pour cela, nous disposons \u00e9galement de la meilleure technologie pour r\u00e9parer toutes sortes de vis, cam\u00e9ras, etc. R\u00e9paration de cam\u00e9ra Une fois diagnostiqu\u00e9 que l&#8217;appareil photo souffre d&#8217;usure, il peut \u00eatre r\u00e9solu de deux mani\u00e8res diff\u00e9rentes: 1. Le diam\u00e8tre int\u00e9rieur de ladite [&hellip;]<\/p>\n","protected":false},"author":1,"featured_media":0,"parent":0,"menu_order":0,"comment_status":"closed","ping_status":"closed","template":"elementor_header_footer","meta":{"_joinchat":[],"footnotes":""},"class_list":["post-1175","page","type-page","status-publish","hentry"],"yoast_head":"<!-- This site is optimized with the Yoast SEO plugin v24.3 - https:\/\/yoast.com\/wordpress\/plugins\/seo\/ -->\n<title>R\u00e9parations - Husyca S.A. Husillos y camaras en Barcelona<\/title>\n<meta name=\"robots\" content=\"index, follow, max-snippet:-1, max-image-preview:large, max-video-preview:-1\" \/>\n<link rel=\"canonical\" href=\"https:\/\/www.husyca.com\/fr\/reparations\/\" \/>\n<meta property=\"og:locale\" content=\"fr_FR\" \/>\n<meta property=\"og:type\" content=\"article\" \/>\n<meta property=\"og:title\" content=\"R\u00e9parations - Husyca S.A. Husillos y camaras en Barcelona\" \/>\n<meta property=\"og:description\" content=\"Nous avons les meilleurs sp\u00e9cialistes pour diagnostiquer les probl\u00e8mes ainsi que pour les r\u00e9soudre.Pour cela, nous disposons \u00e9galement de la meilleure technologie pour r\u00e9parer toutes sortes de vis, cam\u00e9ras, etc. R\u00e9paration de cam\u00e9ra Une fois diagnostiqu\u00e9 que l&#8217;appareil photo souffre d&#8217;usure, il peut \u00eatre r\u00e9solu de deux mani\u00e8res diff\u00e9rentes: 1. Le diam\u00e8tre int\u00e9rieur de ladite [&hellip;]\" \/>\n<meta property=\"og:url\" content=\"https:\/\/www.husyca.com\/fr\/reparations\/\" \/>\n<meta property=\"og:site_name\" content=\"Husyca S.A. Husillos y camaras en Barcelona\" \/>\n<meta property=\"article:publisher\" content=\"https:\/\/www.facebook.com\/profile.php?id=100088596826097\" \/>\n<meta property=\"article:modified_time\" content=\"2023-03-30T21:16:36+00:00\" \/>\n<meta property=\"og:image\" content=\"https:\/\/www.husyca.com\/wp-content\/uploads\/2022\/12\/reparaciones1.jpg\" \/>\n<meta name=\"twitter:card\" content=\"summary_large_image\" \/>\n<meta name=\"twitter:label1\" content=\"Dur\u00e9e de lecture estim\u00e9e\" \/>\n\t<meta name=\"twitter:data1\" content=\"1 minute\" \/>\n<script type=\"application\/ld+json\" class=\"yoast-schema-graph\">{\"@context\":\"https:\/\/schema.org\",\"@graph\":[{\"@type\":\"WebPage\",\"@id\":\"https:\/\/www.husyca.com\/fr\/reparations\/\",\"url\":\"https:\/\/www.husyca.com\/fr\/reparations\/\",\"name\":\"R\u00e9parations - Husyca S.A. Husillos y camaras en Barcelona\",\"isPartOf\":{\"@id\":\"https:\/\/www.husyca.com\/#website\"},\"primaryImageOfPage\":{\"@id\":\"https:\/\/www.husyca.com\/fr\/reparations\/#primaryimage\"},\"image\":{\"@id\":\"https:\/\/www.husyca.com\/fr\/reparations\/#primaryimage\"},\"thumbnailUrl\":\"https:\/\/www.husyca.com\/wp-content\/uploads\/2022\/12\/reparaciones1.jpg\",\"datePublished\":\"2022-11-30T19:27:34+00:00\",\"dateModified\":\"2023-03-30T21:16:36+00:00\",\"breadcrumb\":{\"@id\":\"https:\/\/www.husyca.com\/fr\/reparations\/#breadcrumb\"},\"inLanguage\":\"fr-FR\",\"potentialAction\":[{\"@type\":\"ReadAction\",\"target\":[\"https:\/\/www.husyca.com\/fr\/reparations\/\"]}]},{\"@type\":\"ImageObject\",\"inLanguage\":\"fr-FR\",\"@id\":\"https:\/\/www.husyca.com\/fr\/reparations\/#primaryimage\",\"url\":\"https:\/\/www.husyca.com\/wp-content\/uploads\/2022\/12\/reparaciones1.jpg\",\"contentUrl\":\"https:\/\/www.husyca.com\/wp-content\/uploads\/2022\/12\/reparaciones1.jpg\"},{\"@type\":\"BreadcrumbList\",\"@id\":\"https:\/\/www.husyca.com\/fr\/reparations\/#breadcrumb\",\"itemListElement\":[{\"@type\":\"ListItem\",\"position\":1,\"name\":\"Portada\",\"item\":\"https:\/\/www.husyca.com\/fr\/home\/\"},{\"@type\":\"ListItem\",\"position\":2,\"name\":\"R\u00e9parations\"}]},{\"@type\":\"WebSite\",\"@id\":\"https:\/\/www.husyca.com\/#website\",\"url\":\"https:\/\/www.husyca.com\/\",\"name\":\"Husyca S.A. Husillos y camaras en Barcelona\",\"description\":\"Mecanizado, reparaci\u00f3n y fabricaci\u00f3n de husillos y cilindros de plastificaci\u00f3n, nitrurados, bimetalicos, inyecci\u00f3n, cluatas, portaboquillas, aceros y tratamientos, Aceros de Nitruraci\u00f3n, de temple o inoxidables, C\u00e1maras de Extrusi\u00f3n, monohusillos, Tratamientos superficiales diversos: Cromo duro, SSA, TIN, Niquel qu\u00edmico, C\u00e1maras de extrusi\u00f3n doble husillo paralelas\",\"potentialAction\":[{\"@type\":\"SearchAction\",\"target\":{\"@type\":\"EntryPoint\",\"urlTemplate\":\"https:\/\/www.husyca.com\/?s={search_term_string}\"},\"query-input\":{\"@type\":\"PropertyValueSpecification\",\"valueRequired\":true,\"valueName\":\"search_term_string\"}}],\"inLanguage\":\"fr-FR\"}]}<\/script>\n<!-- \/ Yoast SEO plugin. -->","yoast_head_json":{"title":"R\u00e9parations - Husyca S.A. Husillos y camaras en Barcelona","robots":{"index":"index","follow":"follow","max-snippet":"max-snippet:-1","max-image-preview":"max-image-preview:large","max-video-preview":"max-video-preview:-1"},"canonical":"https:\/\/www.husyca.com\/fr\/reparations\/","og_locale":"fr_FR","og_type":"article","og_title":"R\u00e9parations - Husyca S.A. Husillos y camaras en Barcelona","og_description":"Nous avons les meilleurs sp\u00e9cialistes pour diagnostiquer les probl\u00e8mes ainsi que pour les r\u00e9soudre.Pour cela, nous disposons \u00e9galement de la meilleure technologie pour r\u00e9parer toutes sortes de vis, cam\u00e9ras, etc. R\u00e9paration de cam\u00e9ra Une fois diagnostiqu\u00e9 que l&#8217;appareil photo souffre d&#8217;usure, il peut \u00eatre r\u00e9solu de deux mani\u00e8res diff\u00e9rentes: 1. Le diam\u00e8tre int\u00e9rieur de ladite [&hellip;]","og_url":"https:\/\/www.husyca.com\/fr\/reparations\/","og_site_name":"Husyca S.A. Husillos y camaras en Barcelona","article_publisher":"https:\/\/www.facebook.com\/profile.php?id=100088596826097","article_modified_time":"2023-03-30T21:16:36+00:00","og_image":[{"url":"https:\/\/www.husyca.com\/wp-content\/uploads\/2022\/12\/reparaciones1.jpg","type":"","width":"","height":""}],"twitter_card":"summary_large_image","twitter_misc":{"Dur\u00e9e de lecture estim\u00e9e":"1 minute"},"schema":{"@context":"https:\/\/schema.org","@graph":[{"@type":"WebPage","@id":"https:\/\/www.husyca.com\/fr\/reparations\/","url":"https:\/\/www.husyca.com\/fr\/reparations\/","name":"R\u00e9parations - Husyca S.A. Husillos y camaras en Barcelona","isPartOf":{"@id":"https:\/\/www.husyca.com\/#website"},"primaryImageOfPage":{"@id":"https:\/\/www.husyca.com\/fr\/reparations\/#primaryimage"},"image":{"@id":"https:\/\/www.husyca.com\/fr\/reparations\/#primaryimage"},"thumbnailUrl":"https:\/\/www.husyca.com\/wp-content\/uploads\/2022\/12\/reparaciones1.jpg","datePublished":"2022-11-30T19:27:34+00:00","dateModified":"2023-03-30T21:16:36+00:00","breadcrumb":{"@id":"https:\/\/www.husyca.com\/fr\/reparations\/#breadcrumb"},"inLanguage":"fr-FR","potentialAction":[{"@type":"ReadAction","target":["https:\/\/www.husyca.com\/fr\/reparations\/"]}]},{"@type":"ImageObject","inLanguage":"fr-FR","@id":"https:\/\/www.husyca.com\/fr\/reparations\/#primaryimage","url":"https:\/\/www.husyca.com\/wp-content\/uploads\/2022\/12\/reparaciones1.jpg","contentUrl":"https:\/\/www.husyca.com\/wp-content\/uploads\/2022\/12\/reparaciones1.jpg"},{"@type":"BreadcrumbList","@id":"https:\/\/www.husyca.com\/fr\/reparations\/#breadcrumb","itemListElement":[{"@type":"ListItem","position":1,"name":"Portada","item":"https:\/\/www.husyca.com\/fr\/home\/"},{"@type":"ListItem","position":2,"name":"R\u00e9parations"}]},{"@type":"WebSite","@id":"https:\/\/www.husyca.com\/#website","url":"https:\/\/www.husyca.com\/","name":"Husyca S.A. Husillos y camaras en Barcelona","description":"Mecanizado, reparaci\u00f3n y fabricaci\u00f3n de husillos y cilindros de plastificaci\u00f3n, nitrurados, bimetalicos, inyecci\u00f3n, cluatas, portaboquillas, aceros y tratamientos, Aceros de Nitruraci\u00f3n, de temple o inoxidables, C\u00e1maras de Extrusi\u00f3n, monohusillos, Tratamientos superficiales diversos: Cromo duro, SSA, TIN, Niquel qu\u00edmico, C\u00e1maras de extrusi\u00f3n doble husillo paralelas","potentialAction":[{"@type":"SearchAction","target":{"@type":"EntryPoint","urlTemplate":"https:\/\/www.husyca.com\/?s={search_term_string}"},"query-input":{"@type":"PropertyValueSpecification","valueRequired":true,"valueName":"search_term_string"}}],"inLanguage":"fr-FR"}]}},"_links":{"self":[{"href":"https:\/\/www.husyca.com\/fr\/wp-json\/wp\/v2\/pages\/1175","targetHints":{"allow":["GET"]}}],"collection":[{"href":"https:\/\/www.husyca.com\/fr\/wp-json\/wp\/v2\/pages"}],"about":[{"href":"https:\/\/www.husyca.com\/fr\/wp-json\/wp\/v2\/types\/page"}],"author":[{"embeddable":true,"href":"https:\/\/www.husyca.com\/fr\/wp-json\/wp\/v2\/users\/1"}],"replies":[{"embeddable":true,"href":"https:\/\/www.husyca.com\/fr\/wp-json\/wp\/v2\/comments?post=1175"}],"version-history":[{"count":3,"href":"https:\/\/www.husyca.com\/fr\/wp-json\/wp\/v2\/pages\/1175\/revisions"}],"predecessor-version":[{"id":1178,"href":"https:\/\/www.husyca.com\/fr\/wp-json\/wp\/v2\/pages\/1175\/revisions\/1178"}],"wp:attachment":[{"href":"https:\/\/www.husyca.com\/fr\/wp-json\/wp\/v2\/media?parent=1175"}],"curies":[{"name":"wp","href":"https:\/\/api.w.org\/{rel}","templated":true}]}}