{"id":1302,"date":"2022-12-15T13:17:35","date_gmt":"2022-12-15T13:17:35","guid":{"rendered":"https:\/\/www.husyca.com\/legal-notice\/"},"modified":"2023-03-31T11:31:06","modified_gmt":"2023-03-31T11:31:06","slug":"legal-notice","status":"publish","type":"page","link":"https:\/\/www.husyca.com\/en\/legal-notice\/","title":{"rendered":"Legal Notice"},"content":{"rendered":"\t\t<div data-elementor-type=\"wp-page\" data-elementor-id=\"1302\" class=\"elementor elementor-1302 elementor-619\" data-elementor-post-type=\"page\">\n\t\t\t\t\t\t<section class=\"elementor-section elementor-top-section elementor-element elementor-element-f4541cf elementor-section-height-min-height elementor-section-boxed elementor-section-height-default elementor-section-items-middle\" data-id=\"f4541cf\" data-element_type=\"section\" data-settings=\"{&quot;background_background&quot;:&quot;classic&quot;,&quot;shape_divider_bottom&quot;:&quot;curve&quot;,&quot;shape_divider_bottom_negative&quot;:&quot;yes&quot;}\">\n\t\t\t\t\t\t\t<div class=\"elementor-background-overlay\"><\/div>\n\t\t\t\t\t\t<div class=\"elementor-shape elementor-shape-bottom\" data-negative=\"true\">\n\t\t\t<svg xmlns=\"http:\/\/www.w3.org\/2000\/svg\" viewBox=\"0 0 1000 100\" preserveAspectRatio=\"none\">\n\t<path class=\"elementor-shape-fill\" d=\"M500,97C126.7,96.3,0.8,19.8,0,0v100l1000,0V1C1000,19.4,873.3,97.8,500,97z\"\/>\n<\/svg>\t\t<\/div>\n\t\t\t\t\t<div class=\"elementor-container elementor-column-gap-default\">\n\t\t\t\t\t<div class=\"elementor-column elementor-col-100 elementor-top-column elementor-element elementor-element-ef0cac4\" data-id=\"ef0cac4\" data-element_type=\"column\">\n\t\t\t<div class=\"elementor-widget-wrap elementor-element-populated\">\n\t\t\t\t\t\t<div class=\"elementor-element elementor-element-8ae850c elementor-widget elementor-widget-heading\" data-id=\"8ae850c\" data-element_type=\"widget\" data-widget_type=\"heading.default\">\n\t\t\t\t<div class=\"elementor-widget-container\">\n\t\t\t\t\t<h2 class=\"elementor-heading-title elementor-size-default\">Legal Notice<\/h2>\t\t\t\t<\/div>\n\t\t\t\t<\/div>\n\t\t\t\t\t<\/div>\n\t\t<\/div>\n\t\t\t\t\t<\/div>\n\t\t<\/section>\n\t\t\t\t<section class=\"elementor-section elementor-top-section elementor-element elementor-element-b95d833 elementor-section-boxed elementor-section-height-default elementor-section-height-default\" data-id=\"b95d833\" data-element_type=\"section\">\n\t\t\t\t\t\t<div class=\"elementor-container elementor-column-gap-default\">\n\t\t\t\t\t<div class=\"elementor-column elementor-col-100 elementor-top-column elementor-element elementor-element-0194092\" data-id=\"0194092\" data-element_type=\"column\">\n\t\t\t<div class=\"elementor-widget-wrap elementor-element-populated\">\n\t\t\t\t\t\t<div class=\"elementor-element elementor-element-e22f0c8 elementor-widget elementor-widget-text-editor\" data-id=\"e22f0c8\" data-element_type=\"widget\" data-widget_type=\"text-editor.default\">\n\t\t\t\t<div class=\"elementor-widget-container\">\n\t\t\t\t\t\t\t\t\t<div style=\"color: #212529; font-family: -apple-system, BlinkMacSystemFont, 'Segoe UI', Roboto, 'Helvetica Neue', Arial, sans-serif, 'Apple Color Emoji', 'Segoe UI Emoji', 'Segoe UI Symbol';\">\n<div>\n<div style=\"display: flex; flex-wrap: wrap; margin-right: -15px; margin-left: -15px;\">\n<div style=\"position: relative; width: 1130px; min-height: 1px; padding-right: 15px; padding-left: 15px; flex: 0 0 100%; max-width: 100%;\">\n<h2 style=\"margin-top: 0px; margin-bottom: 0.5rem;\">OBJECT AND ACCEPTANCE<\/h2>\n<p style=\"margin-bottom: 1rem;\">This legal notice regulates the use of the website (hereinafter, THE WEB), owned by HUSYCA SA. (hereinafter, THE OWNER OF THE WEB).<\/p>\n<p style=\"margin-bottom: 1rem;\">Browsing the website of THE OWNER OF THE WEB attributes the condition of user thereof and implies full and unreserved acceptance of each and every one of the provisions included in this Legal Notice, which may be modified.<\/p>\n<p style=\"margin-bottom: 1rem;\">The user undertakes to make correct use of the website in accordance with the laws, good faith, public order, traffic uses and this Legal Notice.<\/p>\n<p style=\"margin-bottom: 1rem;\">The user will respond to THE OWNER OF THE WEB or to third parties, for any damages that may be caused as a result of breaching said obligation.<\/p>\n<\/div>\n<\/div>\n<div style=\"display: flex; flex-wrap: wrap; margin-right: -15px; margin-left: -15px;\">\n<div style=\"position: relative; width: 1130px; min-height: 1px; padding-right: 15px; padding-left: 15px; flex: 0 0 100%; max-width: 100%;\">\n<h2 style=\"margin-top: 0px; margin-bottom: 0.5rem;\">IDENTIFICATION AND COMMUNICATIONS<\/h2>\n<p style=\"margin-bottom: 1rem;\">THE OWNER OF THE WEBSITE, in compliance with Law 34\/2002, of July 11, on Services of the Information Society and Electronic Commerce, informs you that:<\/p>\n<ul style=\"margin-bottom: 1rem;\">\n<li>The person in charge is HUSYCA SA.<\/li>\n<li>His address is in Pje. Pintor Miro n\u00ba 8. 08213, Polinya (Barcelona), Espa\u00f1a<\/li>\n<\/ul>\n<p style=\"margin-bottom: 1rem;\">To communicate with us, we offer you different means of contact that we detail below:<\/p>\n<ul style=\"margin-bottom: 1rem;\">\n<li>email: husyca@husyca.com<\/li>\n<li>Phone: 937133799 <\/li>\n<\/ul>\n<p style=\"margin-bottom: 1rem;\">All notifications and communications between users and THE OWNER OF THE WEBSITE will be considered effective, for all purposes, when they are made through postal mail or any other means detailed above.<\/p>\n<\/div>\n<\/div>\n<div style=\"display: flex; flex-wrap: wrap; margin-right: -15px; margin-left: -15px;\">\n<div style=\"position: relative; width: 1130px; min-height: 1px; padding-right: 15px; padding-left: 15px; flex: 0 0 100%; max-width: 100%;\">\n<h2 style=\"margin-top: 0px; margin-bottom: 0.5rem;\">CONDITIONS OF ACCESS AND USE<\/h2>\n<p style=\"margin-bottom: 1rem;\">The website and its services are freely accessible, however, THE OWNER OF THE WEB conditions the use of some of the services offered on its website to the prior completion of the corresponding form.<\/p>\n<p style=\"margin-bottom: 1rem;\">The user guarantees the authenticity and timeliness of all data communicated to THE OWNER OF THE WEB and will be solely responsible for any false or inaccurate statements made.<\/p>\n<p style=\"margin-bottom: 1rem;\">The user expressly agrees to make appropriate use of the contents and services of THE OWNER OF THE WEB and not to use them for, among others:<\/p>\n<ol style=\"margin-bottom: 1rem;\">\n<li>Disseminate criminal, violent, pornographic, racist, xenophobic, offensive content, advocating terrorism or, in general, contrary to law or public order.<\/li>\n<li>Introduce computer viruses into the network or carry out actions that may alter, spoil, interrupt or generate errors or damage to electronic documents, data or physical and logical systems of THE OWNER OF THE WEBSITE or third parties; as well as hinder the access of other users to the website and its services through the massive consumption of computer resources through which THE OWNER OF THE WEB provides its services.<\/li>\n<li>Attempt to access the email accounts of other users or restricted areas of the computer systems of THE OWNER OF THE WEB or third parties and, where appropriate, extract information.<\/li>\n<li>Violate the rights of intellectual or industrial property, as well as violate the confidentiality of the information of THE OWNER OF THE WEB or third parties.<\/li>\n<li>Impersonate the identity of another user, public administrations or a third party.<\/li>\n<li>Reproduce, copy, distribute, make available or in any other way publicly communicate, transform or modify the contents, unless you have the authorization of the owner of the corresponding rights or it is legally permitted.<\/li>\n<li>Collect data for advertising purposes and to send advertising of any kind and communications for sales purposes or others of a commercial nature without your prior request or consent.<\/li>\n<\/ol>\n<p style=\"margin-bottom: 1rem;\">All the contents of the website, such as texts, photographs, graphics, images, icons, technology, software, as well as its graphic design and source codes, constitute a work whose property belongs to THE OWNER OF THE WEB, without being understood as assigned to the user none of the exploitation rights over them beyond what is strictly necessary for the correct use of the web.<\/p>\n<p style=\"margin-bottom: 1rem;\">In short, users who access this website can view the contents and make, where appropriate, authorized private copies provided that the reproduced elements are not later transferred to third parties, nor are they installed on servers connected to networks, nor are they subject to no type of exploitation. Likewise, all trademarks, trade names or distinctive signs of any kind that appear on the website are the property of THE OWNER OF THE WEB, without it being understood that the use or access to it attributes to the user any right over them.<\/p>\n<p style=\"margin-bottom: 1rem;\">The distribution, modification, assignment or public communication of the contents and any other act that has not been expressly authorized by the owner of the exploitation rights are prohibited.<\/p>\n<p style=\"margin-bottom: 1rem;\">The establishment of a hyperlink does not imply in any case the existence of relations between THE OWNER OF THE WEBSITE and the owner. Those people who intend to establish a hyperlink must previously request written authorization from THE OWNER OF THE WEB. In any case, the hyperlink will only allow access to the home-page or home page of our website, likewise it must refrain from making false, inaccurate or incorrect statements or indications about THE OWNER OF THE WEB, or include illegal, contrary content. good customs and public order. THE OWNER OF THE WEB is not responsible for the use that each user gives to the materials made available on this website or for the actions carried out based on them.<\/p>\n<\/div>\n<\/div>\n<div style=\"display: flex; flex-wrap: wrap; margin-right: -15px; margin-left: -15px;\">\n<div style=\"position: relative; width: 1130px; min-height: 1px; padding-right: 15px; padding-left: 15px; flex: 0 0 100%; max-width: 100%;\">\n<h2 style=\"margin-top: 0px; margin-bottom: 0.5rem;\">EXCLUSION OF GUARANTEES AND RESPONSIBILITIES<\/h2>\n<p style=\"margin-bottom: 1rem;\">The content of this website is of a general nature and is for informational purposes only, without fully guaranteeing access to all content, nor its completeness, correctness, validity or timeliness, nor its suitability or usefulness for a specific objective.<\/p>\n<p style=\"margin-bottom: 1rem;\">THE OWNER OF THE WEBSITE excludes, as far as the legal system allows, any liability for damages of any kind derived from:<\/p>\n<ol style=\"margin-bottom: 1rem;\">\n<li>The impossibility of accessing the website or the lack of veracity, accuracy, completeness and\/or timeliness of the contents, as well as the existence of vices and defects of all kinds in the contents transmitted, disseminated, stored, made available to those who has been accessed through the website or the services offered.<\/li>\n<li>The presence of viruses or other elements in the content that may cause alterations in computer systems, electronic documents or user data.<\/li>\n<li>Failure to comply with the laws, good faith, public order, traffic uses and this legal notice as a result of incorrect use of the website. In particular, and by way of example, THE OWNER OF THE WEBSITE is not responsible for the actions of third parties that violate intellectual and industrial property rights, business secrets, rights to honor, personal and family privacy and the image itself, as well as regulations on unfair competition and illegal advertising.<\/li>\n<\/ol>\n<p style=\"margin-bottom: 1rem;\">Likewise, THE OWNER OF THE WEBSITE declines any responsibility regarding the information that is found outside this website, and is not managed directly by our webmaster. The function of the links that appear on this website is exclusively to inform the user about the existence of other sources capable of expanding the content offered by this website. THE OWNER OF THE WEB does not guarantee nor is it responsible for the operation or accessibility of the linked sites; nor does it suggest, invite or recommend a visit to them, so it will not be responsible for the result obtained. THE OWNER OF THE WEB is not responsible for the establishment of hyperlinks by third parties.<\/p>\n<\/div>\n<\/div>\n<\/div>\n<\/div>\n\t\t\t\t\t\t\t\t<\/div>\n\t\t\t\t<\/div>\n\t\t\t\t\t<\/div>\n\t\t<\/div>\n\t\t\t\t\t<\/div>\n\t\t<\/section>\n\t\t\t\t<\/div>\n\t\t","protected":false},"excerpt":{"rendered":"<p>OBJECT AND ACCEPTANCE This legal notice regulates the use of the website (hereinafter, THE WEB), owned by HUSYCA SA. (hereinafter, THE OWNER OF THE WEB). Browsing the website of THE OWNER OF THE WEB attributes the condition of user thereof and implies full and unreserved acceptance of each and every one of the provisions included [&hellip;]<\/p>\n","protected":false},"author":2,"featured_media":0,"parent":0,"menu_order":0,"comment_status":"closed","ping_status":"closed","template":"elementor_header_footer","meta":{"_joinchat":[],"footnotes":""},"class_list":["post-1302","page","type-page","status-publish","hentry"],"yoast_head":"<!-- This site is optimized with the Yoast SEO plugin v24.3 - https:\/\/yoast.com\/wordpress\/plugins\/seo\/ -->\n<title>Legal Notice - Husyca S.A. Husillos y camaras en Barcelona<\/title>\n<meta name=\"robots\" content=\"index, follow, max-snippet:-1, max-image-preview:large, max-video-preview:-1\" \/>\n<link rel=\"canonical\" href=\"https:\/\/www.husyca.com\/en\/legal-notice\/\" \/>\n<meta property=\"og:locale\" content=\"en_US\" \/>\n<meta property=\"og:type\" content=\"article\" \/>\n<meta property=\"og:title\" content=\"Legal Notice - Husyca S.A. Husillos y camaras en Barcelona\" \/>\n<meta property=\"og:description\" content=\"OBJECT AND ACCEPTANCE This legal notice regulates the use of the website (hereinafter, THE WEB), owned by HUSYCA SA. (hereinafter, THE OWNER OF THE WEB). Browsing the website of THE OWNER OF THE WEB attributes the condition of user thereof and implies full and unreserved acceptance of each and every one of the provisions included [&hellip;]\" \/>\n<meta property=\"og:url\" content=\"https:\/\/www.husyca.com\/en\/legal-notice\/\" \/>\n<meta property=\"og:site_name\" content=\"Husyca S.A. Husillos y camaras en Barcelona\" \/>\n<meta property=\"article:publisher\" content=\"https:\/\/www.facebook.com\/profile.php?id=100088596826097\" \/>\n<meta property=\"article:modified_time\" content=\"2023-03-31T11:31:06+00:00\" \/>\n<meta name=\"twitter:card\" content=\"summary_large_image\" \/>\n<meta name=\"twitter:label1\" content=\"Est. reading time\" \/>\n\t<meta name=\"twitter:data1\" content=\"6 minutes\" \/>\n<script type=\"application\/ld+json\" class=\"yoast-schema-graph\">{\"@context\":\"https:\/\/schema.org\",\"@graph\":[{\"@type\":\"WebPage\",\"@id\":\"https:\/\/www.husyca.com\/en\/legal-notice\/\",\"url\":\"https:\/\/www.husyca.com\/en\/legal-notice\/\",\"name\":\"Legal Notice - Husyca S.A. Husillos y camaras en Barcelona\",\"isPartOf\":{\"@id\":\"https:\/\/www.husyca.com\/#website\"},\"datePublished\":\"2022-12-15T13:17:35+00:00\",\"dateModified\":\"2023-03-31T11:31:06+00:00\",\"breadcrumb\":{\"@id\":\"https:\/\/www.husyca.com\/en\/legal-notice\/#breadcrumb\"},\"inLanguage\":\"en-US\",\"potentialAction\":[{\"@type\":\"ReadAction\",\"target\":[\"https:\/\/www.husyca.com\/en\/legal-notice\/\"]}]},{\"@type\":\"BreadcrumbList\",\"@id\":\"https:\/\/www.husyca.com\/en\/legal-notice\/#breadcrumb\",\"itemListElement\":[{\"@type\":\"ListItem\",\"position\":1,\"name\":\"Portada\",\"item\":\"https:\/\/www.husyca.com\/en\/home\/\"},{\"@type\":\"ListItem\",\"position\":2,\"name\":\"Legal Notice\"}]},{\"@type\":\"WebSite\",\"@id\":\"https:\/\/www.husyca.com\/#website\",\"url\":\"https:\/\/www.husyca.com\/\",\"name\":\"Husyca S.A. Husillos y camaras en Barcelona\",\"description\":\"Mecanizado, reparaci\u00f3n y fabricaci\u00f3n de husillos y cilindros de plastificaci\u00f3n, nitrurados, bimetalicos, inyecci\u00f3n, cluatas, portaboquillas, aceros y tratamientos, Aceros de Nitruraci\u00f3n, de temple o inoxidables, C\u00e1maras de Extrusi\u00f3n, monohusillos, Tratamientos superficiales diversos: Cromo duro, SSA, TIN, Niquel qu\u00edmico, C\u00e1maras de extrusi\u00f3n doble husillo paralelas\",\"potentialAction\":[{\"@type\":\"SearchAction\",\"target\":{\"@type\":\"EntryPoint\",\"urlTemplate\":\"https:\/\/www.husyca.com\/?s={search_term_string}\"},\"query-input\":{\"@type\":\"PropertyValueSpecification\",\"valueRequired\":true,\"valueName\":\"search_term_string\"}}],\"inLanguage\":\"en-US\"}]}<\/script>\n<!-- \/ Yoast SEO plugin. -->","yoast_head_json":{"title":"Legal Notice - Husyca S.A. Husillos y camaras en Barcelona","robots":{"index":"index","follow":"follow","max-snippet":"max-snippet:-1","max-image-preview":"max-image-preview:large","max-video-preview":"max-video-preview:-1"},"canonical":"https:\/\/www.husyca.com\/en\/legal-notice\/","og_locale":"en_US","og_type":"article","og_title":"Legal Notice - Husyca S.A. Husillos y camaras en Barcelona","og_description":"OBJECT AND ACCEPTANCE This legal notice regulates the use of the website (hereinafter, THE WEB), owned by HUSYCA SA. (hereinafter, THE OWNER OF THE WEB). Browsing the website of THE OWNER OF THE WEB attributes the condition of user thereof and implies full and unreserved acceptance of each and every one of the provisions included [&hellip;]","og_url":"https:\/\/www.husyca.com\/en\/legal-notice\/","og_site_name":"Husyca S.A. Husillos y camaras en Barcelona","article_publisher":"https:\/\/www.facebook.com\/profile.php?id=100088596826097","article_modified_time":"2023-03-31T11:31:06+00:00","twitter_card":"summary_large_image","twitter_misc":{"Est. reading time":"6 minutes"},"schema":{"@context":"https:\/\/schema.org","@graph":[{"@type":"WebPage","@id":"https:\/\/www.husyca.com\/en\/legal-notice\/","url":"https:\/\/www.husyca.com\/en\/legal-notice\/","name":"Legal Notice - Husyca S.A. Husillos y camaras en Barcelona","isPartOf":{"@id":"https:\/\/www.husyca.com\/#website"},"datePublished":"2022-12-15T13:17:35+00:00","dateModified":"2023-03-31T11:31:06+00:00","breadcrumb":{"@id":"https:\/\/www.husyca.com\/en\/legal-notice\/#breadcrumb"},"inLanguage":"en-US","potentialAction":[{"@type":"ReadAction","target":["https:\/\/www.husyca.com\/en\/legal-notice\/"]}]},{"@type":"BreadcrumbList","@id":"https:\/\/www.husyca.com\/en\/legal-notice\/#breadcrumb","itemListElement":[{"@type":"ListItem","position":1,"name":"Portada","item":"https:\/\/www.husyca.com\/en\/home\/"},{"@type":"ListItem","position":2,"name":"Legal Notice"}]},{"@type":"WebSite","@id":"https:\/\/www.husyca.com\/#website","url":"https:\/\/www.husyca.com\/","name":"Husyca S.A. Husillos y camaras en Barcelona","description":"Mecanizado, reparaci\u00f3n y fabricaci\u00f3n de husillos y cilindros de plastificaci\u00f3n, nitrurados, bimetalicos, inyecci\u00f3n, cluatas, portaboquillas, aceros y tratamientos, Aceros de Nitruraci\u00f3n, de temple o inoxidables, C\u00e1maras de Extrusi\u00f3n, monohusillos, Tratamientos superficiales diversos: Cromo duro, SSA, TIN, Niquel qu\u00edmico, C\u00e1maras de extrusi\u00f3n doble husillo paralelas","potentialAction":[{"@type":"SearchAction","target":{"@type":"EntryPoint","urlTemplate":"https:\/\/www.husyca.com\/?s={search_term_string}"},"query-input":{"@type":"PropertyValueSpecification","valueRequired":true,"valueName":"search_term_string"}}],"inLanguage":"en-US"}]}},"_links":{"self":[{"href":"https:\/\/www.husyca.com\/en\/wp-json\/wp\/v2\/pages\/1302","targetHints":{"allow":["GET"]}}],"collection":[{"href":"https:\/\/www.husyca.com\/en\/wp-json\/wp\/v2\/pages"}],"about":[{"href":"https:\/\/www.husyca.com\/en\/wp-json\/wp\/v2\/types\/page"}],"author":[{"embeddable":true,"href":"https:\/\/www.husyca.com\/en\/wp-json\/wp\/v2\/users\/2"}],"replies":[{"embeddable":true,"href":"https:\/\/www.husyca.com\/en\/wp-json\/wp\/v2\/comments?post=1302"}],"version-history":[{"count":3,"href":"https:\/\/www.husyca.com\/en\/wp-json\/wp\/v2\/pages\/1302\/revisions"}],"predecessor-version":[{"id":1305,"href":"https:\/\/www.husyca.com\/en\/wp-json\/wp\/v2\/pages\/1302\/revisions\/1305"}],"wp:attachment":[{"href":"https:\/\/www.husyca.com\/en\/wp-json\/wp\/v2\/media?parent=1302"}],"curies":[{"name":"wp","href":"https:\/\/api.w.org\/{rel}","templated":true}]}}