{"id":1294,"date":"2022-12-15T13:01:32","date_gmt":"2022-12-15T13:01:32","guid":{"rendered":"https:\/\/www.husyca.com\/cookies-policy\/"},"modified":"2023-03-31T11:05:30","modified_gmt":"2023-03-31T11:05:30","slug":"cookies-policy","status":"publish","type":"page","link":"https:\/\/www.husyca.com\/en\/cookies-policy\/","title":{"rendered":"Cookies Policy"},"content":{"rendered":"\t\t<div data-elementor-type=\"wp-page\" data-elementor-id=\"1294\" class=\"elementor elementor-1294 elementor-607\" data-elementor-post-type=\"page\">\n\t\t\t\t\t\t<section class=\"elementor-section elementor-top-section elementor-element elementor-element-306bc66b elementor-section-boxed elementor-section-height-default elementor-section-height-default\" data-id=\"306bc66b\" data-element_type=\"section\">\n\t\t\t\t\t\t<div class=\"elementor-container elementor-column-gap-default\">\n\t\t\t\t\t<div class=\"elementor-column elementor-col-100 elementor-top-column elementor-element elementor-element-2abfccc9\" data-id=\"2abfccc9\" data-element_type=\"column\">\n\t\t\t<div class=\"elementor-widget-wrap elementor-element-populated\">\n\t\t\t\t\t\t<div class=\"elementor-element elementor-element-318b2508 elementor-widget elementor-widget-text-editor\" data-id=\"318b2508\" data-element_type=\"widget\" data-widget_type=\"text-editor.default\">\n\t\t\t\t<div class=\"elementor-widget-container\">\n\t\t\t\t\t\t\t\t\t<h2>we need your consent<\/h2>\n<p style=\"margin-bottom: 1rem;\">In accordance with the &#8220;<em>Law<\/em> on Services of the Information Society&#8221; (LSSICE) established by Royal Decree 13\/2012, it is mandatory to obtain the express consent of the user of all web pages that use dispensable <em>cookies<\/em>, before they browse. by them.<\/p>\n<p style=\"margin-bottom: 1rem;\">According to the EU directive:<\/p>\n<ul style=\"margin-bottom: 1rem;\">\n<li>The cookies that require the informed consent of the user are analytical cookies and advertising and affiliation cookies.<\/li>\n<li>Those of a technical nature and those necessary for the operation of the website or the provision of services expressly requested by the user are excepted.<\/li>\n<\/ul>\n<p style=\"margin-bottom: 1rem;\">CUSTOM CONFIGURATION They require your consent Google Analytics Cookies &#8220;<em>Not installed<\/em>&#8220;<\/p>\n<p style=\"margin-bottom: 1rem;\">_ga (2 years), _gid (1 day) and _gat_gtag_UA_29169806_1 (2 hours)<\/p>\n<p style=\"margin-bottom: 1rem;\">They are third party owned, analytical and persistent. They are used to record user activity on this website, which allows us, among other things, to improve the services we offer.<br \/>Consult <a style=\"color: #007bff;\" href=\"https:\/\/policies.google.com\/privacy\" target=\"_blank\" rel=\"nofollow noopener noreferrer\" data-cke-saved-href=\"https:\/\/policies.google.com\/privacy\">Google&#8217;s Privacy Policy<\/a>.<\/p>\n<h3 style=\"margin-top: 0px; margin-bottom: 0.5rem;\">Technical cookies that do not require your consent<\/h3>\n<p style=\"margin-bottom: 1rem;\">Functional cookie: PHPSESSID &#8220;<em>Installed<\/em>&#8221; (0 days, session). Session cookie. Necessary for the proper functioning of the site. It does not store User data. Property of Husyca: CookiesUEAgreeAnalytics &#8220;<em>Not installed<\/em>&#8221; (1 year). Own, persistent cookie. Necessary to remember your configuration of Analytics Cookies (I accept \/ I do not accept).<\/p>\n<h3 style=\"margin-top: 0px; margin-bottom: 0.5rem;\">Processing of personal data<\/h3>\n<p style=\"margin-bottom: 1rem;\">Husyca is responsible for the processing of the User&#8217;s personal data and informs you that this data will be processed in accordance with the provisions of Regulation (EU) 2016\/679, of April 27, 2016 (GDPR), for which reason provides you with the following treatment information:<\/p>\n<p style=\"margin-bottom: 1rem;\">Purposes of the treatment: as specified below in the list of cookies.<\/p>\n<p style=\"margin-bottom: 1rem;\">Legitimation of the treatment: by consent of the User, analytical cookies and those of advertising and affiliation (of Google Analytics and Google Maps), according to (art. 6.1.(a) GDPR), and cookies of legitimate interest 6.1(f ), their own (technical and functional).<\/p>\n<p style=\"margin-bottom: 1rem;\">Data retention periods: as specified below in the list of cookies.<\/p>\n<p style=\"margin-bottom: 1rem;\">Communication of the data: the data will not be communicated to third parties, except in cookies owned by third parties or by legal obligation.<\/p>\n<p style=\"margin-bottom: 1rem;\">Rights that assist the User:<br \/>\u2013 Right to withdraw consent at any time using the \u201cCustom Settings\u201d Panel (\u201cAccept\u201d, \u201cReject\u201d, \u201cDelete\u201d).<br \/>\u2013 You have the right to complain to the Spanish Data Protection Agency if you think something is wrong. We will be happy to assist you and we will do our best to meet your request without this being necessary.<\/p>\n<h3 style=\"margin-top: 0px; margin-bottom: 0.5rem;\">List of cookies on this website<\/h3>\n<p style=\"margin-bottom: 1rem;\"><em>A<\/em>NALYTICS (<em>require your consent<\/em>)<br \/>Ownership: Google Analytics<\/p>\n<ul style=\"margin-bottom: 1rem;\">\n<li>Name: _ga<br \/>Conservation period: 2 years<\/li>\n<li>Name: _gid<br \/>Conservation period: 1 day<\/li>\n<li>Name: _gat_gtag_UA(property number)<br \/>Conservation period: 2 hours<\/li>\n<li>Management: Third-party<\/li>\n<\/ul>\n<p style=\"margin-bottom: 1rem;\">Observations: Persistent<br \/>Purpose: Google establishes a group of cookies that, although we have no control over them, seem to store information for operations such as enabling the unique visit control function. The first time a user enters the website through a browser, this cookie will be installed. When this user re-enters the web with the same browser, the cookie will consider that it is the same user. Only in the event that the user changes browser, another user will be considered.<br \/><em>Consult <a style=\"color: #007bff;\" href=\"https:\/\/policies.google.com\/privacy\" target=\"_blank\" rel=\"nofollow noopener noreferrer\" data-cke-saved-href=\"https:\/\/policies.google.com\/privacy\">Google&#8217;s Privacy Policy<\/a><\/em><\/p>\n<p style=\"margin-bottom: 1rem;\">OWN, TECHNICAL AND FUNCTIONAL (<em>they do not require your consent<\/em>)<br \/>Ownership: Husyca SA<\/p>\n<ul style=\"margin-bottom: 1rem;\">\n<li>Name: PHPSESSID<br \/>Conservation period: (0 days, session)<\/li>\n<li>Name: CookiesUEAgreeAnalytics<br \/>Conservation period: 1 year<\/li>\n<li>Name: CookiesUEAgreeMaps<br \/>Conservation period: 1 year<\/li>\n<\/ul>\n<p style=\"margin-bottom: 1rem;\">Management: Own<br \/>Observations: Persistent<br \/>Purpose: Our website needs some technical cookies for the proper functioning of the website (PHPSESSID) and others to remember your preferences.<\/p>\n<h3 style=\"margin-top: 0px; margin-bottom: 0.5rem;\">Information about cookies<\/h3>\n<p style=\"margin-bottom: 1rem;\">Cookies and other similar technologies are used by Web servers to store and retrieve information about their visitors, as well as to offer a correct functioning of the site.<\/p>\n<p style=\"margin-bottom: 1rem;\">Through the use of cookies, the Web server is allowed to remember some data concerning the User, such as their preferences for viewing the pages of that server, name and password, products that interest them most, etc.<\/p>\n<h3 style=\"margin-top: 0px; margin-bottom: 0.5rem;\">Different types of cookies<\/h3>\n<p style=\"margin-bottom: 1rem;\">According to the purpose<br \/>\u2013 Technical and functional cookies: are those that allow the user to navigate through a web page, platform or application and the use of the different options or services that exist in it.<br \/>\u2013 Analytical cookies: are those that allow the person responsible for them to monitor and analyze the behavior of the users of the websites to which The information collected through this type of cookies is used to measure the activity of websites, applications or platforms and to create browsing profiles for users of said sites, applications and platforms, in order to introduce improvements in function of the analysis of the usage data made by the users of the service.<\/p>\n<p style=\"margin-bottom: 1rem;\">According to the property<br \/>\u2013 Own cookies: are those that are sent to the user&#8217;s terminal equipment from a computer or domain managed by the editor itself and from which the service requested by the user is provided.<br \/>\u2013 Third-party cookies: are those that are sent to the user&#8217;s terminal equipment from a computer or domain that is not managed by the editor, but by another entity that processes the data obtained through cookies.<\/p>\n<p style=\"margin-bottom: 1rem;\">According to the conservation period<br \/>\u2013 Session cookies: they are a type of cookies designed to collect and store data while the user accesses a web page.<br \/>\u2013 Persistent cookies: they are a type of cookie in which the data is still stored in the terminal and can be accessed and processed during a period defined by the person responsible for the cookie, which can range from a few minutes to several years.<\/p>\n\t\t\t\t\t\t\t\t<\/div>\n\t\t\t\t<\/div>\n\t\t\t\t\t<\/div>\n\t\t<\/div>\n\t\t\t\t\t<\/div>\n\t\t<\/section>\n\t\t\t\t<\/div>\n\t\t","protected":false},"excerpt":{"rendered":"<p>we need your consent In accordance with the &#8220;Law on Services of the Information Society&#8221; (LSSICE) established by Royal Decree 13\/2012, it is mandatory to obtain the express consent of the user of all web pages that use dispensable cookies, before they browse. by them. According to the EU directive: The cookies that require the [&hellip;]<\/p>\n","protected":false},"author":2,"featured_media":0,"parent":0,"menu_order":0,"comment_status":"closed","ping_status":"closed","template":"elementor_header_footer","meta":{"_joinchat":[],"footnotes":""},"class_list":["post-1294","page","type-page","status-publish","hentry"],"yoast_head":"<!-- This site is optimized with the Yoast SEO plugin v24.3 - https:\/\/yoast.com\/wordpress\/plugins\/seo\/ -->\n<title>Cookies Policy - Husyca S.A. Husillos y camaras en Barcelona<\/title>\n<meta name=\"robots\" content=\"index, follow, max-snippet:-1, max-image-preview:large, max-video-preview:-1\" \/>\n<link rel=\"canonical\" href=\"https:\/\/www.husyca.com\/en\/cookies-policy\/\" \/>\n<meta property=\"og:locale\" content=\"en_US\" \/>\n<meta property=\"og:type\" content=\"article\" \/>\n<meta property=\"og:title\" content=\"Cookies Policy - Husyca S.A. Husillos y camaras en Barcelona\" \/>\n<meta property=\"og:description\" content=\"we need your consent In accordance with the &#8220;Law on Services of the Information Society&#8221; (LSSICE) established by Royal Decree 13\/2012, it is mandatory to obtain the express consent of the user of all web pages that use dispensable cookies, before they browse. by them. According to the EU directive: The cookies that require the [&hellip;]\" \/>\n<meta property=\"og:url\" content=\"https:\/\/www.husyca.com\/en\/cookies-policy\/\" \/>\n<meta property=\"og:site_name\" content=\"Husyca S.A. Husillos y camaras en Barcelona\" \/>\n<meta property=\"article:publisher\" content=\"https:\/\/www.facebook.com\/profile.php?id=100088596826097\" \/>\n<meta property=\"article:modified_time\" content=\"2023-03-31T11:05:30+00:00\" \/>\n<meta name=\"twitter:card\" content=\"summary_large_image\" \/>\n<meta name=\"twitter:label1\" content=\"Est. reading time\" \/>\n\t<meta name=\"twitter:data1\" content=\"4 minutes\" \/>\n<script type=\"application\/ld+json\" class=\"yoast-schema-graph\">{\"@context\":\"https:\/\/schema.org\",\"@graph\":[{\"@type\":\"WebPage\",\"@id\":\"https:\/\/www.husyca.com\/en\/cookies-policy\/\",\"url\":\"https:\/\/www.husyca.com\/en\/cookies-policy\/\",\"name\":\"Cookies Policy - Husyca S.A. Husillos y camaras en Barcelona\",\"isPartOf\":{\"@id\":\"https:\/\/www.husyca.com\/#website\"},\"datePublished\":\"2022-12-15T13:01:32+00:00\",\"dateModified\":\"2023-03-31T11:05:30+00:00\",\"breadcrumb\":{\"@id\":\"https:\/\/www.husyca.com\/en\/cookies-policy\/#breadcrumb\"},\"inLanguage\":\"en-US\",\"potentialAction\":[{\"@type\":\"ReadAction\",\"target\":[\"https:\/\/www.husyca.com\/en\/cookies-policy\/\"]}]},{\"@type\":\"BreadcrumbList\",\"@id\":\"https:\/\/www.husyca.com\/en\/cookies-policy\/#breadcrumb\",\"itemListElement\":[{\"@type\":\"ListItem\",\"position\":1,\"name\":\"Portada\",\"item\":\"https:\/\/www.husyca.com\/en\/home\/\"},{\"@type\":\"ListItem\",\"position\":2,\"name\":\"Cookies Policy\"}]},{\"@type\":\"WebSite\",\"@id\":\"https:\/\/www.husyca.com\/#website\",\"url\":\"https:\/\/www.husyca.com\/\",\"name\":\"Husyca S.A. Husillos y camaras en Barcelona\",\"description\":\"Mecanizado, reparaci\u00f3n y fabricaci\u00f3n de husillos y cilindros de plastificaci\u00f3n, nitrurados, bimetalicos, inyecci\u00f3n, cluatas, portaboquillas, aceros y tratamientos, Aceros de Nitruraci\u00f3n, de temple o inoxidables, C\u00e1maras de Extrusi\u00f3n, monohusillos, Tratamientos superficiales diversos: Cromo duro, SSA, TIN, Niquel qu\u00edmico, C\u00e1maras de extrusi\u00f3n doble husillo paralelas\",\"potentialAction\":[{\"@type\":\"SearchAction\",\"target\":{\"@type\":\"EntryPoint\",\"urlTemplate\":\"https:\/\/www.husyca.com\/?s={search_term_string}\"},\"query-input\":{\"@type\":\"PropertyValueSpecification\",\"valueRequired\":true,\"valueName\":\"search_term_string\"}}],\"inLanguage\":\"en-US\"}]}<\/script>\n<!-- \/ Yoast SEO plugin. -->","yoast_head_json":{"title":"Cookies Policy - Husyca S.A. Husillos y camaras en Barcelona","robots":{"index":"index","follow":"follow","max-snippet":"max-snippet:-1","max-image-preview":"max-image-preview:large","max-video-preview":"max-video-preview:-1"},"canonical":"https:\/\/www.husyca.com\/en\/cookies-policy\/","og_locale":"en_US","og_type":"article","og_title":"Cookies Policy - Husyca S.A. Husillos y camaras en Barcelona","og_description":"we need your consent In accordance with the &#8220;Law on Services of the Information Society&#8221; (LSSICE) established by Royal Decree 13\/2012, it is mandatory to obtain the express consent of the user of all web pages that use dispensable cookies, before they browse. by them. According to the EU directive: The cookies that require the [&hellip;]","og_url":"https:\/\/www.husyca.com\/en\/cookies-policy\/","og_site_name":"Husyca S.A. Husillos y camaras en Barcelona","article_publisher":"https:\/\/www.facebook.com\/profile.php?id=100088596826097","article_modified_time":"2023-03-31T11:05:30+00:00","twitter_card":"summary_large_image","twitter_misc":{"Est. reading time":"4 minutes"},"schema":{"@context":"https:\/\/schema.org","@graph":[{"@type":"WebPage","@id":"https:\/\/www.husyca.com\/en\/cookies-policy\/","url":"https:\/\/www.husyca.com\/en\/cookies-policy\/","name":"Cookies Policy - Husyca S.A. Husillos y camaras en Barcelona","isPartOf":{"@id":"https:\/\/www.husyca.com\/#website"},"datePublished":"2022-12-15T13:01:32+00:00","dateModified":"2023-03-31T11:05:30+00:00","breadcrumb":{"@id":"https:\/\/www.husyca.com\/en\/cookies-policy\/#breadcrumb"},"inLanguage":"en-US","potentialAction":[{"@type":"ReadAction","target":["https:\/\/www.husyca.com\/en\/cookies-policy\/"]}]},{"@type":"BreadcrumbList","@id":"https:\/\/www.husyca.com\/en\/cookies-policy\/#breadcrumb","itemListElement":[{"@type":"ListItem","position":1,"name":"Portada","item":"https:\/\/www.husyca.com\/en\/home\/"},{"@type":"ListItem","position":2,"name":"Cookies Policy"}]},{"@type":"WebSite","@id":"https:\/\/www.husyca.com\/#website","url":"https:\/\/www.husyca.com\/","name":"Husyca S.A. Husillos y camaras en Barcelona","description":"Mecanizado, reparaci\u00f3n y fabricaci\u00f3n de husillos y cilindros de plastificaci\u00f3n, nitrurados, bimetalicos, inyecci\u00f3n, cluatas, portaboquillas, aceros y tratamientos, Aceros de Nitruraci\u00f3n, de temple o inoxidables, C\u00e1maras de Extrusi\u00f3n, monohusillos, Tratamientos superficiales diversos: Cromo duro, SSA, TIN, Niquel qu\u00edmico, C\u00e1maras de extrusi\u00f3n doble husillo paralelas","potentialAction":[{"@type":"SearchAction","target":{"@type":"EntryPoint","urlTemplate":"https:\/\/www.husyca.com\/?s={search_term_string}"},"query-input":{"@type":"PropertyValueSpecification","valueRequired":true,"valueName":"search_term_string"}}],"inLanguage":"en-US"}]}},"_links":{"self":[{"href":"https:\/\/www.husyca.com\/en\/wp-json\/wp\/v2\/pages\/1294","targetHints":{"allow":["GET"]}}],"collection":[{"href":"https:\/\/www.husyca.com\/en\/wp-json\/wp\/v2\/pages"}],"about":[{"href":"https:\/\/www.husyca.com\/en\/wp-json\/wp\/v2\/types\/page"}],"author":[{"embeddable":true,"href":"https:\/\/www.husyca.com\/en\/wp-json\/wp\/v2\/users\/2"}],"replies":[{"embeddable":true,"href":"https:\/\/www.husyca.com\/en\/wp-json\/wp\/v2\/comments?post=1294"}],"version-history":[{"count":1,"href":"https:\/\/www.husyca.com\/en\/wp-json\/wp\/v2\/pages\/1294\/revisions"}],"predecessor-version":[{"id":1295,"href":"https:\/\/www.husyca.com\/en\/wp-json\/wp\/v2\/pages\/1294\/revisions\/1295"}],"wp:attachment":[{"href":"https:\/\/www.husyca.com\/en\/wp-json\/wp\/v2\/media?parent=1294"}],"curies":[{"name":"wp","href":"https:\/\/api.w.org\/{rel}","templated":true}]}}