{"id":2718,"date":"2025-01-31T14:20:12","date_gmt":"2025-01-31T14:20:12","guid":{"rendered":"https:\/\/www.husyca.com\/cataleg\/"},"modified":"2025-03-22T13:52:32","modified_gmt":"2025-03-22T13:52:32","slug":"cataleg","status":"publish","type":"page","link":"https:\/\/www.husyca.com\/ca\/cataleg\/","title":{"rendered":"Cat\u00e0leg"},"content":{"rendered":"\t\t<div data-elementor-type=\"wp-page\" data-elementor-id=\"2718\" class=\"elementor elementor-2718 elementor-2541\" data-elementor-post-type=\"page\">\n\t\t\t\t\t\t<section class=\"elementor-section elementor-top-section elementor-element elementor-element-116f09f elementor-section-boxed elementor-section-height-default elementor-section-height-default\" data-id=\"116f09f\" data-element_type=\"section\" data-settings=\"{&quot;background_background&quot;:&quot;classic&quot;,&quot;shape_divider_bottom&quot;:&quot;curve&quot;,&quot;shape_divider_bottom_negative&quot;:&quot;yes&quot;}\">\n\t\t\t\t\t\t\t<div class=\"elementor-background-overlay\"><\/div>\n\t\t\t\t\t\t<div class=\"elementor-shape elementor-shape-bottom\" data-negative=\"true\">\n\t\t\t<svg xmlns=\"http:\/\/www.w3.org\/2000\/svg\" viewBox=\"0 0 1000 100\" preserveAspectRatio=\"none\">\n\t<path class=\"elementor-shape-fill\" d=\"M500,97C126.7,96.3,0.8,19.8,0,0v100l1000,0V1C1000,19.4,873.3,97.8,500,97z\"\/>\n<\/svg>\t\t<\/div>\n\t\t\t\t\t<div class=\"elementor-container elementor-column-gap-default\">\n\t\t\t\t\t<div class=\"elementor-column elementor-col-100 elementor-top-column elementor-element elementor-element-9ae8228\" data-id=\"9ae8228\" data-element_type=\"column\">\n\t\t\t<div class=\"elementor-widget-wrap elementor-element-populated\">\n\t\t\t\t\t\t<div class=\"elementor-element elementor-element-a5fbed7 elementor-widget elementor-widget-heading\" data-id=\"a5fbed7\" data-element_type=\"widget\" data-widget_type=\"heading.default\">\n\t\t\t\t<div class=\"elementor-widget-container\">\n\t\t\t\t\t<h2 class=\"elementor-heading-title elementor-size-default\">Cat\u00e0leg<\/h2>\t\t\t\t<\/div>\n\t\t\t\t<\/div>\n\t\t\t\t\t<\/div>\n\t\t<\/div>\n\t\t\t\t\t<\/div>\n\t\t<\/section>\n\t\t\t\t<section class=\"elementor-section elementor-top-section elementor-element elementor-element-51d826c elementor-section-boxed elementor-section-height-default elementor-section-height-default\" data-id=\"51d826c\" data-element_type=\"section\">\n\t\t\t\t\t\t<div class=\"elementor-container elementor-column-gap-default\">\n\t\t\t\t\t<div class=\"elementor-column elementor-col-100 elementor-top-column elementor-element elementor-element-e128273\" data-id=\"e128273\" data-element_type=\"column\">\n\t\t\t<div class=\"elementor-widget-wrap elementor-element-populated\">\n\t\t\t\t\t\t<div class=\"elementor-element elementor-element-da1374b elementor-widget elementor-widget-shortcode\" data-id=\"da1374b\" data-element_type=\"widget\" data-widget_type=\"shortcode.default\">\n\t\t\t\t<div class=\"elementor-widget-container\">\n\t\t\t\t\t\t\t<div class=\"elementor-shortcode\"><div class=\"real3dflipbook\" id=\"2_69e3481e110bf\" style=\"position:absolute;\" data-flipbook-options=\"{&quot;pages&quot;:[],&quot;pdfUrl&quot;:&quot;https:\\\/\\\/www.husyca.com\\\/wp-content\\\/uploads\\\/2025\\\/03\\\/CATALOGO-CATALAN-1-1-3.pdf&quot;,&quot;printPdfUrl&quot;:&quot;&quot;,&quot;tableOfContent&quot;:[],&quot;id&quot;:&quot;2&quot;,&quot;bookId&quot;:&quot;2&quot;,&quot;date&quot;:&quot;&quot;,&quot;lightboxThumbnailUrl&quot;:&quot;https:\\\/\\\/www.husyca.com\\\/wp-content\\\/uploads\\\/2025\\\/03\\\/thumb-6.webp&quot;,&quot;mode&quot;:&quot;normal&quot;,&quot;viewMode&quot;:&quot;webgl&quot;,&quot;pageTextureSize&quot;:&quot;2048&quot;,&quot;pageTextureSizeSmall&quot;:&quot;1500&quot;,&quot;pageTextureSizeMobile&quot;:&quot;&quot;,&quot;pageTextureSizeMobileSmall&quot;:&quot;1024&quot;,&quot;minPixelRatio&quot;:&quot;1&quot;,&quot;pdfTextLayer&quot;:&quot;true&quot;,&quot;zoomMin&quot;:&quot;0.9&quot;,&quot;zoomStep&quot;:&quot;2&quot;,&quot;zoomSize&quot;:&quot;&quot;,&quot;zoomReset&quot;:&quot;false&quot;,&quot;doubleClickZoom&quot;:&quot;true&quot;,&quot;pageDrag&quot;:&quot;true&quot;,&quot;singlePageMode&quot;:&quot;false&quot;,&quot;pageFlipDuration&quot;:&quot;1&quot;,&quot;sound&quot;:&quot;true&quot;,&quot;startPage&quot;:&quot;1&quot;,&quot;pageNumberOffset&quot;:&quot;0&quot;,&quot;deeplinking&quot;:{&quot;enabled&quot;:&quot;false&quot;,&quot;prefix&quot;:&quot;&quot;},&quot;responsiveView&quot;:&quot;true&quot;,&quot;responsiveViewTreshold&quot;:&quot;768&quot;,&quot;responsiveViewRatio&quot;:&quot;1&quot;,&quot;cover&quot;:&quot;true&quot;,&quot;backCover&quot;:&quot;true&quot;,&quot;height&quot;:&quot;400&quot;,&quot;responsiveHeight&quot;:&quot;true&quot;,&quot;containerRatio&quot;:&quot;&quot;,&quot;thumbnailsOnStart&quot;:&quot;false&quot;,&quot;contentOnStart&quot;:&quot;false&quot;,&quot;searchOnStart&quot;:&quot;&quot;,&quot;searchResultsThumbs&quot;:&quot;false&quot;,&quot;tableOfContentCloseOnClick&quot;:&quot;true&quot;,&quot;thumbsCloseOnClick&quot;:&quot;true&quot;,&quot;autoplayOnStart&quot;:&quot;false&quot;,&quot;autoplayInterval&quot;:&quot;3000&quot;,&quot;autoplayLoop&quot;:&quot;true&quot;,&quot;autoplayStartPage&quot;:&quot;1&quot;,&quot;rightToLeft&quot;:&quot;false&quot;,&quot;pageWidth&quot;:&quot;&quot;,&quot;pageHeight&quot;:&quot;&quot;,&quot;thumbSize&quot;:&quot;130&quot;,&quot;logoImg&quot;:&quot;&quot;,&quot;logoUrl&quot;:&quot;&quot;,&quot;logoUrlTarget&quot;:&quot;&quot;,&quot;logoCSS&quot;:&quot;position:absolute;left:0;top:0;&quot;,&quot;menuSelector&quot;:&quot;&quot;,&quot;zIndex&quot;:&quot;auto&quot;,&quot;preloaderText&quot;:&quot;&quot;,&quot;googleAnalyticsTrackingCode&quot;:&quot;&quot;,&quot;pdfBrowserViewerIfIE&quot;:&quot;false&quot;,&quot;modeMobile&quot;:&quot;&quot;,&quot;viewModeMobile&quot;:&quot;&quot;,&quot;aspectMobile&quot;:&quot;&quot;,&quot;aspectRatioMobile&quot;:&quot;0.71&quot;,&quot;singlePageModeIfMobile&quot;:&quot;false&quot;,&quot;logoHideOnMobile&quot;:&quot;false&quot;,&quot;mobile&quot;:{&quot;thumbnailsOnStart&quot;:&quot;false&quot;,&quot;contentOnStart&quot;:&quot;false&quot;,&quot;currentPage&quot;:{&quot;enabled&quot;:&quot;false&quot;}},&quot;lightboxCssClass&quot;:&quot;&quot;,&quot;lightboxLink&quot;:&quot;&quot;,&quot;lightboxLinkNewWindow&quot;:&quot;true&quot;,&quot;lightboxBackground&quot;:&quot;rgb(81, 85, 88)&quot;,&quot;lightboxBackgroundPattern&quot;:&quot;&quot;,&quot;lightboxBackgroundImage&quot;:&quot;&quot;,&quot;lightboxContainerCSS&quot;:&quot;display:inline-block;padding:10px;&quot;,&quot;lightboxThumbnailHeight&quot;:&quot;300&quot;,&quot;lightboxThumbnailUrlCSS&quot;:&quot;display:block;&quot;,&quot;lightboxThumbnailInfo&quot;:&quot;false&quot;,&quot;lightboxThumbnailInfoText&quot;:&quot;&quot;,&quot;lightboxThumbnailInfoCSS&quot;:&quot;top: 0;  width: 100%; height: 100%; font-size: 16px; color: #000; background: rgba(255,255,255,.8); &quot;,&quot;showTitle&quot;:&quot;false&quot;,&quot;showDate&quot;:&quot;false&quot;,&quot;hideThumbnail&quot;:&quot;false&quot;,&quot;lightboxText&quot;:&quot;&quot;,&quot;lightboxTextCSS&quot;:&quot;display:block;&quot;,&quot;lightboxTextPosition&quot;:&quot;top&quot;,&quot;lightBoxOpened&quot;:&quot;false&quot;,&quot;lightBoxFullscreen&quot;:&quot;false&quot;,&quot;lightboxStartPage&quot;:&quot;&quot;,&quot;lightboxMarginV&quot;:&quot;0&quot;,&quot;lightboxMarginH&quot;:&quot;0&quot;,&quot;lights&quot;:&quot;true&quot;,&quot;lightPositionX&quot;:&quot;0&quot;,&quot;lightPositionY&quot;:&quot;150&quot;,&quot;lightPositionZ&quot;:&quot;1400&quot;,&quot;lightIntensity&quot;:&quot;0.6&quot;,&quot;shadows&quot;:&quot;true&quot;,&quot;shadowMapSize&quot;:&quot;2048&quot;,&quot;shadowOpacity&quot;:&quot;0.2&quot;,&quot;shadowDistance&quot;:&quot;15&quot;,&quot;pageHardness&quot;:&quot;2&quot;,&quot;coverHardness&quot;:&quot;2&quot;,&quot;pageRoughness&quot;:&quot;1&quot;,&quot;pageMetalness&quot;:&quot;0&quot;,&quot;pageSegmentsW&quot;:&quot;6&quot;,&quot;pageSegmentsH&quot;:&quot;1&quot;,&quot;pageMiddleShadowSize&quot;:&quot;4&quot;,&quot;pageMiddleShadowColorL&quot;:&quot;#7F7F7F&quot;,&quot;pageMiddleShadowColorR&quot;:&quot;#AAAAAA&quot;,&quot;antialias&quot;:&quot;false&quot;,&quot;pan&quot;:&quot;0&quot;,&quot;tilt&quot;:&quot;0&quot;,&quot;rotateCameraOnMouseDrag&quot;:&quot;true&quot;,&quot;panMax&quot;:&quot;20&quot;,&quot;panMin&quot;:&quot;-20&quot;,&quot;tiltMax&quot;:&quot;0&quot;,&quot;tiltMin&quot;:&quot;0&quot;,&quot;currentPage&quot;:{&quot;enabled&quot;:&quot;true&quot;,&quot;title&quot;:&quot;Current page&quot;,&quot;hAlign&quot;:&quot;left&quot;,&quot;vAlign&quot;:&quot;top&quot;},&quot;btnAutoplay&quot;:{&quot;enabled&quot;:&quot;true&quot;,&quot;title&quot;:&quot;Autoplay&quot;},&quot;btnNext&quot;:{&quot;enabled&quot;:&quot;true&quot;,&quot;title&quot;:&quot;Next Page&quot;},&quot;btnLast&quot;:{&quot;enabled&quot;:&quot;false&quot;,&quot;title&quot;:&quot;Last Page&quot;},&quot;btnPrev&quot;:{&quot;enabled&quot;:&quot;true&quot;,&quot;title&quot;:&quot;Previous Page&quot;},&quot;btnFirst&quot;:{&quot;enabled&quot;:&quot;false&quot;,&quot;title&quot;:&quot;First Page&quot;},&quot;btnZoomIn&quot;:{&quot;enabled&quot;:&quot;true&quot;,&quot;title&quot;:&quot;Zoom in&quot;},&quot;btnZoomOut&quot;:{&quot;enabled&quot;:&quot;true&quot;,&quot;title&quot;:&quot;Zoom out&quot;},&quot;btnToc&quot;:{&quot;enabled&quot;:&quot;true&quot;,&quot;title&quot;:&quot;Table of Contents&quot;},&quot;btnThumbs&quot;:{&quot;enabled&quot;:&quot;true&quot;,&quot;title&quot;:&quot;Pages&quot;},&quot;btnShare&quot;:{&quot;enabled&quot;:&quot;true&quot;,&quot;title&quot;:&quot;Share&quot;},&quot;btnNotes&quot;:{&quot;enabled&quot;:&quot;false&quot;,&quot;title&quot;:&quot;Notes&quot;},&quot;btnDownloadPages&quot;:{&quot;enabled&quot;:&quot;false&quot;,&quot;url&quot;:&quot;&quot;,&quot;title&quot;:&quot;Download pages&quot;},&quot;btnDownloadPdf&quot;:{&quot;enabled&quot;:&quot;true&quot;,&quot;url&quot;:&quot;&quot;,&quot;title&quot;:&quot;Download PDF&quot;,&quot;forceDownload&quot;:&quot;true&quot;,&quot;openInNewWindow&quot;:&quot;true&quot;},&quot;btnSound&quot;:{&quot;enabled&quot;:&quot;true&quot;,&quot;title&quot;:&quot;Sound&quot;},&quot;btnExpand&quot;:{&quot;enabled&quot;:&quot;true&quot;,&quot;title&quot;:&quot;Toggle fullscreen&quot;},&quot;btnSingle&quot;:{&quot;enabled&quot;:&quot;true&quot;,&quot;title&quot;:&quot;Toggle single page&quot;},&quot;btnSearch&quot;:{&quot;enabled&quot;:&quot;false&quot;,&quot;title&quot;:&quot;Search&quot;},&quot;search&quot;:{&quot;enabled&quot;:&quot;false&quot;,&quot;title&quot;:&quot;Search&quot;},&quot;btnBookmark&quot;:{&quot;enabled&quot;:&quot;false&quot;,&quot;title&quot;:&quot;Bookmark&quot;},&quot;btnPrint&quot;:{&quot;enabled&quot;:&quot;true&quot;,&quot;title&quot;:&quot;Print&quot;},&quot;btnTools&quot;:{&quot;enabled&quot;:&quot;true&quot;,&quot;title&quot;:&quot;Tools&quot;},&quot;btnClose&quot;:{&quot;enabled&quot;:&quot;true&quot;,&quot;title&quot;:&quot;Close&quot;},&quot;whatsapp&quot;:{&quot;enabled&quot;:&quot;true&quot;},&quot;twitter&quot;:{&quot;enabled&quot;:&quot;true&quot;},&quot;facebook&quot;:{&quot;enabled&quot;:&quot;true&quot;},&quot;pinterest&quot;:{&quot;enabled&quot;:&quot;true&quot;},&quot;email&quot;:{&quot;enabled&quot;:&quot;true&quot;},&quot;linkedin&quot;:{&quot;enabled&quot;:&quot;true&quot;},&quot;digg&quot;:{&quot;enabled&quot;:&quot;false&quot;},&quot;reddit&quot;:{&quot;enabled&quot;:&quot;false&quot;},&quot;shareUrl&quot;:&quot;&quot;,&quot;shareTitle&quot;:&quot;&quot;,&quot;shareImage&quot;:&quot;&quot;,&quot;layout&quot;:1,&quot;icons&quot;:&quot;FontAwesome&quot;,&quot;skin&quot;:&quot;light&quot;,&quot;useFontAwesome5&quot;:&quot;true&quot;,&quot;sideNavigationButtons&quot;:&quot;true&quot;,&quot;menuNavigationButtons&quot;:&quot;false&quot;,&quot;backgroundColor&quot;:&quot;rgb(81, 85, 88)&quot;,&quot;backgroundPattern&quot;:&quot;&quot;,&quot;backgroundImage&quot;:&quot;&quot;,&quot;backgroundTransparent&quot;:&quot;false&quot;,&quot;menuBackground&quot;:&quot;&quot;,&quot;menuShadow&quot;:&quot;&quot;,&quot;menuMargin&quot;:&quot;0&quot;,&quot;menuPadding&quot;:&quot;0&quot;,&quot;menuOverBook&quot;:&quot;false&quot;,&quot;menuFloating&quot;:&quot;false&quot;,&quot;menuTransparent&quot;:&quot;false&quot;,&quot;menu2Background&quot;:&quot;&quot;,&quot;menu2Shadow&quot;:&quot;&quot;,&quot;menu2Margin&quot;:&quot;0&quot;,&quot;menu2Padding&quot;:&quot;0&quot;,&quot;menu2OverBook&quot;:&quot;true&quot;,&quot;menu2Floating&quot;:&quot;false&quot;,&quot;menu2Transparent&quot;:&quot;true&quot;,&quot;skinColor&quot;:&quot;&quot;,&quot;skinBackground&quot;:&quot;&quot;,&quot;hideMenu&quot;:&quot;false&quot;,&quot;menuAlignHorizontal&quot;:&quot;center&quot;,&quot;btnColor&quot;:&quot;&quot;,&quot;btnColorHover&quot;:&quot;&quot;,&quot;btnBackground&quot;:&quot;none&quot;,&quot;btnRadius&quot;:&quot;0&quot;,&quot;btnMargin&quot;:&quot;0&quot;,&quot;btnSize&quot;:&quot;18&quot;,&quot;btnPaddingV&quot;:&quot;10&quot;,&quot;btnPaddingH&quot;:&quot;10&quot;,&quot;btnShadow&quot;:&quot;&quot;,&quot;btnTextShadow&quot;:&quot;&quot;,&quot;btnBorder&quot;:&quot;&quot;,&quot;sideBtnColor&quot;:&quot;#fff&quot;,&quot;sideBtnColorHover&quot;:&quot;#fff&quot;,&quot;sideBtnBackground&quot;:&quot;rgba(0,0,0,.3)&quot;,&quot;sideBtnBackgroundHover&quot;:&quot;&quot;,&quot;sideBtnRadius&quot;:&quot;0&quot;,&quot;sideBtnMargin&quot;:&quot;0&quot;,&quot;sideBtnSize&quot;:&quot;25&quot;,&quot;sideBtnPaddingV&quot;:&quot;10&quot;,&quot;sideBtnPaddingH&quot;:&quot;10&quot;,&quot;sideBtnShadow&quot;:&quot;&quot;,&quot;sideBtnTextShadow&quot;:&quot;&quot;,&quot;sideBtnBorder&quot;:&quot;&quot;,&quot;closeBtnColorHover&quot;:&quot;#FFF&quot;,&quot;closeBtnBackground&quot;:&quot;rgba(0,0,0,.4)&quot;,&quot;closeBtnRadius&quot;:&quot;0&quot;,&quot;closeBtnMargin&quot;:&quot;0&quot;,&quot;closeBtnSize&quot;:&quot;20&quot;,&quot;closeBtnPadding&quot;:&quot;5&quot;,&quot;closeBtnTextShadow&quot;:&quot;&quot;,&quot;closeBtnBorder&quot;:&quot;&quot;,&quot;floatingBtnColor&quot;:&quot;&quot;,&quot;floatingBtnColorHover&quot;:&quot;&quot;,&quot;floatingBtnBackground&quot;:&quot;&quot;,&quot;floatingBtnBackgroundHover&quot;:&quot;&quot;,&quot;floatingBtnRadius&quot;:&quot;&quot;,&quot;floatingBtnMargin&quot;:&quot;&quot;,&quot;floatingBtnSize&quot;:&quot;&quot;,&quot;floatingBtnPadding&quot;:&quot;&quot;,&quot;floatingBtnShadow&quot;:&quot;&quot;,&quot;floatingBtnTextShadow&quot;:&quot;&quot;,&quot;floatingBtnBorder&quot;:&quot;&quot;,&quot;currentPageMarginV&quot;:&quot;5&quot;,&quot;currentPageMarginH&quot;:&quot;5&quot;,&quot;arrowsAlwaysEnabledForNavigation&quot;:&quot;true&quot;,&quot;arrowsDisabledNotFullscreen&quot;:&quot;true&quot;,&quot;touchSwipeEnabled&quot;:&quot;true&quot;,&quot;fitToWidth&quot;:&quot;false&quot;,&quot;rightClickEnabled&quot;:&quot;true&quot;,&quot;linkColor&quot;:&quot;rgba(0, 0, 0, 0)&quot;,&quot;linkColorHover&quot;:&quot;rgba(255, 255, 0, 1)&quot;,&quot;linkOpacity&quot;:&quot;0.4&quot;,&quot;linkTarget&quot;:&quot;_blank&quot;,&quot;pdfAutoLinks&quot;:&quot;false&quot;,&quot;disableRange&quot;:&quot;false&quot;,&quot;strings&quot;:{&quot;print&quot;:&quot;Print&quot;,&quot;printLeftPage&quot;:&quot;Print left page&quot;,&quot;printRightPage&quot;:&quot;Print right page&quot;,&quot;printCurrentPage&quot;:&quot;Print current page&quot;,&quot;printAllPages&quot;:&quot;Print all pages&quot;,&quot;download&quot;:&quot;Download&quot;,&quot;downloadLeftPage&quot;:&quot;Download left page&quot;,&quot;downloadRightPage&quot;:&quot;Download right page&quot;,&quot;downloadCurrentPage&quot;:&quot;Download current page&quot;,&quot;downloadAllPages&quot;:&quot;Download all pages&quot;,&quot;bookmarks&quot;:&quot;Bookmarks&quot;,&quot;bookmarkLeftPage&quot;:&quot;Bookmark left page&quot;,&quot;bookmarkRightPage&quot;:&quot;Bookmark right page&quot;,&quot;bookmarkCurrentPage&quot;:&quot;Bookmark current page&quot;,&quot;search&quot;:&quot;Search&quot;,&quot;findInDocument&quot;:&quot;Find in document&quot;,&quot;pagesFoundContaining&quot;:&quot;pages found containing&quot;,&quot;noMatches&quot;:&quot;No matches&quot;,&quot;matchesFound&quot;:&quot;matches found&quot;,&quot;page&quot;:&quot;Page&quot;,&quot;matches&quot;:&quot;matches&quot;,&quot;thumbnails&quot;:&quot;Thumbnails&quot;,&quot;tableOfContent&quot;:&quot;Table of Contents&quot;,&quot;share&quot;:&quot;Share&quot;,&quot;pressEscToClose&quot;:&quot;Press ESC to close&quot;,&quot;password&quot;:&quot;Password&quot;,&quot;addNote&quot;:&quot;Add note&quot;,&quot;typeInYourNote&quot;:&quot;Type in your note...&quot;},&quot;access&quot;:&quot;free&quot;,&quot;backgroundMusic&quot;:&quot;&quot;,&quot;cornerCurl&quot;:&quot;false&quot;,&quot;pdfTools&quot;:{&quot;pageHeight&quot;:1500,&quot;thumbHeight&quot;:200,&quot;quality&quot;:0.80000000000000004,&quot;textLayer&quot;:&quot;true&quot;,&quot;autoConvert&quot;:&quot;true&quot;},&quot;slug&quot;:&quot;&quot;,&quot;convertPDFLinks&quot;:&quot;true&quot;,&quot;convertPDFLinksWithClass&quot;:&quot;&quot;,&quot;convertPDFLinksWithoutClass&quot;:&quot;&quot;,&quot;overridePDFEmbedder&quot;:&quot;true&quot;,&quot;overrideDflip&quot;:&quot;true&quot;,&quot;overrideWonderPDFEmbed&quot;:&quot;true&quot;,&quot;override3DFlipBook&quot;:&quot;true&quot;,&quot;overridePDFjsViewer&quot;:&quot;true&quot;,&quot;resumeReading&quot;:&quot;false&quot;,&quot;previewPages&quot;:&quot;&quot;,&quot;previewMode&quot;:&quot;&quot;,&quot;name&quot;:&quot;catalogo catalan&quot;,&quot;post_id&quot;:2723,&quot;rootFolder&quot;:&quot;https:\\\/\\\/www.husyca.com\\\/wp-content\\\/plugins\\\/real3d-flipbook-lite\\\/&quot;,&quot;version&quot;:&quot;4.8.5&quot;,&quot;uniqueId&quot;:&quot;2_69e3481e110bf&quot;}\"><\/div><\/div>\n\t\t\t\t\t\t<\/div>\n\t\t\t\t<\/div>\n\t\t\t\t\t<\/div>\n\t\t<\/div>\n\t\t\t\t\t<\/div>\n\t\t<\/section>\n\t\t\t\t<\/div>\n\t\t","protected":false},"excerpt":{"rendered":"","protected":false},"author":1,"featured_media":0,"parent":0,"menu_order":0,"comment_status":"closed","ping_status":"closed","template":"elementor_header_footer","meta":{"_joinchat":[],"footnotes":""},"class_list":["post-2718","page","type-page","status-publish","hentry"],"yoast_head":"<!-- This site is optimized with the Yoast SEO plugin v24.3 - https:\/\/yoast.com\/wordpress\/plugins\/seo\/ -->\n<title>Cat\u00e0leg - Husyca S.A. Husillos y camaras en Barcelona<\/title>\n<meta name=\"robots\" content=\"index, follow, max-snippet:-1, max-image-preview:large, max-video-preview:-1\" \/>\n<link rel=\"canonical\" href=\"https:\/\/www.husyca.com\/catalogo\/\" \/>\n<meta property=\"og:locale\" content=\"ca_ES\" \/>\n<meta property=\"og:type\" content=\"article\" \/>\n<meta property=\"og:title\" content=\"Cat\u00e0leg - Husyca S.A. Husillos y camaras en Barcelona\" \/>\n<meta property=\"og:url\" content=\"https:\/\/www.husyca.com\/catalogo\/\" \/>\n<meta property=\"og:site_name\" content=\"Husyca S.A. Husillos y camaras en Barcelona\" \/>\n<meta property=\"article:publisher\" content=\"https:\/\/www.facebook.com\/profile.php?id=100088596826097\" \/>\n<meta property=\"article:modified_time\" content=\"2025-03-22T13:52:32+00:00\" \/>\n<meta name=\"twitter:card\" content=\"summary_large_image\" \/>\n<meta name=\"twitter:label1\" content=\"Temps estimat de lectura\" \/>\n\t<meta name=\"twitter:data1\" content=\"1 minut\" \/>\n<script type=\"application\/ld+json\" class=\"yoast-schema-graph\">{\"@context\":\"https:\/\/schema.org\",\"@graph\":[{\"@type\":\"WebPage\",\"@id\":\"https:\/\/www.husyca.com\/catalogo\/\",\"url\":\"https:\/\/www.husyca.com\/catalogo\/\",\"name\":\"Cat\u00e0leg - Husyca S.A. Husillos y camaras en Barcelona\",\"isPartOf\":{\"@id\":\"https:\/\/www.husyca.com\/#website\"},\"datePublished\":\"2025-01-31T14:20:12+00:00\",\"dateModified\":\"2025-03-22T13:52:32+00:00\",\"breadcrumb\":{\"@id\":\"https:\/\/www.husyca.com\/catalogo\/#breadcrumb\"},\"inLanguage\":\"ca\",\"potentialAction\":[{\"@type\":\"ReadAction\",\"target\":[\"https:\/\/www.husyca.com\/catalogo\/\"]}]},{\"@type\":\"BreadcrumbList\",\"@id\":\"https:\/\/www.husyca.com\/catalogo\/#breadcrumb\",\"itemListElement\":[{\"@type\":\"ListItem\",\"position\":1,\"name\":\"Portada\",\"item\":\"https:\/\/www.husyca.com\/ca\/home\/\"},{\"@type\":\"ListItem\",\"position\":2,\"name\":\"Cat\u00e0leg\"}]},{\"@type\":\"WebSite\",\"@id\":\"https:\/\/www.husyca.com\/#website\",\"url\":\"https:\/\/www.husyca.com\/\",\"name\":\"Husyca S.A. Husillos y camaras en Barcelona\",\"description\":\"Mecanizado, reparaci\u00f3n y fabricaci\u00f3n de husillos y cilindros de plastificaci\u00f3n, nitrurados, bimetalicos, inyecci\u00f3n, cluatas, portaboquillas, aceros y tratamientos, Aceros de Nitruraci\u00f3n, de temple o inoxidables, C\u00e1maras de Extrusi\u00f3n, monohusillos, Tratamientos superficiales diversos: Cromo duro, SSA, TIN, Niquel qu\u00edmico, C\u00e1maras de extrusi\u00f3n doble husillo paralelas\",\"potentialAction\":[{\"@type\":\"SearchAction\",\"target\":{\"@type\":\"EntryPoint\",\"urlTemplate\":\"https:\/\/www.husyca.com\/?s={search_term_string}\"},\"query-input\":{\"@type\":\"PropertyValueSpecification\",\"valueRequired\":true,\"valueName\":\"search_term_string\"}}],\"inLanguage\":\"ca\"}]}<\/script>\n<!-- \/ Yoast SEO plugin. -->","yoast_head_json":{"title":"Cat\u00e0leg - Husyca S.A. Husillos y camaras en Barcelona","robots":{"index":"index","follow":"follow","max-snippet":"max-snippet:-1","max-image-preview":"max-image-preview:large","max-video-preview":"max-video-preview:-1"},"canonical":"https:\/\/www.husyca.com\/catalogo\/","og_locale":"ca_ES","og_type":"article","og_title":"Cat\u00e0leg - Husyca S.A. Husillos y camaras en Barcelona","og_url":"https:\/\/www.husyca.com\/catalogo\/","og_site_name":"Husyca S.A. Husillos y camaras en Barcelona","article_publisher":"https:\/\/www.facebook.com\/profile.php?id=100088596826097","article_modified_time":"2025-03-22T13:52:32+00:00","twitter_card":"summary_large_image","twitter_misc":{"Temps estimat de lectura":"1 minut"},"schema":{"@context":"https:\/\/schema.org","@graph":[{"@type":"WebPage","@id":"https:\/\/www.husyca.com\/catalogo\/","url":"https:\/\/www.husyca.com\/catalogo\/","name":"Cat\u00e0leg - Husyca S.A. Husillos y camaras en Barcelona","isPartOf":{"@id":"https:\/\/www.husyca.com\/#website"},"datePublished":"2025-01-31T14:20:12+00:00","dateModified":"2025-03-22T13:52:32+00:00","breadcrumb":{"@id":"https:\/\/www.husyca.com\/catalogo\/#breadcrumb"},"inLanguage":"ca","potentialAction":[{"@type":"ReadAction","target":["https:\/\/www.husyca.com\/catalogo\/"]}]},{"@type":"BreadcrumbList","@id":"https:\/\/www.husyca.com\/catalogo\/#breadcrumb","itemListElement":[{"@type":"ListItem","position":1,"name":"Portada","item":"https:\/\/www.husyca.com\/ca\/home\/"},{"@type":"ListItem","position":2,"name":"Cat\u00e0leg"}]},{"@type":"WebSite","@id":"https:\/\/www.husyca.com\/#website","url":"https:\/\/www.husyca.com\/","name":"Husyca S.A. Husillos y camaras en Barcelona","description":"Mecanizado, reparaci\u00f3n y fabricaci\u00f3n de husillos y cilindros de plastificaci\u00f3n, nitrurados, bimetalicos, inyecci\u00f3n, cluatas, portaboquillas, aceros y tratamientos, Aceros de Nitruraci\u00f3n, de temple o inoxidables, C\u00e1maras de Extrusi\u00f3n, monohusillos, Tratamientos superficiales diversos: Cromo duro, SSA, TIN, Niquel qu\u00edmico, C\u00e1maras de extrusi\u00f3n doble husillo paralelas","potentialAction":[{"@type":"SearchAction","target":{"@type":"EntryPoint","urlTemplate":"https:\/\/www.husyca.com\/?s={search_term_string}"},"query-input":{"@type":"PropertyValueSpecification","valueRequired":true,"valueName":"search_term_string"}}],"inLanguage":"ca"}]}},"_links":{"self":[{"href":"https:\/\/www.husyca.com\/ca\/wp-json\/wp\/v2\/pages\/2718","targetHints":{"allow":["GET"]}}],"collection":[{"href":"https:\/\/www.husyca.com\/ca\/wp-json\/wp\/v2\/pages"}],"about":[{"href":"https:\/\/www.husyca.com\/ca\/wp-json\/wp\/v2\/types\/page"}],"author":[{"embeddable":true,"href":"https:\/\/www.husyca.com\/ca\/wp-json\/wp\/v2\/users\/1"}],"replies":[{"embeddable":true,"href":"https:\/\/www.husyca.com\/ca\/wp-json\/wp\/v2\/comments?post=2718"}],"version-history":[{"count":4,"href":"https:\/\/www.husyca.com\/ca\/wp-json\/wp\/v2\/pages\/2718\/revisions"}],"predecessor-version":[{"id":2730,"href":"https:\/\/www.husyca.com\/ca\/wp-json\/wp\/v2\/pages\/2718\/revisions\/2730"}],"wp:attachment":[{"href":"https:\/\/www.husyca.com\/ca\/wp-json\/wp\/v2\/media?parent=2718"}],"curies":[{"name":"wp","href":"https:\/\/api.w.org\/{rel}","templated":true}]}}