{"id":1265,"date":"2022-12-15T13:01:32","date_gmt":"2022-12-15T13:01:32","guid":{"rendered":"https:\/\/www.husyca.com\/politica-de-cookies\/"},"modified":"2023-03-31T10:43:12","modified_gmt":"2023-03-31T10:43:12","slug":"politica-de-cookies","status":"publish","type":"page","link":"https:\/\/www.husyca.com\/ca\/politica-de-cookies\/","title":{"rendered":"Pol\u00edtica de Cookies"},"content":{"rendered":"\t\t<div data-elementor-type=\"wp-page\" data-elementor-id=\"1265\" class=\"elementor elementor-1265 elementor-607\" data-elementor-post-type=\"page\">\n\t\t\t\t\t\t<section class=\"elementor-section elementor-top-section elementor-element elementor-element-306bc66b elementor-section-boxed elementor-section-height-default elementor-section-height-default\" data-id=\"306bc66b\" data-element_type=\"section\">\n\t\t\t\t\t\t<div class=\"elementor-container elementor-column-gap-default\">\n\t\t\t\t\t<div class=\"elementor-column elementor-col-100 elementor-top-column elementor-element elementor-element-2abfccc9\" data-id=\"2abfccc9\" data-element_type=\"column\">\n\t\t\t<div class=\"elementor-widget-wrap elementor-element-populated\">\n\t\t\t\t\t\t<div class=\"elementor-element elementor-element-318b2508 elementor-widget elementor-widget-text-editor\" data-id=\"318b2508\" data-element_type=\"widget\" data-widget_type=\"text-editor.default\">\n\t\t\t\t<div class=\"elementor-widget-container\">\n\t\t\t\t\t\t\t\t\t<h2>Necessitem el teu consentiment<\/h2>\n<p style=\"margin-bottom: 1rem;\">Conformement a la \u00abLlei de Serveis de la Societat de la Informaci\u00f3\u00bb (LSSICE) establerta pel Reial Decret 13\/2012, \u00e9s d&#8217;obligaci\u00f3 obtenir el consentiment expr\u00e9s de l&#8217;usuari de totes les p\u00e0gines web que usen <em>cookies<\/em> prescindibles, abans que aquest navegui per <em>ell<\/em>es.<\/p>\n<p style=\"margin-bottom: 1rem;\">Segons la directiva de la UE:<\/p>\n<ul style=\"margin-bottom: 1rem;\">\n<li>Les galetes que requereixen el consentiment informat per part de l&#8217;usuari s\u00f3n les galetes d&#8217;anal\u00edtica i les de publicitat i afiliaci\u00f3.<\/li>\n<li>Les galetes que requereixen el consentiment informat per part de l&#8217;usuari s\u00f3n les galetes d&#8217;anal\u00edtica i les de publicitat i afiliaci\u00f3.<\/li>\n<\/ul>\n<p style=\"margin-bottom: 1rem;\">CONFIGURACI\u00d3 A MIDA Requereixen del vostre consentiment Cookies de Google Analytics \u00ab<em>No instal\u00b7lades<\/em>\u00bb<\/p>\n<p style=\"margin-bottom: 1rem;\">_ga (2 anys), _gid (1 dia) i _gat_gtag_UA_29169806_1 (2 hores)<\/p>\n<p style=\"margin-bottom: 1rem;\">S\u00f3n propietat de tercers, anal\u00edtiques i persistents. S&#8217;utilitzen per registrar l&#8217;activitat dels usuaris en aquesta web, cosa que ens permet, entre altres coses, millorar els serveis que oferim.<br \/>Consulteu la <a style=\"color: #007bff;\" href=\"https:\/\/policies.google.com\/privacy\" target=\"_blank\" rel=\"nofollow noopener noreferrer\" data-cke-saved-href=\"https:\/\/policies.google.com\/privacy\">Pol\u00edtica de privadesa de Google<\/a>.<\/p>\n<h3 style=\"margin-top: 0px; margin-bottom: 0.5rem;\">Galetes t\u00e8cniques que no requereixen el teu consentiment<\/h3>\n<p style=\"margin-bottom: 1rem;\">Cookie funcional: PHPSESSID \u00ab<em>Instal\u00b7lada<\/em>\u00bb (0 dies, de sessi\u00f3). Cookie de sessi\u00f3. Necess\u00e0ria per al correcte funcionament del lloc. No emmagatzema dades de l&#8217;usuari. Propietat de Husyca: CookiesUEAgreeAnalytics <em>No instal\u00b7lada<\/em> (1 any). Cookie pr\u00f2pia, persistent. Necess\u00e0ria per recordar la vostra configuraci\u00f3 de les Cookies d&#8217;Analytics (Accepto \/ No Accepto).<\/p>\n<h3 style=\"margin-top: 0px; margin-bottom: 0.5rem;\">Tractament de dades personals<\/h3>\n<p style=\"margin-bottom: 1rem;\">Husyca \u00e9s la Responsable del tractament de les dades personals de l&#8217;Usuari i us informa que aquestes dades seran tractades de conformitat amb el que disposa el Reglament (UE) 2016\/679, de 27 d&#8217;abril de 2016 (GDPR), per la qual cosa es us facilita la seg\u00fcent informaci\u00f3 del tractament:<\/p>\n<p style=\"margin-bottom: 1rem;\">Fins del tractament: segons s&#8217;especifica m\u00e9s endavant al llistat de cookies.<\/p>\n<p style=\"margin-bottom: 1rem;\">Legitimaci\u00f3 del tractament: per consentiment de l&#8217;Usuari, les galetes d&#8217;anal\u00edtica i les de publicitat i afiliaci\u00f3 (de Google Analytics i Google Maps), segons l&#8217;art. 6.1.(a) GDPR), i les galetes d&#8217;inter\u00e8s leg\u00edtim 6.1(f ), les pr\u00f2pies (les t\u00e8cniques i funcionals).<\/p>\n<p style=\"margin-bottom: 1rem;\">Terminis de conservaci\u00f3 de les dades: segons s&#8217;especifica m\u00e9s endavant al llistat de cookies.<\/p>\n<p style=\"margin-bottom: 1rem;\">Pla\u00e7os de conservaci\u00f3 de les dades: segons s&#8217;especifica m\u00e9s endavant al llistat de galetes.<\/p>\n<p style=\"margin-bottom: 1rem;\">Drets que assisteixen a l&#8217;Usuari:<br \/>\u2013 Dret a retirar el consentiment en qualsevol moment utilitzant el Panell de \u201cConfiguraci\u00f3 a Mesura\u201d (\u201cAcceptar\u201d, \u201cRebutjar\u201d, \u201cEliminar\u201d).<br \/>\u2013 Tens dret a reclamar a l&#8217;Ag\u00e8ncia Espanyola de Protecci\u00f3 de Dades si creus que est\u00e0 malament alguna cosa. Estarem encantats d&#8217;atendre&#8217;t i farem el possible per atendre la teva petici\u00f3 sense que sigui necessari.<\/p>\n<h3 style=\"margin-top: 0px; margin-bottom: 0.5rem;\">Llistat de galetes en aquest lloc web<\/h3>\n<p style=\"margin-bottom: 1rem;\"><em>A<\/em>NAL\u00cdTIQUES (<em>requereixen del teu consentiment<\/em>)<br \/>Propietat: Google Analytics<\/p>\n<ul style=\"margin-bottom: 1rem;\">\n<li>Nom: _ga<br \/>Termini de conservaci\u00f3: 2 anys<\/li>\n<li>Nom: _gid<br \/>Termini de conservaci\u00f3: 1 dia<\/li>\n<li>Nom: _gat_gtag_UA(n\u00famero de la propiedad)<br \/>Termini de conservaci\u00f3: 2 hores<\/li>\n<li>Gesti\u00f3: De tercers<\/li>\n<\/ul>\n<p style=\"margin-bottom: 1rem;\">Observacions: Persistents<br \/>Finalitat: Google estableix un grup de cookies del qual, si b\u00e9 no en tenim control, semblen emmagatzemar informaci\u00f3 per a operacions com ara habilitar la funci\u00f3 de control de visites \u00faniques. La primera vegada que un usuari entri al lloc web a trav\u00e9s d&#8217;un navegador s&#8217;instal\u00b7lar\u00e0 aquesta galeta. Quan aquest usuari torni a entrar a la web amb el mateix navegador, la galeta considerar\u00e0 que \u00e9s el mateix usuari. Nom\u00e9s en cas que l&#8217;usuari canvi\u00ef de navegador, es considerar\u00e0 un altre usuari. Nom\u00e9s en cas que l&#8217;usuari canvi\u00ef de navegador, es considerar\u00e0 un altre usuari.<br \/><em>Consulteu la <a style=\"color: #007bff;\" href=\"https:\/\/policies.google.com\/privacy\" target=\"_blank\" rel=\"nofollow noopener noreferrer\" data-cke-saved-href=\"https:\/\/policies.google.com\/privacy\">Pol\u00edtica de privadesa de Google<\/a><\/em><\/p>\n<p style=\"margin-bottom: 1rem;\">PR\u00d2PIES, T\u00c8CNIQUES I FUNCIONALS (<em>no requereixen del teu consentiment<\/em>)<br \/>Propietat: Husyca SA<\/p>\n<ul style=\"margin-bottom: 1rem;\">\n<li>Nom: PHPSESSID<br \/>Termini de conservaci\u00f3: (0 d\u00edas, de sesi\u00f3)<\/li>\n<li>Nom: CookiesUEAgreeAnalytics<br \/>Termini de conservaci\u00f3: 1 any<\/li>\n<li>Nom: CookiesUEAgreeMaps<br \/>Termini de conservaci\u00f3: 1 any<\/li>\n<\/ul>\n<p style=\"margin-bottom: 1rem;\">Gesti\u00f3: Pr\u00f2pia<br \/>Observacions: Persistents<br \/>Finalitat: La nostra p\u00e0gina web necessita algunes galetes t\u00e8cniques per al correcte funcionament de la p\u00e0gina web (PHPSESSID) i altres per recordar les teves prefer\u00e8ncies.<\/p>\n<h3 style=\"margin-top: 0px; margin-bottom: 0.5rem;\">Informaci\u00f3 sobre les cookies<\/h3>\n<p style=\"margin-bottom: 1rem;\">Les cookies i altres tecnologies similars s\u00f3n emprades pels servidors web per emmagatzemar i recuperar informaci\u00f3 sobre els seus visitants, aix\u00ed com per oferir un funcionament correcte del lloc.<\/p>\n<p style=\"margin-bottom: 1rem;\">Mitjan\u00e7ant l&#8217;\u00fas de les cookies es permet al servidor web recordar algunes dades concernents a l&#8217;Usuari, com ara les seves prefer\u00e8ncies per a la visualitzaci\u00f3 de les p\u00e0gines d&#8217;aquest servidor, nom i contrasenya, productes que m\u00e9s us interessen, etc.<\/p>\n<h3 style=\"margin-top: 0px; margin-bottom: 0.5rem;\">Diferents tipus de cookies<\/h3>\n<p style=\"margin-bottom: 1rem;\">Segons la finalitat<br \/>\u2013 Cookies t\u00e8cniques i funcionals: s\u00f3n aquelles que permeten a l&#8217;usuari la navegaci\u00f3 a trav\u00e9s d&#8217;una p\u00e0gina web, plataforma o aplicaci\u00f3 i la utilitzaci\u00f3 de les diferents opcions o serveis que hi hagi.<br \/>\u2013 Cookies anal\u00edtiques: s\u00f3n aquelles que permeten al responsable de les mateixes el seguiment i an\u00e0lisi del comportament dels usuaris dels llocs web a qu\u00e8 estan vinculades. La informaci\u00f3 recollida mitjan\u00e7ant aquest tipus de cookies s&#8217;utilitza en el mesurament de l&#8217;activitat dels llocs web, aplicaci\u00f3 o plataforma i per a l&#8217;elaboraci\u00f3 de perfils de navegaci\u00f3 dels usuaris d&#8217;aquests llocs, aplicacions i plataformes, per introduir millores a funci\u00f3 de lan\u00e0lisi de les dades d\u00fas que fan els usuaris del servei.<\/p>\n<p style=\"margin-bottom: 1rem;\">Segons la propietat<br \/>&#8211; Cookies pr\u00f2pies: s\u00f3n les que s&#8217;envien a l&#8217;equip terminal de l&#8217;usuari des d&#8217;un equip o domini gestionat pel mateix editor i des del qual es presta el servei sol\u00b7licitat per l&#8217;usuari.<br \/>&#8211; Cookies de tercers: s\u00f3n aquelles que s&#8217;envien a l&#8217;equip terminal de l&#8217;usuari des d&#8217;un equip o domini que no l&#8217;edita l&#8217;editor, sin\u00f3 una altra entitat que tracta les dades obtingudes a trav\u00e9s de les cookies.<\/p>\n<p style=\"margin-bottom: 1rem;\">Segons el termini de conservaci\u00f3<br \/>\u2013 Galetes de sessi\u00f3: s\u00f3n un tipus de galetes dissenyades per a demanar i emmagatzemar dades mentre l&#8217;usuari accedeix a una p\u00e0gina web.<br \/>\u2013 Cookies persistents: s\u00f3n un tipus de cookies en qu\u00e8 les dades segueixen emmagatzemades al terminal i poden ser accedides i tractades durant un per\u00edode definit pel responsable de la galeta, i que pot anar d&#8217;uns minuts a diversos anys.<\/p>\n\t\t\t\t\t\t\t\t<\/div>\n\t\t\t\t<\/div>\n\t\t\t\t\t<\/div>\n\t\t<\/div>\n\t\t\t\t\t<\/div>\n\t\t<\/section>\n\t\t\t\t<\/div>\n\t\t","protected":false},"excerpt":{"rendered":"<p>Necessitem el teu consentiment Conformement a la \u00abLlei de Serveis de la Societat de la Informaci\u00f3\u00bb (LSSICE) establerta pel Reial Decret 13\/2012, \u00e9s d&#8217;obligaci\u00f3 obtenir el consentiment expr\u00e9s de l&#8217;usuari de totes les p\u00e0gines web que usen cookies prescindibles, abans que aquest navegui per elles. Segons la directiva de la UE: Les galetes que requereixen [&hellip;]<\/p>\n","protected":false},"author":2,"featured_media":0,"parent":0,"menu_order":0,"comment_status":"closed","ping_status":"closed","template":"elementor_header_footer","meta":{"_joinchat":[],"footnotes":""},"class_list":["post-1265","page","type-page","status-publish","hentry"],"yoast_head":"<!-- This site is optimized with the Yoast SEO plugin v24.3 - https:\/\/yoast.com\/wordpress\/plugins\/seo\/ -->\n<title>Pol\u00edtica de Cookies - Husyca S.A. Husillos y camaras en Barcelona<\/title>\n<meta name=\"robots\" content=\"index, follow, max-snippet:-1, max-image-preview:large, max-video-preview:-1\" \/>\n<link rel=\"canonical\" href=\"https:\/\/www.husyca.com\/ca\/politica-de-cookies\/\" \/>\n<meta property=\"og:locale\" content=\"ca_ES\" \/>\n<meta property=\"og:type\" content=\"article\" \/>\n<meta property=\"og:title\" content=\"Pol\u00edtica de Cookies - Husyca S.A. Husillos y camaras en Barcelona\" \/>\n<meta property=\"og:description\" content=\"Necessitem el teu consentiment Conformement a la \u00abLlei de Serveis de la Societat de la Informaci\u00f3\u00bb (LSSICE) establerta pel Reial Decret 13\/2012, \u00e9s d&#8217;obligaci\u00f3 obtenir el consentiment expr\u00e9s de l&#8217;usuari de totes les p\u00e0gines web que usen cookies prescindibles, abans que aquest navegui per elles. Segons la directiva de la UE: Les galetes que requereixen [&hellip;]\" \/>\n<meta property=\"og:url\" content=\"https:\/\/www.husyca.com\/ca\/politica-de-cookies\/\" \/>\n<meta property=\"og:site_name\" content=\"Husyca S.A. Husillos y camaras en Barcelona\" \/>\n<meta property=\"article:publisher\" content=\"https:\/\/www.facebook.com\/profile.php?id=100088596826097\" \/>\n<meta property=\"article:modified_time\" content=\"2023-03-31T10:43:12+00:00\" \/>\n<meta name=\"twitter:card\" content=\"summary_large_image\" \/>\n<meta name=\"twitter:label1\" content=\"Temps estimat de lectura\" \/>\n\t<meta name=\"twitter:data1\" content=\"5 minuts\" \/>\n<script type=\"application\/ld+json\" class=\"yoast-schema-graph\">{\"@context\":\"https:\/\/schema.org\",\"@graph\":[{\"@type\":\"WebPage\",\"@id\":\"https:\/\/www.husyca.com\/ca\/politica-de-cookies\/\",\"url\":\"https:\/\/www.husyca.com\/ca\/politica-de-cookies\/\",\"name\":\"Pol\u00edtica de Cookies - Husyca S.A. Husillos y camaras en Barcelona\",\"isPartOf\":{\"@id\":\"https:\/\/www.husyca.com\/#website\"},\"datePublished\":\"2022-12-15T13:01:32+00:00\",\"dateModified\":\"2023-03-31T10:43:12+00:00\",\"breadcrumb\":{\"@id\":\"https:\/\/www.husyca.com\/ca\/politica-de-cookies\/#breadcrumb\"},\"inLanguage\":\"ca\",\"potentialAction\":[{\"@type\":\"ReadAction\",\"target\":[\"https:\/\/www.husyca.com\/ca\/politica-de-cookies\/\"]}]},{\"@type\":\"BreadcrumbList\",\"@id\":\"https:\/\/www.husyca.com\/ca\/politica-de-cookies\/#breadcrumb\",\"itemListElement\":[{\"@type\":\"ListItem\",\"position\":1,\"name\":\"Portada\",\"item\":\"https:\/\/www.husyca.com\/ca\/home\/\"},{\"@type\":\"ListItem\",\"position\":2,\"name\":\"Pol\u00edtica de Cookies\"}]},{\"@type\":\"WebSite\",\"@id\":\"https:\/\/www.husyca.com\/#website\",\"url\":\"https:\/\/www.husyca.com\/\",\"name\":\"Husyca S.A. Husillos y camaras en Barcelona\",\"description\":\"Mecanizado, reparaci\u00f3n y fabricaci\u00f3n de husillos y cilindros de plastificaci\u00f3n, nitrurados, bimetalicos, inyecci\u00f3n, cluatas, portaboquillas, aceros y tratamientos, Aceros de Nitruraci\u00f3n, de temple o inoxidables, C\u00e1maras de Extrusi\u00f3n, monohusillos, Tratamientos superficiales diversos: Cromo duro, SSA, TIN, Niquel qu\u00edmico, C\u00e1maras de extrusi\u00f3n doble husillo paralelas\",\"potentialAction\":[{\"@type\":\"SearchAction\",\"target\":{\"@type\":\"EntryPoint\",\"urlTemplate\":\"https:\/\/www.husyca.com\/?s={search_term_string}\"},\"query-input\":{\"@type\":\"PropertyValueSpecification\",\"valueRequired\":true,\"valueName\":\"search_term_string\"}}],\"inLanguage\":\"ca\"}]}<\/script>\n<!-- \/ Yoast SEO plugin. -->","yoast_head_json":{"title":"Pol\u00edtica de Cookies - Husyca S.A. Husillos y camaras en Barcelona","robots":{"index":"index","follow":"follow","max-snippet":"max-snippet:-1","max-image-preview":"max-image-preview:large","max-video-preview":"max-video-preview:-1"},"canonical":"https:\/\/www.husyca.com\/ca\/politica-de-cookies\/","og_locale":"ca_ES","og_type":"article","og_title":"Pol\u00edtica de Cookies - Husyca S.A. Husillos y camaras en Barcelona","og_description":"Necessitem el teu consentiment Conformement a la \u00abLlei de Serveis de la Societat de la Informaci\u00f3\u00bb (LSSICE) establerta pel Reial Decret 13\/2012, \u00e9s d&#8217;obligaci\u00f3 obtenir el consentiment expr\u00e9s de l&#8217;usuari de totes les p\u00e0gines web que usen cookies prescindibles, abans que aquest navegui per elles. Segons la directiva de la UE: Les galetes que requereixen [&hellip;]","og_url":"https:\/\/www.husyca.com\/ca\/politica-de-cookies\/","og_site_name":"Husyca S.A. Husillos y camaras en Barcelona","article_publisher":"https:\/\/www.facebook.com\/profile.php?id=100088596826097","article_modified_time":"2023-03-31T10:43:12+00:00","twitter_card":"summary_large_image","twitter_misc":{"Temps estimat de lectura":"5 minuts"},"schema":{"@context":"https:\/\/schema.org","@graph":[{"@type":"WebPage","@id":"https:\/\/www.husyca.com\/ca\/politica-de-cookies\/","url":"https:\/\/www.husyca.com\/ca\/politica-de-cookies\/","name":"Pol\u00edtica de Cookies - Husyca S.A. Husillos y camaras en Barcelona","isPartOf":{"@id":"https:\/\/www.husyca.com\/#website"},"datePublished":"2022-12-15T13:01:32+00:00","dateModified":"2023-03-31T10:43:12+00:00","breadcrumb":{"@id":"https:\/\/www.husyca.com\/ca\/politica-de-cookies\/#breadcrumb"},"inLanguage":"ca","potentialAction":[{"@type":"ReadAction","target":["https:\/\/www.husyca.com\/ca\/politica-de-cookies\/"]}]},{"@type":"BreadcrumbList","@id":"https:\/\/www.husyca.com\/ca\/politica-de-cookies\/#breadcrumb","itemListElement":[{"@type":"ListItem","position":1,"name":"Portada","item":"https:\/\/www.husyca.com\/ca\/home\/"},{"@type":"ListItem","position":2,"name":"Pol\u00edtica de Cookies"}]},{"@type":"WebSite","@id":"https:\/\/www.husyca.com\/#website","url":"https:\/\/www.husyca.com\/","name":"Husyca S.A. Husillos y camaras en Barcelona","description":"Mecanizado, reparaci\u00f3n y fabricaci\u00f3n de husillos y cilindros de plastificaci\u00f3n, nitrurados, bimetalicos, inyecci\u00f3n, cluatas, portaboquillas, aceros y tratamientos, Aceros de Nitruraci\u00f3n, de temple o inoxidables, C\u00e1maras de Extrusi\u00f3n, monohusillos, Tratamientos superficiales diversos: Cromo duro, SSA, TIN, Niquel qu\u00edmico, C\u00e1maras de extrusi\u00f3n doble husillo paralelas","potentialAction":[{"@type":"SearchAction","target":{"@type":"EntryPoint","urlTemplate":"https:\/\/www.husyca.com\/?s={search_term_string}"},"query-input":{"@type":"PropertyValueSpecification","valueRequired":true,"valueName":"search_term_string"}}],"inLanguage":"ca"}]}},"_links":{"self":[{"href":"https:\/\/www.husyca.com\/ca\/wp-json\/wp\/v2\/pages\/1265","targetHints":{"allow":["GET"]}}],"collection":[{"href":"https:\/\/www.husyca.com\/ca\/wp-json\/wp\/v2\/pages"}],"about":[{"href":"https:\/\/www.husyca.com\/ca\/wp-json\/wp\/v2\/types\/page"}],"author":[{"embeddable":true,"href":"https:\/\/www.husyca.com\/ca\/wp-json\/wp\/v2\/users\/2"}],"replies":[{"embeddable":true,"href":"https:\/\/www.husyca.com\/ca\/wp-json\/wp\/v2\/comments?post=1265"}],"version-history":[{"count":2,"href":"https:\/\/www.husyca.com\/ca\/wp-json\/wp\/v2\/pages\/1265\/revisions"}],"predecessor-version":[{"id":1293,"href":"https:\/\/www.husyca.com\/ca\/wp-json\/wp\/v2\/pages\/1265\/revisions\/1293"}],"wp:attachment":[{"href":"https:\/\/www.husyca.com\/ca\/wp-json\/wp\/v2\/media?parent=1265"}],"curies":[{"name":"wp","href":"https:\/\/api.w.org\/{rel}","templated":true}]}}