{"id":1112,"date":"2022-12-09T09:45:34","date_gmt":"2022-12-09T09:45:34","guid":{"rendered":"https:\/\/www.husyca.com\/servei-urgent-de-reparacio\/"},"modified":"2023-03-30T08:36:55","modified_gmt":"2023-03-30T08:36:55","slug":"servei-urgent-de-reparacio","status":"publish","type":"page","link":"https:\/\/www.husyca.com\/ca\/servei-urgent-de-reparacio\/","title":{"rendered":"SERVEI URGENT DE REPARACI\u00d3"},"content":{"rendered":"\t\t<div data-elementor-type=\"wp-page\" data-elementor-id=\"1112\" class=\"elementor elementor-1112 elementor-552\" data-elementor-post-type=\"page\">\n\t\t\t\t\t\t<section class=\"elementor-section elementor-top-section elementor-element elementor-element-af77217 elementor-section-height-min-height elementor-section-boxed elementor-section-height-default elementor-section-items-middle\" data-id=\"af77217\" data-element_type=\"section\" data-settings=\"{&quot;background_background&quot;:&quot;classic&quot;,&quot;shape_divider_bottom&quot;:&quot;curve&quot;,&quot;shape_divider_bottom_negative&quot;:&quot;yes&quot;}\">\n\t\t\t\t\t\t\t<div class=\"elementor-background-overlay\"><\/div>\n\t\t\t\t\t\t<div class=\"elementor-shape elementor-shape-bottom\" data-negative=\"true\">\n\t\t\t<svg xmlns=\"http:\/\/www.w3.org\/2000\/svg\" viewBox=\"0 0 1000 100\" preserveAspectRatio=\"none\">\n\t<path class=\"elementor-shape-fill\" d=\"M500,97C126.7,96.3,0.8,19.8,0,0v100l1000,0V1C1000,19.4,873.3,97.8,500,97z\"\/>\n<\/svg>\t\t<\/div>\n\t\t\t\t\t<div class=\"elementor-container elementor-column-gap-default\">\n\t\t\t\t\t<div class=\"elementor-column elementor-col-100 elementor-top-column elementor-element elementor-element-547ef97\" data-id=\"547ef97\" data-element_type=\"column\">\n\t\t\t<div class=\"elementor-widget-wrap elementor-element-populated\">\n\t\t\t\t\t\t<div class=\"elementor-element elementor-element-67b4bbf elementor-widget elementor-widget-heading\" data-id=\"67b4bbf\" data-element_type=\"widget\" data-widget_type=\"heading.default\">\n\t\t\t\t<div class=\"elementor-widget-container\">\n\t\t\t\t\t<h2 class=\"elementor-heading-title elementor-size-default\">SERVEI URGENT DE REPARACI\u00d3<\/h2>\t\t\t\t<\/div>\n\t\t\t\t<\/div>\n\t\t\t\t\t<\/div>\n\t\t<\/div>\n\t\t\t\t\t<\/div>\n\t\t<\/section>\n\t\t\t\t<section class=\"elementor-section elementor-top-section elementor-element elementor-element-471a1e0 elementor-section-boxed elementor-section-height-default elementor-section-height-default\" data-id=\"471a1e0\" data-element_type=\"section\">\n\t\t\t\t\t\t<div class=\"elementor-container elementor-column-gap-default\">\n\t\t\t\t\t<div class=\"elementor-column elementor-col-100 elementor-top-column elementor-element elementor-element-7d626bd\" data-id=\"7d626bd\" data-element_type=\"column\">\n\t\t\t<div class=\"elementor-widget-wrap elementor-element-populated\">\n\t\t\t\t\t\t<div class=\"elementor-element elementor-element-3f9a424 elementor-widget elementor-widget-text-editor\" data-id=\"3f9a424\" data-element_type=\"widget\" data-widget_type=\"text-editor.default\">\n\t\t\t\t<div class=\"elementor-widget-container\">\n\t\t\t\t\t\t\t\t\t<p>A Husyca estem compromesos amb els nostres clients per a la raparaci\u00f3 o substituci\u00f3 de qualsevol component del grup d&#8217;injecci\u00f3 o extrusi\u00f3 al m\u00e9s aviat possible. Per aix\u00f2, estem a disposici\u00f3 de qualsevol client les 24 hores del dia perqu\u00e8 puguin contactar amb nosaltres a trav\u00e9s del nostre tel\u00e8fon, Whatsapp o correu electr\u00f2nic. Disposem d\u00b4un equip altament qualificat per al desmuntatge i la realitzaci\u00f3 d\u00b4aquests treballs.<\/p>\n\t\t\t\t\t\t\t\t<\/div>\n\t\t\t\t<\/div>\n\t\t\t\t\t<\/div>\n\t\t<\/div>\n\t\t\t\t\t<\/div>\n\t\t<\/section>\n\t\t\t\t<\/div>\n\t\t","protected":false},"excerpt":{"rendered":"<p>A Husyca estem compromesos amb els nostres clients per a la raparaci\u00f3 o substituci\u00f3 de qualsevol component del grup d&#8217;injecci\u00f3 o extrusi\u00f3 al m\u00e9s aviat possible. Per aix\u00f2, estem a disposici\u00f3 de qualsevol client les 24 hores del dia perqu\u00e8 puguin contactar amb nosaltres a trav\u00e9s del nostre tel\u00e8fon, Whatsapp o correu electr\u00f2nic. Disposem d\u00b4un [&hellip;]<\/p>\n","protected":false},"author":1,"featured_media":0,"parent":0,"menu_order":0,"comment_status":"closed","ping_status":"closed","template":"elementor_header_footer","meta":{"_joinchat":[],"footnotes":""},"class_list":["post-1112","page","type-page","status-publish","hentry"],"yoast_head":"<!-- This site is optimized with the Yoast SEO plugin v24.3 - https:\/\/yoast.com\/wordpress\/plugins\/seo\/ -->\n<title>SERVEI URGENT DE REPARACI\u00d3 - Husyca S.A. Husillos y camaras en Barcelona<\/title>\n<meta name=\"robots\" content=\"index, follow, max-snippet:-1, max-image-preview:large, max-video-preview:-1\" \/>\n<link rel=\"canonical\" href=\"https:\/\/www.husyca.com\/ca\/servei-urgent-de-reparacio\/\" \/>\n<meta property=\"og:locale\" content=\"ca_ES\" \/>\n<meta property=\"og:type\" content=\"article\" \/>\n<meta property=\"og:title\" content=\"SERVEI URGENT DE REPARACI\u00d3 - Husyca S.A. Husillos y camaras en Barcelona\" \/>\n<meta property=\"og:description\" content=\"A Husyca estem compromesos amb els nostres clients per a la raparaci\u00f3 o substituci\u00f3 de qualsevol component del grup d&#8217;injecci\u00f3 o extrusi\u00f3 al m\u00e9s aviat possible. Per aix\u00f2, estem a disposici\u00f3 de qualsevol client les 24 hores del dia perqu\u00e8 puguin contactar amb nosaltres a trav\u00e9s del nostre tel\u00e8fon, Whatsapp o correu electr\u00f2nic. Disposem d\u00b4un [&hellip;]\" \/>\n<meta property=\"og:url\" content=\"https:\/\/www.husyca.com\/ca\/servei-urgent-de-reparacio\/\" \/>\n<meta property=\"og:site_name\" content=\"Husyca S.A. Husillos y camaras en Barcelona\" \/>\n<meta property=\"article:publisher\" content=\"https:\/\/www.facebook.com\/profile.php?id=100088596826097\" \/>\n<meta property=\"article:modified_time\" content=\"2023-03-30T08:36:55+00:00\" \/>\n<meta name=\"twitter:card\" content=\"summary_large_image\" \/>\n<script type=\"application\/ld+json\" class=\"yoast-schema-graph\">{\"@context\":\"https:\/\/schema.org\",\"@graph\":[{\"@type\":\"WebPage\",\"@id\":\"https:\/\/www.husyca.com\/ca\/servei-urgent-de-reparacio\/\",\"url\":\"https:\/\/www.husyca.com\/ca\/servei-urgent-de-reparacio\/\",\"name\":\"SERVEI URGENT DE REPARACI\u00d3 - Husyca S.A. Husillos y camaras en Barcelona\",\"isPartOf\":{\"@id\":\"https:\/\/www.husyca.com\/#website\"},\"datePublished\":\"2022-12-09T09:45:34+00:00\",\"dateModified\":\"2023-03-30T08:36:55+00:00\",\"breadcrumb\":{\"@id\":\"https:\/\/www.husyca.com\/ca\/servei-urgent-de-reparacio\/#breadcrumb\"},\"inLanguage\":\"ca\",\"potentialAction\":[{\"@type\":\"ReadAction\",\"target\":[\"https:\/\/www.husyca.com\/ca\/servei-urgent-de-reparacio\/\"]}]},{\"@type\":\"BreadcrumbList\",\"@id\":\"https:\/\/www.husyca.com\/ca\/servei-urgent-de-reparacio\/#breadcrumb\",\"itemListElement\":[{\"@type\":\"ListItem\",\"position\":1,\"name\":\"Portada\",\"item\":\"https:\/\/www.husyca.com\/ca\/home\/\"},{\"@type\":\"ListItem\",\"position\":2,\"name\":\"SERVEI URGENT DE REPARACI\u00d3\"}]},{\"@type\":\"WebSite\",\"@id\":\"https:\/\/www.husyca.com\/#website\",\"url\":\"https:\/\/www.husyca.com\/\",\"name\":\"Husyca S.A. Husillos y camaras en Barcelona\",\"description\":\"Mecanizado, reparaci\u00f3n y fabricaci\u00f3n de husillos y cilindros de plastificaci\u00f3n, nitrurados, bimetalicos, inyecci\u00f3n, cluatas, portaboquillas, aceros y tratamientos, Aceros de Nitruraci\u00f3n, de temple o inoxidables, C\u00e1maras de Extrusi\u00f3n, monohusillos, Tratamientos superficiales diversos: Cromo duro, SSA, TIN, Niquel qu\u00edmico, C\u00e1maras de extrusi\u00f3n doble husillo paralelas\",\"potentialAction\":[{\"@type\":\"SearchAction\",\"target\":{\"@type\":\"EntryPoint\",\"urlTemplate\":\"https:\/\/www.husyca.com\/?s={search_term_string}\"},\"query-input\":{\"@type\":\"PropertyValueSpecification\",\"valueRequired\":true,\"valueName\":\"search_term_string\"}}],\"inLanguage\":\"ca\"}]}<\/script>\n<!-- \/ Yoast SEO plugin. -->","yoast_head_json":{"title":"SERVEI URGENT DE REPARACI\u00d3 - Husyca S.A. Husillos y camaras en Barcelona","robots":{"index":"index","follow":"follow","max-snippet":"max-snippet:-1","max-image-preview":"max-image-preview:large","max-video-preview":"max-video-preview:-1"},"canonical":"https:\/\/www.husyca.com\/ca\/servei-urgent-de-reparacio\/","og_locale":"ca_ES","og_type":"article","og_title":"SERVEI URGENT DE REPARACI\u00d3 - Husyca S.A. Husillos y camaras en Barcelona","og_description":"A Husyca estem compromesos amb els nostres clients per a la raparaci\u00f3 o substituci\u00f3 de qualsevol component del grup d&#8217;injecci\u00f3 o extrusi\u00f3 al m\u00e9s aviat possible. Per aix\u00f2, estem a disposici\u00f3 de qualsevol client les 24 hores del dia perqu\u00e8 puguin contactar amb nosaltres a trav\u00e9s del nostre tel\u00e8fon, Whatsapp o correu electr\u00f2nic. Disposem d\u00b4un [&hellip;]","og_url":"https:\/\/www.husyca.com\/ca\/servei-urgent-de-reparacio\/","og_site_name":"Husyca S.A. Husillos y camaras en Barcelona","article_publisher":"https:\/\/www.facebook.com\/profile.php?id=100088596826097","article_modified_time":"2023-03-30T08:36:55+00:00","twitter_card":"summary_large_image","schema":{"@context":"https:\/\/schema.org","@graph":[{"@type":"WebPage","@id":"https:\/\/www.husyca.com\/ca\/servei-urgent-de-reparacio\/","url":"https:\/\/www.husyca.com\/ca\/servei-urgent-de-reparacio\/","name":"SERVEI URGENT DE REPARACI\u00d3 - Husyca S.A. Husillos y camaras en Barcelona","isPartOf":{"@id":"https:\/\/www.husyca.com\/#website"},"datePublished":"2022-12-09T09:45:34+00:00","dateModified":"2023-03-30T08:36:55+00:00","breadcrumb":{"@id":"https:\/\/www.husyca.com\/ca\/servei-urgent-de-reparacio\/#breadcrumb"},"inLanguage":"ca","potentialAction":[{"@type":"ReadAction","target":["https:\/\/www.husyca.com\/ca\/servei-urgent-de-reparacio\/"]}]},{"@type":"BreadcrumbList","@id":"https:\/\/www.husyca.com\/ca\/servei-urgent-de-reparacio\/#breadcrumb","itemListElement":[{"@type":"ListItem","position":1,"name":"Portada","item":"https:\/\/www.husyca.com\/ca\/home\/"},{"@type":"ListItem","position":2,"name":"SERVEI URGENT DE REPARACI\u00d3"}]},{"@type":"WebSite","@id":"https:\/\/www.husyca.com\/#website","url":"https:\/\/www.husyca.com\/","name":"Husyca S.A. Husillos y camaras en Barcelona","description":"Mecanizado, reparaci\u00f3n y fabricaci\u00f3n de husillos y cilindros de plastificaci\u00f3n, nitrurados, bimetalicos, inyecci\u00f3n, cluatas, portaboquillas, aceros y tratamientos, Aceros de Nitruraci\u00f3n, de temple o inoxidables, C\u00e1maras de Extrusi\u00f3n, monohusillos, Tratamientos superficiales diversos: Cromo duro, SSA, TIN, Niquel qu\u00edmico, C\u00e1maras de extrusi\u00f3n doble husillo paralelas","potentialAction":[{"@type":"SearchAction","target":{"@type":"EntryPoint","urlTemplate":"https:\/\/www.husyca.com\/?s={search_term_string}"},"query-input":{"@type":"PropertyValueSpecification","valueRequired":true,"valueName":"search_term_string"}}],"inLanguage":"ca"}]}},"_links":{"self":[{"href":"https:\/\/www.husyca.com\/ca\/wp-json\/wp\/v2\/pages\/1112","targetHints":{"allow":["GET"]}}],"collection":[{"href":"https:\/\/www.husyca.com\/ca\/wp-json\/wp\/v2\/pages"}],"about":[{"href":"https:\/\/www.husyca.com\/ca\/wp-json\/wp\/v2\/types\/page"}],"author":[{"embeddable":true,"href":"https:\/\/www.husyca.com\/ca\/wp-json\/wp\/v2\/users\/1"}],"replies":[{"embeddable":true,"href":"https:\/\/www.husyca.com\/ca\/wp-json\/wp\/v2\/comments?post=1112"}],"version-history":[{"count":1,"href":"https:\/\/www.husyca.com\/ca\/wp-json\/wp\/v2\/pages\/1112\/revisions"}],"predecessor-version":[{"id":1113,"href":"https:\/\/www.husyca.com\/ca\/wp-json\/wp\/v2\/pages\/1112\/revisions\/1113"}],"wp:attachment":[{"href":"https:\/\/www.husyca.com\/ca\/wp-json\/wp\/v2\/media?parent=1112"}],"curies":[{"name":"wp","href":"https:\/\/api.w.org\/{rel}","templated":true}]}}